{"id":150982,"date":"2026-03-24T11:26:28","date_gmt":"2026-03-24T10:26:28","guid":{"rendered":"https:\/\/onesportmallorca.com\/?post_type=product&#038;p=150982"},"modified":"2026-03-24T11:39:07","modified_gmt":"2026-03-24T10:39:07","slug":"top-nnormal-trail-crop-w-nc2ct1w","status":"publish","type":"product","link":"https:\/\/onesportmallorca.com\/ca\/producto\/top-nnormal-trail-crop-w-nc2ct1w\/","title":{"rendered":"Top Nnormal Trail Crop 02 W (NC2CT1W)"},"content":{"rendered":"<p>Crop top premium para atletas femeninas, que combina estilo y alto rendimiento en un dise\u00f1o sin costuras.<\/p>\n<p>&#8211; Tejido el\u00e1stico, transpirable y de soporte<br \/>\n&#8211; Bolsillo en la parte trasera del cuello para peque\u00f1os objetos<br \/>\n&#8211; Dobladillo el\u00e1stico ajustable<br \/>\n&#8211; Libertad de movimiento<\/p>\n<p>Soporte. Funcionalidad. Listo para moverse.<\/p>\n<p>La fusi\u00f3n definitiva de soporte de alto impacto, funcionalidad para trail y confort optimizado, dise\u00f1ada para mujeres que corren r\u00e1pido y lejos.<\/p>\n<p>&#8211; Bolsillo trasero en el cuello para acceso y almacenamiento f\u00e1ciles.<br \/>\n&#8211; Sistema de ajuste con dobladillo el\u00e1stico que proporciona un ajuste \u00f3ptimo para distintos tipos de cuerpo.<br \/>\n&#8211; Dise\u00f1o ajustado que combina estilo y rendimiento, adapt\u00e1ndose a diversas necesidades.<\/p>\n","protected":false},"excerpt":{"rendered":"<p>Crop top premium para atletas femeninas, que combina estilo y alto rendimiento en un dise\u00f1o sin costuras. &#8211; Tejido el\u00e1stico,<\/p>\n","protected":false},"featured_media":151035,"template":"","meta":[],"product_brand":[7222],"product_cat":[6290,3847],"product_tag":[],"class_list":{"0":"post-150982","1":"product","2":"type-product","3":"status-publish","4":"has-post-thumbnail","6":"product_brand-nnormal","7":"product_cat-nnormal-ca","8":"product_cat-top-ca","10":"first","11":"instock","12":"taxable","13":"shipping-taxable","14":"purchasable","15":"product-type-variable","16":"has-default-attributes","17":"rtwpvg-product"},"supplier_id":null,"supplier_sku":"","barcode":null,"atum_controlled":true,"out_stock_date":null,"out_stock_threshold":null,"inheritable":true,"inbound_stock":null,"stock_on_hold":null,"sold_today":null,"sales_last_days":null,"reserved_stock":null,"customer_returns":null,"warehouse_damage":null,"lost_in_post":null,"other_logs":null,"out_stock_days":null,"lost_sales":null,"has_location":true,"update_date":"2026-03-24T10:39:09","atum_locations":[{"id":6282,"name":"Tienda Onesport","slug":"tienda_onesport"}],"atum_stock_status":"outofstock","restock_status":false,"low_stock_amount":"","sales_update_date":"2025-07-18T06:02:26","calc_backorders":null,"_links":{"self":[{"href":"https:\/\/onesportmallorca.com\/ca\/wp-json\/wp\/v2\/product\/150982","targetHints":{"allow":["GET"]}}],"collection":[{"href":"https:\/\/onesportmallorca.com\/ca\/wp-json\/wp\/v2\/product"}],"about":[{"href":"https:\/\/onesportmallorca.com\/ca\/wp-json\/wp\/v2\/types\/product"}],"wp:featuredmedia":[{"embeddable":true,"href":"https:\/\/onesportmallorca.com\/ca\/wp-json\/wp\/v2\/media\/151035"}],"wp:attachment":[{"href":"https:\/\/onesportmallorca.com\/ca\/wp-json\/wp\/v2\/media?parent=150982"}],"wp:term":[{"taxonomy":"product_brand","embeddable":true,"href":"https:\/\/onesportmallorca.com\/ca\/wp-json\/wp\/v2\/product_brand?post=150982"},{"taxonomy":"product_cat","embeddable":true,"href":"https:\/\/onesportmallorca.com\/ca\/wp-json\/wp\/v2\/product_cat?post=150982"},{"taxonomy":"product_tag","embeddable":true,"href":"https:\/\/onesportmallorca.com\/ca\/wp-json\/wp\/v2\/product_tag?post=150982"}],"curies":[{"name":"wp","href":"https:\/\/api.w.org\/{rel}","templated":true}]}}