{"id":150311,"date":"2026-03-21T10:24:23","date_gmt":"2026-03-21T09:24:23","guid":{"rendered":"https:\/\/onesportmallorca.com\/?post_type=product&#038;p=150311"},"modified":"2026-03-21T11:57:45","modified_gmt":"2026-03-21T10:57:45","slug":"sujetador-joma-deportivo-indoor-gym-901594","status":"publish","type":"product","link":"https:\/\/onesportmallorca.com\/ca\/producto\/sujetador-joma-deportivo-indoor-gym-901594\/","title":{"rendered":"Sujetador Joma Deportivo Indoor Gym (901594)"},"content":{"rendered":"<p>Sujetador deportivo indicado para actividad de medio impacto. Cuenta con banda el\u00e1stica debajo del pecho que brinda una sujeci\u00f3n m\u00e1s firme. Relleno extra\u00edble. Incorpora forro interior en mesh.<\/p>\n<div class=\"col-12 col-lg-4 p-0\">\n<h2>Caracter\u00edsticas<\/h2>\n<ul class=\"features list\">\n<li>Tejido el\u00e1stico<\/li>\n<li>Copa moldeada extra\u00edble<\/li>\n<li>Sujeci\u00f3n del pecho adecuada<\/li>\n<li>Medio impacto<\/li>\n<li>Tipo de ajuste: ajustado<\/li>\n<li>77% Poli\u00e9ster, 23% Spandex<\/li>\n<\/ul>\n<\/div>\n","protected":false},"excerpt":{"rendered":"<p>Sujetador deportivo indicado para actividad de medio impacto. Cuenta con banda el\u00e1stica debajo del pecho que brinda una sujeci\u00f3n m\u00e1s<\/p>\n","protected":false},"featured_media":150383,"template":"","meta":[],"product_brand":[7223],"product_cat":[6383,6908],"product_tag":[],"class_list":{"0":"post-150311","1":"product","2":"type-product","3":"status-publish","4":"has-post-thumbnail","6":"product_brand-joma","7":"product_cat-joma-ca","8":"product_cat-sujetadores-ca","10":"first","11":"instock","12":"taxable","13":"shipping-taxable","14":"purchasable","15":"product-type-variable","16":"has-default-attributes","17":"rtwpvg-product"},"supplier_id":null,"supplier_sku":"","barcode":null,"atum_controlled":true,"out_stock_date":null,"out_stock_threshold":null,"inheritable":true,"inbound_stock":null,"stock_on_hold":0,"sold_today":1,"sales_last_days":2,"reserved_stock":null,"customer_returns":null,"warehouse_damage":null,"lost_in_post":null,"other_logs":null,"out_stock_days":null,"lost_sales":0,"has_location":true,"update_date":"2026-04-07T11:32:29","atum_locations":[{"id":6282,"name":"Tienda Onesport","slug":"tienda_onesport"}],"atum_stock_status":"outofstock","restock_status":false,"low_stock_amount":"","sales_update_date":"2025-06-30T14:17:19","calc_backorders":null,"_links":{"self":[{"href":"https:\/\/onesportmallorca.com\/ca\/wp-json\/wp\/v2\/product\/150311","targetHints":{"allow":["GET"]}}],"collection":[{"href":"https:\/\/onesportmallorca.com\/ca\/wp-json\/wp\/v2\/product"}],"about":[{"href":"https:\/\/onesportmallorca.com\/ca\/wp-json\/wp\/v2\/types\/product"}],"wp:featuredmedia":[{"embeddable":true,"href":"https:\/\/onesportmallorca.com\/ca\/wp-json\/wp\/v2\/media\/150383"}],"wp:attachment":[{"href":"https:\/\/onesportmallorca.com\/ca\/wp-json\/wp\/v2\/media?parent=150311"}],"wp:term":[{"taxonomy":"product_brand","embeddable":true,"href":"https:\/\/onesportmallorca.com\/ca\/wp-json\/wp\/v2\/product_brand?post=150311"},{"taxonomy":"product_cat","embeddable":true,"href":"https:\/\/onesportmallorca.com\/ca\/wp-json\/wp\/v2\/product_cat?post=150311"},{"taxonomy":"product_tag","embeddable":true,"href":"https:\/\/onesportmallorca.com\/ca\/wp-json\/wp\/v2\/product_tag?post=150311"}],"curies":[{"name":"wp","href":"https:\/\/api.w.org\/{rel}","templated":true}]}}