{"id":150080,"date":"2026-03-18T11:26:46","date_gmt":"2026-03-18T10:26:46","guid":{"rendered":"https:\/\/onesportmallorca.com\/?post_type=product&#038;p=150080"},"modified":"2026-03-18T13:38:24","modified_gmt":"2026-03-18T12:38:24","slug":"botella-maurten-drinkflask-550ml","status":"publish","type":"product","link":"https:\/\/onesportmallorca.com\/ca\/producto\/botella-maurten-drinkflask-550ml\/","title":{"rendered":"Botella Maurten DrinkFlask 550ml"},"content":{"rendered":"<p>\u2022 Volumen: 550 ml \u2014 500 ml para agua m\u00e1s 50 ml para disolver Drink Mix<br \/>\n\u2022 Modo hidrogel: 1x Drink Mix 160 o 1x Drink Mix 320<br \/>\n\u2022 V\u00e1lvula de mordida para un flujo f\u00e1cil y limpio hacia la boca<br \/>\n\u2022 Apertura del cuello de 42 mm<br \/>\n\u2022 Soldaduras 3D de alta resistencia<br \/>\n\u2022 Desarrollado para caber en los bolsillos del pecho de la mayor\u00eda de los chalecos para correr en senderos<br \/>\n\u2022 Libre de BPA y PVC<br \/>\n\u2022 Se puede congelar<br \/>\n\u2022 Deporte: Trail running<\/p>\n<p>Made for Hydrogel.<\/p>\n<p>Desarrollado con 50 ml adicionales de volumen para disolver Drink Mix, Maurten Drinkflask 550 simplifica tu ingesta de hidrogel en sesiones de trail m\u00e1s largas y exigentes. Su construcci\u00f3n suave pero resistente se comprime mientras bebes, amold\u00e1ndose a la forma del cuerpo. Optimizando tanto la libertad de movimiento como la de consumir tus geles, especialmente en terrenos t\u00e9cnicos.<\/p>\n<p><strong>La forma m\u00e1s f\u00e1cil de consumir hidrogel.<\/strong><\/p>\n","protected":false},"excerpt":{"rendered":"<p>\u2022 Volumen: 550 ml \u2014 500 ml para agua m\u00e1s 50 ml para disolver Drink Mix \u2022 Modo hidrogel: 1x<\/p>\n","protected":false},"featured_media":150083,"template":"","meta":[],"product_brand":[7879],"product_cat":[6518,2231],"product_tag":[],"class_list":{"0":"post-150080","1":"product","2":"type-product","3":"status-publish","4":"has-post-thumbnail","6":"product_brand-maurten","7":"product_cat-maurten-ca","8":"product_cat-accessoris-i-equipament","10":"first","11":"outofstock","12":"taxable","13":"shipping-taxable","14":"purchasable","15":"product-type-simple"},"supplier_id":null,"supplier_sku":"","barcode":null,"atum_controlled":true,"out_stock_date":"2026-03-20 12:23:10","out_stock_threshold":null,"inheritable":false,"inbound_stock":null,"stock_on_hold":0,"sold_today":4,"sales_last_days":4,"reserved_stock":null,"customer_returns":null,"warehouse_damage":null,"lost_in_post":null,"other_logs":null,"out_stock_days":0,"lost_sales":0,"has_location":false,"update_date":"2026-03-20T11:23:12","atum_locations":[],"atum_stock_status":"outofstock","restock_status":false,"low_stock_amount":"","sales_update_date":"2026-03-20T11:23:12","calc_backorders":null,"_links":{"self":[{"href":"https:\/\/onesportmallorca.com\/ca\/wp-json\/wp\/v2\/product\/150080","targetHints":{"allow":["GET"]}}],"collection":[{"href":"https:\/\/onesportmallorca.com\/ca\/wp-json\/wp\/v2\/product"}],"about":[{"href":"https:\/\/onesportmallorca.com\/ca\/wp-json\/wp\/v2\/types\/product"}],"wp:featuredmedia":[{"embeddable":true,"href":"https:\/\/onesportmallorca.com\/ca\/wp-json\/wp\/v2\/media\/150083"}],"wp:attachment":[{"href":"https:\/\/onesportmallorca.com\/ca\/wp-json\/wp\/v2\/media?parent=150080"}],"wp:term":[{"taxonomy":"product_brand","embeddable":true,"href":"https:\/\/onesportmallorca.com\/ca\/wp-json\/wp\/v2\/product_brand?post=150080"},{"taxonomy":"product_cat","embeddable":true,"href":"https:\/\/onesportmallorca.com\/ca\/wp-json\/wp\/v2\/product_cat?post=150080"},{"taxonomy":"product_tag","embeddable":true,"href":"https:\/\/onesportmallorca.com\/ca\/wp-json\/wp\/v2\/product_tag?post=150080"}],"curies":[{"name":"wp","href":"https:\/\/api.w.org\/{rel}","templated":true}]}}