{"id":149090,"date":"2026-03-13T13:42:01","date_gmt":"2026-03-13T12:42:01","guid":{"rendered":"https:\/\/onesportmallorca.com\/?post_type=product&#038;p=149090"},"modified":"2026-03-13T13:59:01","modified_gmt":"2026-03-13T12:59:01","slug":"zapatilla-hoka-w-clifton-10-lilac-cream-tangerine-glow-1162031-lrmt","status":"publish","type":"product","link":"https:\/\/onesportmallorca.com\/ca\/producto\/zapatilla-hoka-w-clifton-10-lilac-cream-tangerine-glow-1162031-lrmt\/","title":{"rendered":"Zapatilla Hoka W Clifton 10 Lilac Cream \/ Tangerine Glow (1162031 LRMT)"},"content":{"rendered":"<h2 class=\"description__title\">The Rundown<\/h2>\n<div id=\"description-info\" class=\"description__info\">\n<div class=\"content\">\n<div class=\"short-description__full\">\n<p><strong>Ligeras y acolchadas para largas distancias diarias.<\/strong><\/p>\n<p>Las Clifton, con 10\u00a0a\u00f1os de experiencia a sus espaldas, son la piedra angular de nuestros modelos con amortiguaci\u00f3n, ya que ofrecen el rendimiento que esperas de unas zapatillas de running para tus carreras diarias. Incorporan una diferencia de altura entre el tal\u00f3n y la puntera de 3\u00a0mm adicionales, y se ha a\u00f1adido amortiguaci\u00f3n en el tal\u00f3n para ofrecer una experiencia bajo los pies totalmente revitalizadora y m\u00e1s suavidad en cada paso. Las Clifton son ahora m\u00e1s c\u00f3modas que nunca, pero siguen manteniendo la amortiguaci\u00f3n ultraligera que las ha hecho famosas. Hemos mejorado el ajuste y a\u00f1adido un empeine con tejido jacquard transpirable con doble cierre de cordones para que la leng\u00fceta no se mueva.<\/p>\n<p class=\"description__product-id\">N.\u00ba de art\u00edculo\u00a0<span class=\"product-id\">1162031<\/span><\/p>\n<\/div>\n<\/div>\n<div id=\"description-info-more-content\" class=\"product-description-view-more\">\n<div class=\"description-techspecs description-techspecs--bestfor\">\n<div class=\"description-techspecs__title title\">Uso<\/div>\n<div class=\"description-techspecs__items collapsible-recommendations\">\n<div class=\"description-techspecs__item\">Carretera<\/div>\n<div class=\"description-techspecs__item\">Caminar<\/div>\n<\/div>\n<\/div>\n<div class=\"description-techspecs description-techspecs--features \">\n<div class=\"description-techspecs__title\">Caracter\u00edsticas:<\/div>\n<div class=\"description-techspecs__items\">\n<ul class=\"features-container\">\n<li class=\"feature-item\">Tejido de punto jacquard<\/li>\n<li class=\"feature-item\">Detalles de empeine reflectantes<\/li>\n<li class=\"feature-item\">MetaRocker\u2122 suave<\/li>\n<li class=\"feature-item\">Estructura Active\u00a0Foot\u00a0Frame\u2122 centrada en la parte trasera del pie<\/li>\n<li class=\"feature-item\">Entresuela de CMEVA<\/li>\n<\/ul>\n<ul class=\"features-container features-extended collapse show\">\n<li class=\"feature-item\">Plantilla de EVA moldeada<\/li>\n<li class=\"feature-item\">Goma de alta resistencia a la abrasi\u00f3n<\/li>\n<\/ul>\n<\/div>\n<\/div>\n<div class=\"description-whatsnew\">\n<p><strong>NOVEDADES<\/strong><\/p>\n<p>Hemos escuchado vuestras sugerencias y hemos redise\u00f1ado su tal\u00f3n, as\u00ed como el ajuste en el antepi\u00e9. Hemos apostado por una geometr\u00eda de la entresuela optimizada para ofrecer una pisada m\u00e1s estable. Finalmente, hemos introducido un doble cierre con cordones para que calzarse y descalzarse sea m\u00e1s f\u00e1cil que nunca.<\/p>\n<\/div>\n<\/div>\n<\/div>\n","protected":false},"excerpt":{"rendered":"<p>The Rundown Ligeras y acolchadas para largas distancias diarias. Las Clifton, con 10\u00a0a\u00f1os de experiencia a sus espaldas, son la<\/p>\n","protected":false},"featured_media":148948,"template":"","meta":[],"product_brand":[7224],"product_cat":[6395,2239],"product_tag":[],"class_list":{"0":"post-149090","1":"product","2":"type-product","3":"status-publish","4":"has-post-thumbnail","6":"product_brand-hoka","7":"product_cat-hoka-ca","8":"product_cat-calcat","10":"first","11":"instock","12":"taxable","13":"shipping-taxable","14":"purchasable","15":"product-type-variable","16":"has-default-attributes","17":"rtwpvg-product"},"supplier_id":null,"supplier_sku":"","barcode":null,"atum_controlled":true,"out_stock_date":null,"out_stock_threshold":null,"inheritable":true,"inbound_stock":null,"stock_on_hold":0,"sold_today":1,"sales_last_days":1,"reserved_stock":null,"customer_returns":null,"warehouse_damage":null,"lost_in_post":null,"other_logs":null,"out_stock_days":null,"lost_sales":0,"has_location":false,"update_date":"2026-03-16T15:15:06","atum_locations":[],"atum_stock_status":"outofstock","restock_status":false,"low_stock_amount":"","sales_update_date":"2025-09-28T14:46:36","calc_backorders":null,"_links":{"self":[{"href":"https:\/\/onesportmallorca.com\/ca\/wp-json\/wp\/v2\/product\/149090","targetHints":{"allow":["GET"]}}],"collection":[{"href":"https:\/\/onesportmallorca.com\/ca\/wp-json\/wp\/v2\/product"}],"about":[{"href":"https:\/\/onesportmallorca.com\/ca\/wp-json\/wp\/v2\/types\/product"}],"wp:featuredmedia":[{"embeddable":true,"href":"https:\/\/onesportmallorca.com\/ca\/wp-json\/wp\/v2\/media\/148948"}],"wp:attachment":[{"href":"https:\/\/onesportmallorca.com\/ca\/wp-json\/wp\/v2\/media?parent=149090"}],"wp:term":[{"taxonomy":"product_brand","embeddable":true,"href":"https:\/\/onesportmallorca.com\/ca\/wp-json\/wp\/v2\/product_brand?post=149090"},{"taxonomy":"product_cat","embeddable":true,"href":"https:\/\/onesportmallorca.com\/ca\/wp-json\/wp\/v2\/product_cat?post=149090"},{"taxonomy":"product_tag","embeddable":true,"href":"https:\/\/onesportmallorca.com\/ca\/wp-json\/wp\/v2\/product_tag?post=149090"}],"curies":[{"name":"wp","href":"https:\/\/api.w.org\/{rel}","templated":true}]}}