{"id":148855,"date":"2026-03-13T12:30:17","date_gmt":"2026-03-13T11:30:17","guid":{"rendered":"https:\/\/onesportmallorca.com\/?post_type=product&#038;p=148855"},"modified":"2026-03-13T13:08:32","modified_gmt":"2026-03-13T12:08:32","slug":"zapatilla-hoka-bondi-9-cobalt-blue-ultramarine-1162011-cbll","status":"publish","type":"product","link":"https:\/\/onesportmallorca.com\/ca\/producto\/zapatilla-hoka-bondi-9-cobalt-blue-ultramarine-1162011-cbll\/","title":{"rendered":"Zapatilla Hoka Bondi 9 Cobalt Blue \/ Ultramarine (1162011 CBLL)"},"content":{"rendered":"<h2 class=\"description__title\">The Rundown<\/h2>\n<div id=\"description-info\" class=\"description__info\">\n<div class=\"content\">\n<div class=\"short-description__full\">\n<p><strong>Listas para cambiar las reglas del juego con ultraamortiguaci\u00f3n.<\/strong><\/p>\n<p>Las Bondi\u00a09 no solo son unas de las zapatillas m\u00e1s eficientes de la gama HOKA, sino que tambi\u00e9n ofrecen el m\u00e1ximo acolchado para tus entrenamientos diarios. Las hemos renovado por completo con actualizaciones como el aumento de la altura o una nueva entresuela de espuma de primera calidad para lograr esa pisada suave, as\u00ed como resistente que caracteriza a las Bondi. Este modelo aumentado con ultraamortiguaci\u00f3n cuenta ahora tambi\u00e9n con un cuello moldeado en 3D, as\u00ed como con un empeine de punto estructurado con transpirabilidad zonal, y lo hemos rematado con Durabrasion Rubber para combatir el desgaste en puntos clave.<\/p>\n<p class=\"description__product-id\">N.\u00ba de art\u00edculo\u00a0<span class=\"product-id\">1162011<\/span><\/p>\n<\/div>\n<\/div>\n<\/div>\n<div id=\"description-info\" class=\"description__info\">\n<div class=\"model-info-secondary mb-1\"><\/div>\n<div id=\"description-info-more-content\" class=\"product-description-view-more\">\n<div class=\"description-techspecs description-techspecs--bestfor\">\n<div class=\"description-techspecs__title title\">\n<div class=\"description-techspecs description-techspecs--bestfor\"><\/div>\n<div class=\"description-whatsnew\">\n<div class=\"description-techspecs description-techspecs--bestfor\">\n<div class=\"description-techspecs__title title\">Uso<\/div>\n<div class=\"description-techspecs__items collapsible-recommendations\">\n<div class=\"description-techspecs__item\">Carretera<\/div>\n<div class=\"description-techspecs__item\">Caminar<\/div>\n<\/div>\n<\/div>\n<div class=\"description-techspecs description-techspecs--features \">\n<div><\/div>\n<div><\/div>\n<div class=\"description-techspecs__title\">Caracter\u00edsticas:<\/div>\n<div class=\"description-techspecs__items\">\n<ul class=\"features-container\">\n<li class=\"feature-item\">Cuello moldeado en 3D<\/li>\n<li class=\"feature-item\">Espuma EVA supercr\u00edtica<\/li>\n<li class=\"feature-item\">Malla dise\u00f1ada con un 55\u00a0% de fibras de poli\u00e9ster reciclado<\/li>\n<li class=\"feature-item\">Detalles de empeine reflectantes<\/li>\n<li class=\"feature-item\">Trabilla del tal\u00f3n extendida<\/li>\n<li class=\"feature-item\">MetaRocker\u2122 suave<\/li>\n<li class=\"feature-item\">Estructura Active Foot Frame\u2122 centrada en la parte trasera del pie<\/li>\n<li class=\"feature-item\">Plantilla de EVA moldeada<\/li>\n<li class=\"feature-item\">Suela de caucho Durabrasion Rubber\u2122<\/li>\n<li class=\"feature-item\">Veganas<\/li>\n<\/ul>\n<p><strong>NOVEDADES<\/strong><\/p>\n<\/div>\n<\/div>\n<div class=\"description-whatsnew\">\n<p>Hemos actualizado la amortiguaci\u00f3n en la planta del pie con espuma supercr\u00edtica; tambi\u00e9n hemos a\u00f1adido 2\u00a0mm de altura, reequipado el cuello e incluido un empeine de punto para acomodar el ajuste.<\/p>\n<\/div>\n<\/div>\n<\/div>\n<\/div>\n<\/div>\n<\/div>\n","protected":false},"excerpt":{"rendered":"<p>The Rundown Listas para cambiar las reglas del juego con ultraamortiguaci\u00f3n. Las Bondi\u00a09 no solo son unas de las zapatillas<\/p>\n","protected":false},"featured_media":148900,"template":"","meta":[],"product_brand":[7224],"product_cat":[6395,2239],"product_tag":[],"class_list":{"0":"post-148855","1":"product","2":"type-product","3":"status-publish","4":"has-post-thumbnail","6":"product_brand-hoka","7":"product_cat-hoka-ca","8":"product_cat-calcat","10":"first","11":"instock","12":"taxable","13":"shipping-taxable","14":"purchasable","15":"product-type-variable","16":"has-default-attributes","17":"rtwpvg-product"},"supplier_id":null,"supplier_sku":"","barcode":null,"atum_controlled":true,"out_stock_date":null,"out_stock_threshold":null,"inheritable":true,"inbound_stock":null,"stock_on_hold":0,"sold_today":1,"sales_last_days":1,"reserved_stock":null,"customer_returns":null,"warehouse_damage":null,"lost_in_post":null,"other_logs":null,"out_stock_days":null,"lost_sales":0,"has_location":true,"update_date":"2026-03-19T12:10:03","atum_locations":[{"id":6282,"name":"Tienda Onesport","slug":"tienda_onesport"}],"atum_stock_status":"outofstock","restock_status":false,"low_stock_amount":"","sales_update_date":"2025-06-05T09:22:21","calc_backorders":null,"_links":{"self":[{"href":"https:\/\/onesportmallorca.com\/ca\/wp-json\/wp\/v2\/product\/148855","targetHints":{"allow":["GET"]}}],"collection":[{"href":"https:\/\/onesportmallorca.com\/ca\/wp-json\/wp\/v2\/product"}],"about":[{"href":"https:\/\/onesportmallorca.com\/ca\/wp-json\/wp\/v2\/types\/product"}],"wp:featuredmedia":[{"embeddable":true,"href":"https:\/\/onesportmallorca.com\/ca\/wp-json\/wp\/v2\/media\/148900"}],"wp:attachment":[{"href":"https:\/\/onesportmallorca.com\/ca\/wp-json\/wp\/v2\/media?parent=148855"}],"wp:term":[{"taxonomy":"product_brand","embeddable":true,"href":"https:\/\/onesportmallorca.com\/ca\/wp-json\/wp\/v2\/product_brand?post=148855"},{"taxonomy":"product_cat","embeddable":true,"href":"https:\/\/onesportmallorca.com\/ca\/wp-json\/wp\/v2\/product_cat?post=148855"},{"taxonomy":"product_tag","embeddable":true,"href":"https:\/\/onesportmallorca.com\/ca\/wp-json\/wp\/v2\/product_tag?post=148855"}],"curies":[{"name":"wp","href":"https:\/\/api.w.org\/{rel}","templated":true}]}}