{"id":148522,"date":"2026-03-12T17:41:34","date_gmt":"2026-03-12T16:41:34","guid":{"rendered":"https:\/\/onesportmallorca.com\/?post_type=product&#038;p=148522"},"modified":"2026-03-16T09:47:46","modified_gmt":"2026-03-16T08:47:46","slug":"pantalon-adidas-terrex-corto-xpr-clima365","status":"publish","type":"product","link":"https:\/\/onesportmallorca.com\/ca\/producto\/pantalon-adidas-terrex-corto-xpr-clima365\/","title":{"rendered":"Pantal\u00f3n Adidas TERREX Corto XPR CLIMA365"},"content":{"rendered":"<div id=\"shopify-section-template--27655211876616__main\" class=\"shopify-section section-product-template\">\n<div data-section-id=\"template--27655211876616__main\" data-section-type=\"product\" data-enable-history-state=\"true\" data-components=\"accordion,custom-select\">\n<div class=\"container row\">\n<div class=\"reading-width reading-width--no-mobile-padding\">\n<div class=\"large-row large-row-under \">\n<div id=\"tab1\" class=\"rte rte--expanded-images clearfix row tab-content tab-content--active\">\n<div class=\"product-single\">\n<div class=\"grid product-single__hero\">\n<div class=\"grid__item large--one-half\">\n<div class=\"product-description rte\">\n<div class=\"text-content___13aRm\">\n<div class=\"text-content___13aRm\">\n<p>El pantal\u00f3n corto adidas Terrex Xpr Clima 365 es una prenda dise\u00f1ada para hombres que buscan comodidad y funcionalidad en sus actividades al aire libre.<\/p>\n<p>Este pantal\u00f3n corto combina un corte cl\u00e1sico con un tejido de punto liso, resistente y ligero, que ofrece una gran durabilidad y libertad de movimiento. La cintura totalmente el\u00e1stica garantiza un ajuste seguro y c\u00f3modo, mientras que el sistema de sujeci\u00f3n con bolsillos para gel y presillas para bastones facilita el transporte de objetos esenciales durante la aventura.<\/p>\n<p>Gracias a la tecnolog\u00eda CLIMA365, el pantal\u00f3n proporciona protecci\u00f3n hidr\u00f3fuga frente a lluvias ligeras, manteniendo la piel seca y confortable. Su dobladillo perfilado con aberturas mejora la movilidad, permitiendo adaptarse a terrenos variados y exigentes. Fabricado con materiales 100% poli\u00e9ster reciclado, este pantal\u00f3n corto refleja el compromiso de adidas con la sostenibilidad sin sacrificar el rendimiento.<\/p>\n<h6>CARACTER\u00cdSTICAS PANTAL\u00d3N CORTO ADIDAS TERREX XPR CLIMA365<\/h6>\n<\/div>\n<\/div>\n<ul>\n<li>Corte cl\u00e1sico para mayor comodidad<\/li>\n<li>Cintura totalmente el\u00e1stica<\/li>\n<li>Material: 100% poli\u00e9ster reciclado<\/li>\n<li>Tejido hidr\u00f3fugo que repele la humedad<\/li>\n<li>Bolsillos en la cintura de malla<\/li>\n<li>Presillas para bastones traseros<\/li>\n<li>Tecnolog\u00eda CLIMA365 para protecci\u00f3n clim\u00e1tica<\/li>\n<li>Dobladillo perfilado con aberturas para mejor movilidad<\/li>\n<\/ul>\n<h6 class=\"gl-no-margin-bottom\">INSTRUCCIONES DE LAVADO<\/h6>\n<ul class=\"gl-list--s\">\n<li class=\"gl-vspace-bpall-small\">No usar lej\u00eda<\/li>\n<li class=\"gl-vspace-bpall-small\">No lavar en seco<\/li>\n<li class=\"gl-vspace-bpall-small\">Lavar a m\u00e1quina en temperatura alta<\/li>\n<li class=\"gl-vspace-bpall-small\">No usar secadora<\/li>\n<li>No planchar<\/li>\n<\/ul>\n<section class=\"content-item___1H95n content-visibility-auto full-width-never___3cg9Q overflow___jMM_g visible___2mOxe\">\n<div id=\"navigation-target-care\">\n<div class=\"care___1uC8v\">\n<div class=\"extra-instructions___3s3e1\">\n<h6 class=\"gl-no-margin-bottom\">INFORMACI\u00d3N ADICIONAL SOBRE EL CUIDADO<\/h6>\n<ul>\n<li>Retirar inmediatamente despu\u00e9s del lavado<\/li>\n<li>Usar detergentes suaves<\/li>\n<li>Lavar con las cremalleras cerradas<\/li>\n<li>No secar con la luz directa del sol<\/li>\n<li>Lavar las prendas junto a otras de colores similares<\/li>\n<\/ul>\n<\/div>\n<\/div>\n<\/div>\n<\/section>\n<\/div>\n<\/div>\n<\/div>\n<\/div>\n<\/div>\n<\/div>\n<\/div>\n<\/div>\n<div class=\"size-chart-container container js-size-chart-container\">\n<p>&nbsp;<\/p>\n<div class=\"size-chart-content large-section\">\n<h2 class=\"reading-width large-row\">Gu\u00eda de tallas &#8211; Adidas hombre parte inferior<\/h2>\n<div class=\"reading-width rte\">\n<div>\n<div class=\"rte__table-wrapper\">\n<table>\n<tbody>\n<tr>\n<th>CMS<\/th>\n<th>XS<\/th>\n<th>S<\/th>\n<th>M<\/th>\n<th>L<\/th>\n<th>XL<\/th>\n<th>2XL<\/th>\n<\/tr>\n<tr>\n<td>Cintura<\/td>\n<td>71-74<\/td>\n<td>75-80<\/td>\n<td>81-88<\/td>\n<td>89-96<\/td>\n<td>97-106<\/td>\n<td>107-119<\/td>\n<\/tr>\n<tr>\n<td>Cadera<\/td>\n<td>82-85<\/td>\n<td>86-91<\/td>\n<td>92-99<\/td>\n<td>100-107<\/td>\n<td>108-116<\/td>\n<td>117-125<\/td>\n<\/tr>\n<tr>\n<td>Tiro de la entrepierna<\/td>\n<td>81<\/td>\n<td>81,5<\/td>\n<td>82<\/td>\n<td>82,5<\/td>\n<td>83<\/td>\n<td>82,5<\/td>\n<\/tr>\n<\/tbody>\n<\/table>\n<\/div>\n<\/div>\n<p>&nbsp;<\/p>\n<p><strong>C\u00f3mo medir<\/strong><\/p>\n<p>M\u00eddete con una cinta m\u00e9trica, anota tus medidas y comp\u00e1ralas con la tabla de nuestra gu\u00eda de tallas para elegir la talla adecuada.<strong><br \/>\n<\/strong><\/p>\n<p><img decoding=\"async\" src=\"https:\/\/brand.assets.adidas.com\/image\/upload\/Male_Image_tcm221_856197_c01a591caa.png\" \/><\/p>\n<p>Sujeta la cinta en horizontal para tomar estas medidas:<\/p>\n<p>1. El pecho se mide rodeando la parte con m\u00e1s volumen<\/p>\n<p>2. La cintura se mide rodeando la parte m\u00e1s estrecha<\/p>\n<p>3. La cadera se mide rodeando la parte m\u00e1s ancha con los pies juntos<\/p>\n<p>Sujeta la cinta en vertical para tomar estas medidas:<\/p>\n<p>4. El tiro se mide de la entrepierna al suelo<\/p>\n<p>5. La altura se mide de la coronilla al suelo manteni\u00e9ndote en pie con la espalda recta<\/p>\n<\/div>\n<\/div>\n<\/div>\n<\/div>\n<\/div>\n<section id=\"shopify-section-template--27655211876616__175033370597788e43\" class=\"shopify-section\">\n<div class=\"container large-section\">\n<div class=\"page-width\">\n<div id=\"shopify-block-Aemp4UzFhQVFMN2Vab__judge_me_reviews_review_widget_RDBtiw\" class=\"shopify-block shopify-app-block\">\n<div><\/div>\n<div id=\"judgeme_product_reviews\" class=\"jdgm-widget jdgm-review-widget jdgm--done-setup-widget\" data-product-title=\"PANTAL\u00d3N CORTO ADIDAS TERREX XPR CLIMA365 - Tent Green\" data-id=\"10792412053768\" data-product-id=\"10792412053768\" data-widget=\"review\" data-shop-reviews=\"false\" data-shop-reviews-count=\"0\" data-empty-state=\"empty_widget\" data-entry-point=\"review_widget.js\" data-entry-key=\"review-widget\/main.js\" data-block-id=\"Aemp4UzFhQVFMN2Vab__judge_me_reviews_review_widget_RDBtiw\" data-customer-logged-in=\"false\" data-widget-name=\"review_widget\" data-impressions-tracked=\"true\" data-views-tracked=\"true\">\n<div class=\"jdgm-legacy-widget-content\">\n<div class=\"jdgm-rev-widg\" data-updated-at=\"2026-03-11T07:58:15Z\" data-average-rating=\"0.00\" data-number-of-reviews=\"0\" data-number-of-questions=\"0\" data-image-url=\"https:\/\/cdn.shopify.com\/s\/files\/1\/0888\/8057\/8824\/files\/PANTALONCORTOADIDASTERREXXPRCLIMA365-TentGreen.jpg?v=1773215567\">\n<div class=\"jdgm-rev-widg__header\"><\/div>\n<\/div>\n<\/div>\n<\/div>\n<\/div>\n<\/div>\n<\/div>\n<\/section>\n","protected":false},"excerpt":{"rendered":"<p>El pantal\u00f3n corto adidas Terrex Xpr Clima 365 es una prenda dise\u00f1ada para hombres que buscan comodidad y funcionalidad en<\/p>\n","protected":false},"featured_media":148599,"template":"","meta":[],"product_brand":[7193],"product_cat":[6404,2684],"product_tag":[],"class_list":{"0":"post-148522","1":"product","2":"type-product","3":"status-publish","4":"has-post-thumbnail","6":"product_brand-adidas","7":"product_cat-adidas-ca","8":"product_cat-pantalon-ca","10":"first","11":"instock","12":"taxable","13":"shipping-taxable","14":"purchasable","15":"product-type-variable","16":"has-default-attributes","17":"rtwpvg-product"},"supplier_id":null,"supplier_sku":"","barcode":null,"atum_controlled":true,"out_stock_date":null,"out_stock_threshold":null,"inheritable":true,"inbound_stock":null,"stock_on_hold":null,"sold_today":null,"sales_last_days":null,"reserved_stock":null,"customer_returns":null,"warehouse_damage":null,"lost_in_post":null,"other_logs":null,"out_stock_days":null,"lost_sales":null,"has_location":false,"update_date":"2026-03-16T08:47:50","atum_locations":[],"atum_stock_status":"instock","restock_status":false,"low_stock_amount":"","sales_update_date":"2025-08-07T01:57:47","calc_backorders":null,"_links":{"self":[{"href":"https:\/\/onesportmallorca.com\/ca\/wp-json\/wp\/v2\/product\/148522","targetHints":{"allow":["GET"]}}],"collection":[{"href":"https:\/\/onesportmallorca.com\/ca\/wp-json\/wp\/v2\/product"}],"about":[{"href":"https:\/\/onesportmallorca.com\/ca\/wp-json\/wp\/v2\/types\/product"}],"wp:featuredmedia":[{"embeddable":true,"href":"https:\/\/onesportmallorca.com\/ca\/wp-json\/wp\/v2\/media\/148599"}],"wp:attachment":[{"href":"https:\/\/onesportmallorca.com\/ca\/wp-json\/wp\/v2\/media?parent=148522"}],"wp:term":[{"taxonomy":"product_brand","embeddable":true,"href":"https:\/\/onesportmallorca.com\/ca\/wp-json\/wp\/v2\/product_brand?post=148522"},{"taxonomy":"product_cat","embeddable":true,"href":"https:\/\/onesportmallorca.com\/ca\/wp-json\/wp\/v2\/product_cat?post=148522"},{"taxonomy":"product_tag","embeddable":true,"href":"https:\/\/onesportmallorca.com\/ca\/wp-json\/wp\/v2\/product_tag?post=148522"}],"curies":[{"name":"wp","href":"https:\/\/api.w.org\/{rel}","templated":true}]}}