{"id":145594,"date":"2026-02-25T10:01:11","date_gmt":"2026-02-25T09:01:11","guid":{"rendered":"https:\/\/onesportmallorca.com\/?post_type=product&#038;p=145594"},"modified":"2026-02-25T13:58:01","modified_gmt":"2026-02-25T12:58:01","slug":"malla-adidas-largas-de-running-climacool-adi365-3-stripes-w","status":"publish","type":"product","link":"https:\/\/onesportmallorca.com\/ca\/producto\/malla-adidas-largas-de-running-climacool-adi365-3-stripes-w\/","title":{"rendered":"Malla Adidas Largas de Running Climacool Adi365 3 Stripes W"},"content":{"rendered":"<h3 class=\"description_subtitle__5h3_L\">Haz que cada carrera cuente<\/h3>\n<p class=\"description_margin__cBW26\">Las mallas largas de running Climacool adi365 3 Stripes te permiten vivir intensamente la emoci\u00f3n del running. La tecnolog\u00eda Climacool combate el sudor para mantener la piel fresca y seca. Los materiales favorecen un control \u00f3ptimo del sudor. Al expulsar m\u00e1s r\u00e1pidamente el sudor, favorece una frescura duradera. Las 3 bandas inclinadas son reflectantes para darte visibilidad cuando m\u00e1s la necesitas. Incluyen un bolsillo trasero con cremallera y bolsillos de f\u00e1cil acceso a ambos lados para tener siempre a manos tus objetos esenciales. La cintura reforzada de talle alto con cord\u00f3n se ajusta con comodidad y precisi\u00f3n. Tanto si disfrutas de carreras r\u00e1pidas por asfalto como si te encanta perderte por nuevos senderos, elige estas mallas adidas de running para disfrutar de cada zancada.<\/p>\n","protected":false},"excerpt":{"rendered":"<p>Haz que cada carrera cuente Las mallas largas de running Climacool adi365 3 Stripes te permiten vivir intensamente la emoci\u00f3n<\/p>\n","protected":false},"featured_media":145627,"template":"","meta":[],"product_brand":[7193],"product_cat":[6404,2257],"product_tag":[],"class_list":{"0":"post-145594","1":"product","2":"type-product","3":"status-publish","4":"has-post-thumbnail","6":"product_brand-adidas","7":"product_cat-adidas-ca","8":"product_cat-malla-ca","10":"first","11":"instock","12":"taxable","13":"shipping-taxable","14":"purchasable","15":"product-type-variable","16":"has-default-attributes","17":"rtwpvg-product"},"supplier_id":null,"supplier_sku":"","barcode":null,"atum_controlled":true,"out_stock_date":null,"out_stock_threshold":null,"inheritable":true,"inbound_stock":null,"stock_on_hold":null,"sold_today":null,"sales_last_days":null,"reserved_stock":null,"customer_returns":null,"warehouse_damage":null,"lost_in_post":null,"other_logs":null,"out_stock_days":null,"lost_sales":null,"has_location":true,"update_date":"2026-02-25T12:58:05","atum_locations":[{"id":6282,"name":"Tienda Onesport","slug":"tienda_onesport"}],"atum_stock_status":"instock","restock_status":false,"low_stock_amount":"","sales_update_date":"2025-12-10T08:21:41","calc_backorders":null,"_links":{"self":[{"href":"https:\/\/onesportmallorca.com\/ca\/wp-json\/wp\/v2\/product\/145594","targetHints":{"allow":["GET"]}}],"collection":[{"href":"https:\/\/onesportmallorca.com\/ca\/wp-json\/wp\/v2\/product"}],"about":[{"href":"https:\/\/onesportmallorca.com\/ca\/wp-json\/wp\/v2\/types\/product"}],"wp:featuredmedia":[{"embeddable":true,"href":"https:\/\/onesportmallorca.com\/ca\/wp-json\/wp\/v2\/media\/145627"}],"wp:attachment":[{"href":"https:\/\/onesportmallorca.com\/ca\/wp-json\/wp\/v2\/media?parent=145594"}],"wp:term":[{"taxonomy":"product_brand","embeddable":true,"href":"https:\/\/onesportmallorca.com\/ca\/wp-json\/wp\/v2\/product_brand?post=145594"},{"taxonomy":"product_cat","embeddable":true,"href":"https:\/\/onesportmallorca.com\/ca\/wp-json\/wp\/v2\/product_cat?post=145594"},{"taxonomy":"product_tag","embeddable":true,"href":"https:\/\/onesportmallorca.com\/ca\/wp-json\/wp\/v2\/product_tag?post=145594"}],"curies":[{"name":"wp","href":"https:\/\/api.w.org\/{rel}","templated":true}]}}