{"id":145524,"date":"2026-02-25T09:22:32","date_gmt":"2026-02-25T08:22:32","guid":{"rendered":"https:\/\/onesportmallorca.com\/?post_type=product&#038;p=145524"},"modified":"2026-02-25T09:47:41","modified_gmt":"2026-02-25T08:47:41","slug":"malla-adidas-largas-de-running-essentials-w","status":"publish","type":"product","link":"https:\/\/onesportmallorca.com\/ca\/producto\/malla-adidas-largas-de-running-essentials-w\/","title":{"rendered":"Malla Adidas Largas de Running Essentials W"},"content":{"rendered":"<h3 class=\"description_subtitle__5h3_L\">Mallas de running con tecnolog\u00eda Climacool para mantener la piel fresca, seca y c\u00f3moda.<\/h3>\n<p class=\"description_margin__cBW26\">Las mallas largas de running Essentials han sido dise\u00f1adas para todo tipo de corredoras, desde principiantes hasta atletas experimentadas. La cintura alta con cord\u00f3n integrado permite un ajuste adaptable que te aporta comodidad y confianza mientras corres. Con bolsillos laterales en los muslos para tener a mano lo esencial sin interrumpir tu zancada. La tecnolog\u00eda integrada del tejido Climacool expulsa y dispersa el sudor, manteniendo la piel fresca y seca para que solo te concentres en rendir. El logotipo Performance reflectante suma un toque de estilo y convierte estas mallas en un b\u00e1sico imprescindible para tu armario de running. Su dise\u00f1o combina sencillez y comodidad para ayudarte a mantener la concentraci\u00f3n, tanto en el sendero como en la cinta. Para adidas, la moda deportiva va m\u00e1s all\u00e1 de la ropa. Se trata de un estilo de vida.<\/p>\n","protected":false},"excerpt":{"rendered":"<p>Mallas de running con tecnolog\u00eda Climacool para mantener la piel fresca, seca y c\u00f3moda. Las mallas largas de running Essentials<\/p>\n","protected":false},"featured_media":145556,"template":"","meta":[],"product_brand":[7193],"product_cat":[6404,2257],"product_tag":[],"class_list":{"0":"post-145524","1":"product","2":"type-product","3":"status-publish","4":"has-post-thumbnail","6":"product_brand-adidas","7":"product_cat-adidas-ca","8":"product_cat-malla-ca","10":"first","11":"instock","12":"taxable","13":"shipping-taxable","14":"purchasable","15":"product-type-variable","16":"has-default-attributes","17":"rtwpvg-product"},"supplier_id":null,"supplier_sku":"","barcode":null,"atum_controlled":true,"out_stock_date":null,"out_stock_threshold":null,"inheritable":true,"inbound_stock":null,"stock_on_hold":0,"sold_today":1,"sales_last_days":1,"reserved_stock":null,"customer_returns":null,"warehouse_damage":null,"lost_in_post":null,"other_logs":null,"out_stock_days":null,"lost_sales":0,"has_location":true,"update_date":"2026-03-07T10:45:07","atum_locations":[{"id":6282,"name":"Tienda Onesport","slug":"tienda_onesport"}],"atum_stock_status":"outofstock","restock_status":false,"low_stock_amount":"","sales_update_date":"2025-12-10T09:21:41","calc_backorders":null,"_links":{"self":[{"href":"https:\/\/onesportmallorca.com\/ca\/wp-json\/wp\/v2\/product\/145524","targetHints":{"allow":["GET"]}}],"collection":[{"href":"https:\/\/onesportmallorca.com\/ca\/wp-json\/wp\/v2\/product"}],"about":[{"href":"https:\/\/onesportmallorca.com\/ca\/wp-json\/wp\/v2\/types\/product"}],"wp:featuredmedia":[{"embeddable":true,"href":"https:\/\/onesportmallorca.com\/ca\/wp-json\/wp\/v2\/media\/145556"}],"wp:attachment":[{"href":"https:\/\/onesportmallorca.com\/ca\/wp-json\/wp\/v2\/media?parent=145524"}],"wp:term":[{"taxonomy":"product_brand","embeddable":true,"href":"https:\/\/onesportmallorca.com\/ca\/wp-json\/wp\/v2\/product_brand?post=145524"},{"taxonomy":"product_cat","embeddable":true,"href":"https:\/\/onesportmallorca.com\/ca\/wp-json\/wp\/v2\/product_cat?post=145524"},{"taxonomy":"product_tag","embeddable":true,"href":"https:\/\/onesportmallorca.com\/ca\/wp-json\/wp\/v2\/product_tag?post=145524"}],"curies":[{"name":"wp","href":"https:\/\/api.w.org\/{rel}","templated":true}]}}