{"id":145451,"date":"2026-02-24T13:47:57","date_gmt":"2026-02-24T12:47:57","guid":{"rendered":"https:\/\/onesportmallorca.com\/?post_type=product&#038;p=145451"},"modified":"2026-02-24T13:59:59","modified_gmt":"2026-02-24T12:59:59","slug":"cinta-salomon-sense-aero-headband-u","status":"publish","type":"product","link":"https:\/\/onesportmallorca.com\/ca\/producto\/cinta-salomon-sense-aero-headband-u\/","title":{"rendered":"Cinta Salomon Sense Aero Headband U"},"content":{"rendered":"<p class=\"s-typo-body4\">Alcanzar tu siguiente objetivo. Ganar segundos extra. Mantener el ritmo. Cuando te empe\u00f1as a fondo, cada pieza de tu equipo cuenta. Por eso la cinta para la cabeza Sense unisex presenta un dise\u00f1o minimalista elaborado con un tejido tan ligero y el\u00e1stico que te olvidar\u00e1s de que la llevas puesta.<\/p>\n<ul class=\"s-typo-body4 s-list-disc s-pl-s\">\n<li>Peso por unidad:\u00a050 G<\/li>\n<li>Actividades:\u00a0Running<\/li>\n<li>Descripci\u00f3n de tipo de producto (prendas y equipos):\u00a0Cinta para la cabeza unisex<\/li>\n<\/ul>\n","protected":false},"excerpt":{"rendered":"<p>Gorra t\u00e9cnica de alto rendimiento, confeccionada en poli\u00e9ster ligero y transpirable, con logo bordado en relieve para un acabado premium.<\/p>\n","protected":false},"featured_media":145462,"template":"","meta":[],"product_brand":[7231],"product_cat":[7748,5852],"product_tag":[],"class_list":{"0":"post-145451","1":"product","2":"type-product","3":"status-publish","4":"has-post-thumbnail","6":"product_brand-salomon","7":"product_cat-salomon-ca","8":"product_cat-complementos-2-ca","10":"first","11":"outofstock","12":"taxable","13":"shipping-taxable","14":"purchasable","15":"product-type-variable","16":"has-default-attributes","17":"rtwpvg-product"},"supplier_id":null,"supplier_sku":"","barcode":null,"atum_controlled":true,"out_stock_date":null,"out_stock_threshold":null,"inheritable":true,"inbound_stock":null,"stock_on_hold":0,"sold_today":1,"sales_last_days":3,"reserved_stock":null,"customer_returns":null,"warehouse_damage":null,"lost_in_post":null,"other_logs":null,"out_stock_days":null,"lost_sales":0,"has_location":true,"update_date":"2026-03-28T11:02:58","atum_locations":[{"id":5967,"name":"Shop Duva","slug":"shop_duva"}],"atum_stock_status":"outofstock","restock_status":false,"low_stock_amount":"","sales_update_date":"2026-01-12T02:25:57","calc_backorders":null,"_links":{"self":[{"href":"https:\/\/onesportmallorca.com\/ca\/wp-json\/wp\/v2\/product\/145451","targetHints":{"allow":["GET"]}}],"collection":[{"href":"https:\/\/onesportmallorca.com\/ca\/wp-json\/wp\/v2\/product"}],"about":[{"href":"https:\/\/onesportmallorca.com\/ca\/wp-json\/wp\/v2\/types\/product"}],"wp:featuredmedia":[{"embeddable":true,"href":"https:\/\/onesportmallorca.com\/ca\/wp-json\/wp\/v2\/media\/145462"}],"wp:attachment":[{"href":"https:\/\/onesportmallorca.com\/ca\/wp-json\/wp\/v2\/media?parent=145451"}],"wp:term":[{"taxonomy":"product_brand","embeddable":true,"href":"https:\/\/onesportmallorca.com\/ca\/wp-json\/wp\/v2\/product_brand?post=145451"},{"taxonomy":"product_cat","embeddable":true,"href":"https:\/\/onesportmallorca.com\/ca\/wp-json\/wp\/v2\/product_cat?post=145451"},{"taxonomy":"product_tag","embeddable":true,"href":"https:\/\/onesportmallorca.com\/ca\/wp-json\/wp\/v2\/product_tag?post=145451"}],"curies":[{"name":"wp","href":"https:\/\/api.w.org\/{rel}","templated":true}]}}