{"id":145393,"date":"2026-02-24T13:11:24","date_gmt":"2026-02-24T12:11:24","guid":{"rendered":"https:\/\/onesportmallorca.com\/?post_type=product&#038;p=145393"},"modified":"2026-02-24T13:33:32","modified_gmt":"2026-02-24T12:33:32","slug":"visera-salomon-shakeout-visor-u","status":"publish","type":"product","link":"https:\/\/onesportmallorca.com\/ca\/producto\/visera-salomon-shakeout-visor-u\/","title":{"rendered":"Visera Salomon Shakeout Visor U"},"content":{"rendered":"<p class=\"s-typo-body4\">Lib\u00e9rate de todo lo que te frena. Lib\u00e9rate de tu rutina. Lib\u00e9rate y prep\u00e1rate para intentarlo. Nuestra visera SHKout transpirable y de secado r\u00e1pido pasa sin esfuerzo de carreras estimulantes a diferentes actividades aer\u00f3bicas. Todo a punto para conectar con la naturaleza y abrazar la alegr\u00eda de estar en movimiento, en cualquier momento del d\u00eda.<\/p>\n<ul class=\"s-typo-body4 s-list-disc s-pl-s\">\n<li>Peso por unidad:\u00a050 G<\/li>\n<li>Actividades:\u00a0Uso diario, Running<\/li>\n<li>Descripci\u00f3n de tipo de producto (prendas y equipos):\u00a0Visera unisex<\/li>\n<\/ul>\n","protected":false},"excerpt":{"rendered":"<p>Gorra t\u00e9cnica de alto rendimiento, confeccionada en poli\u00e9ster ligero y transpirable, con logo bordado en relieve para un acabado premium.<\/p>\n","protected":false},"featured_media":145430,"template":"","meta":[],"product_brand":[7231],"product_cat":[7748,2326],"product_tag":[],"class_list":{"0":"post-145393","1":"product","2":"type-product","3":"status-publish","4":"has-post-thumbnail","6":"product_brand-salomon","7":"product_cat-salomon-ca","8":"product_cat-viseras-y-gorras-ca","10":"first","11":"instock","12":"taxable","13":"shipping-taxable","14":"purchasable","15":"product-type-variable","16":"has-default-attributes","17":"rtwpvg-product"},"supplier_id":null,"supplier_sku":"","barcode":null,"atum_controlled":true,"out_stock_date":null,"out_stock_threshold":null,"inheritable":true,"inbound_stock":null,"stock_on_hold":0,"sold_today":1,"sales_last_days":1,"reserved_stock":null,"customer_returns":null,"warehouse_damage":null,"lost_in_post":null,"other_logs":null,"out_stock_days":null,"lost_sales":0,"has_location":true,"update_date":"2026-03-11T13:03:46","atum_locations":[{"id":5967,"name":"Shop Duva","slug":"shop_duva"}],"atum_stock_status":"outofstock","restock_status":false,"low_stock_amount":"","sales_update_date":"2026-01-12T03:25:57","calc_backorders":null,"_links":{"self":[{"href":"https:\/\/onesportmallorca.com\/ca\/wp-json\/wp\/v2\/product\/145393","targetHints":{"allow":["GET"]}}],"collection":[{"href":"https:\/\/onesportmallorca.com\/ca\/wp-json\/wp\/v2\/product"}],"about":[{"href":"https:\/\/onesportmallorca.com\/ca\/wp-json\/wp\/v2\/types\/product"}],"wp:featuredmedia":[{"embeddable":true,"href":"https:\/\/onesportmallorca.com\/ca\/wp-json\/wp\/v2\/media\/145430"}],"wp:attachment":[{"href":"https:\/\/onesportmallorca.com\/ca\/wp-json\/wp\/v2\/media?parent=145393"}],"wp:term":[{"taxonomy":"product_brand","embeddable":true,"href":"https:\/\/onesportmallorca.com\/ca\/wp-json\/wp\/v2\/product_brand?post=145393"},{"taxonomy":"product_cat","embeddable":true,"href":"https:\/\/onesportmallorca.com\/ca\/wp-json\/wp\/v2\/product_cat?post=145393"},{"taxonomy":"product_tag","embeddable":true,"href":"https:\/\/onesportmallorca.com\/ca\/wp-json\/wp\/v2\/product_tag?post=145393"}],"curies":[{"name":"wp","href":"https:\/\/api.w.org\/{rel}","templated":true}]}}