{"id":145243,"date":"2026-02-24T11:08:03","date_gmt":"2026-02-24T10:08:03","guid":{"rendered":"https:\/\/onesportmallorca.com\/?post_type=product&#038;p=145243"},"modified":"2026-02-24T11:37:06","modified_gmt":"2026-02-24T10:37:06","slug":"gorra-salomon-logo-flat-cap","status":"publish","type":"product","link":"https:\/\/onesportmallorca.com\/ca\/producto\/gorra-salomon-logo-flat-cap\/","title":{"rendered":"Gorra Salomon Logo Flat Cap"},"content":{"rendered":"<p class=\"s-typo-body4\">La gorra Logo Flat de Salomon toma un dise\u00f1o atrevido y le a\u00f1ade un logotipo de Salomon para un aspecto vers\u00e1til que se adapta a tu armario. Su suave algod\u00f3n te aporta las sensaciones perfectas durante todo el d\u00eda.<\/p>\n<ul class=\"s-typo-body4 s-list-disc s-pl-s\">\n<li>Peso por unidad:\u00a074 G<\/li>\n<li>Actividades:\u00a0Uso diario<\/li>\n<li>Descripci\u00f3n de tipo de producto (prendas y equipos):\u00a0Gorra con visera plana unisex<\/li>\n<\/ul>\n","protected":false},"excerpt":{"rendered":"<p>Gorra t\u00e9cnica de alto rendimiento, confeccionada en poli\u00e9ster ligero y transpirable, con logo bordado en relieve para un acabado premium.<\/p>\n","protected":false},"featured_media":145300,"template":"","meta":[],"product_brand":[7231],"product_cat":[7748,2326],"product_tag":[],"class_list":{"0":"post-145243","1":"product","2":"type-product","3":"status-publish","4":"has-post-thumbnail","6":"product_brand-salomon","7":"product_cat-salomon-ca","8":"product_cat-viseras-y-gorras-ca","10":"first","11":"instock","12":"taxable","13":"shipping-taxable","14":"purchasable","15":"product-type-variable","16":"has-default-attributes","17":"rtwpvg-product"},"supplier_id":null,"supplier_sku":"","barcode":null,"atum_controlled":true,"out_stock_date":null,"out_stock_threshold":null,"inheritable":true,"inbound_stock":null,"stock_on_hold":null,"sold_today":null,"sales_last_days":null,"reserved_stock":null,"customer_returns":null,"warehouse_damage":null,"lost_in_post":null,"other_logs":null,"out_stock_days":null,"lost_sales":null,"has_location":true,"update_date":"2026-02-24T10:37:09","atum_locations":[{"id":5967,"name":"Shop Duva","slug":"shop_duva"}],"atum_stock_status":"outofstock","restock_status":false,"low_stock_amount":"","sales_update_date":"2026-01-12T05:25:57","calc_backorders":null,"_links":{"self":[{"href":"https:\/\/onesportmallorca.com\/ca\/wp-json\/wp\/v2\/product\/145243","targetHints":{"allow":["GET"]}}],"collection":[{"href":"https:\/\/onesportmallorca.com\/ca\/wp-json\/wp\/v2\/product"}],"about":[{"href":"https:\/\/onesportmallorca.com\/ca\/wp-json\/wp\/v2\/types\/product"}],"wp:featuredmedia":[{"embeddable":true,"href":"https:\/\/onesportmallorca.com\/ca\/wp-json\/wp\/v2\/media\/145300"}],"wp:attachment":[{"href":"https:\/\/onesportmallorca.com\/ca\/wp-json\/wp\/v2\/media?parent=145243"}],"wp:term":[{"taxonomy":"product_brand","embeddable":true,"href":"https:\/\/onesportmallorca.com\/ca\/wp-json\/wp\/v2\/product_brand?post=145243"},{"taxonomy":"product_cat","embeddable":true,"href":"https:\/\/onesportmallorca.com\/ca\/wp-json\/wp\/v2\/product_cat?post=145243"},{"taxonomy":"product_tag","embeddable":true,"href":"https:\/\/onesportmallorca.com\/ca\/wp-json\/wp\/v2\/product_tag?post=145243"}],"curies":[{"name":"wp","href":"https:\/\/api.w.org\/{rel}","templated":true}]}}