{"id":145209,"date":"2026-02-24T10:40:27","date_gmt":"2026-02-24T09:40:27","guid":{"rendered":"https:\/\/onesportmallorca.com\/?post_type=product&#038;p=145209"},"modified":"2026-03-12T17:38:12","modified_gmt":"2026-03-12T16:38:12","slug":"camiseta-adidas-terrex-xperior-climacool-kd4848","status":"publish","type":"product","link":"https:\/\/onesportmallorca.com\/ca\/producto\/camiseta-adidas-terrex-xperior-climacool-kd4848\/","title":{"rendered":"Camiseta Adidas Terrex Xperior CLIMACOOL+"},"content":{"rendered":"<div class=\"product-description col-6\">\n<div class=\"product-name\"><strong>Camiseta Terrex Xperior CLIMACOOL+<\/strong><\/div>\n<div><\/div>\n<div class=\"value content product-sub-headline\"><em>Camiseta de trail running con tecnolog\u00eda de enfriamiento avanzada.<\/em><\/div>\n<\/div>\n<div><\/div>\n<div class=\"product-description col-6\">\n<div class=\"value content product-desc-short\">La Camiseta Terrex Xperior CLIMACOOL+ est\u00e1 dise\u00f1ada para mantenerte fresco cuando practicas trail Running por senderos exigentes y tienes aventuras outdoor. Las tecnolog\u00edas novedosas y los materiales antimicrobianos dan a esta camiseta una ventaja cuando las cosas se ponen dif\u00edciles. Experimenta la comodidad de la tecnolog\u00eda Climacool+ de adidas. La ingenier\u00eda superior y los materiales avanzados se unen para ofrecer un rendimiento fresco, seco y sin distracciones. La tecnolog\u00eda de control de olores Polygiene StayFresh se suma a la sensaci\u00f3n de frescura, para que puedas darlo todo sin perder la calma. Con un ajuste que se ajusta a la perfecci\u00f3n, ni demasiado grande ni demasiado peque\u00f1a, su tejido de punto jersey se siente muy bien sobre tu piel. En los largos d\u00edas de Running o senderismo, la espalda de malla y los paneles de las axilas mantienen el flujo de aire. Los cuidados toques de dise\u00f1o, como las 3 Rayas en un lateral, dan a esta camiseta de alta tecnolog\u00eda un toque distintivo de adidas. Disfruta del estilo outdoor con estilo y comodidad, con la tranquilidad de saber que lo tenemos todo cubierto.<\/div>\n<\/div>\n<div id=\"mainImage-KD4846\" class=\"description-image col-6\">\n<div class=\"carousel-item active\"><\/div>\n<\/div>\n","protected":false},"excerpt":{"rendered":"<p>Camiseta Terrex Xperior CLIMACOOL+ Camiseta de trail running con tecnolog\u00eda de enfriamiento avanzada. La Camiseta Terrex Xperior CLIMACOOL+ est\u00e1 dise\u00f1ada<\/p>\n","protected":false},"featured_media":145264,"template":"","meta":[],"product_brand":[7193],"product_cat":[6404,5952],"product_tag":[],"class_list":{"0":"post-145209","1":"product","2":"type-product","3":"status-publish","4":"has-post-thumbnail","6":"product_brand-adidas","7":"product_cat-adidas-ca","8":"product_cat-camiseta-ca","10":"first","11":"instock","12":"taxable","13":"shipping-taxable","14":"purchasable","15":"product-type-variable","16":"has-default-attributes","17":"rtwpvg-product"},"supplier_id":null,"supplier_sku":"","barcode":null,"atum_controlled":true,"out_stock_date":null,"out_stock_threshold":null,"inheritable":true,"inbound_stock":null,"stock_on_hold":null,"sold_today":null,"sales_last_days":null,"reserved_stock":null,"customer_returns":null,"warehouse_damage":null,"lost_in_post":null,"other_logs":null,"out_stock_days":null,"lost_sales":null,"has_location":false,"update_date":"2026-03-12T16:38:15","atum_locations":[],"atum_stock_status":"instock","restock_status":false,"low_stock_amount":"","sales_update_date":"2025-09-30T09:07:31","calc_backorders":null,"_links":{"self":[{"href":"https:\/\/onesportmallorca.com\/ca\/wp-json\/wp\/v2\/product\/145209","targetHints":{"allow":["GET"]}}],"collection":[{"href":"https:\/\/onesportmallorca.com\/ca\/wp-json\/wp\/v2\/product"}],"about":[{"href":"https:\/\/onesportmallorca.com\/ca\/wp-json\/wp\/v2\/types\/product"}],"wp:featuredmedia":[{"embeddable":true,"href":"https:\/\/onesportmallorca.com\/ca\/wp-json\/wp\/v2\/media\/145264"}],"wp:attachment":[{"href":"https:\/\/onesportmallorca.com\/ca\/wp-json\/wp\/v2\/media?parent=145209"}],"wp:term":[{"taxonomy":"product_brand","embeddable":true,"href":"https:\/\/onesportmallorca.com\/ca\/wp-json\/wp\/v2\/product_brand?post=145209"},{"taxonomy":"product_cat","embeddable":true,"href":"https:\/\/onesportmallorca.com\/ca\/wp-json\/wp\/v2\/product_cat?post=145209"},{"taxonomy":"product_tag","embeddable":true,"href":"https:\/\/onesportmallorca.com\/ca\/wp-json\/wp\/v2\/product_tag?post=145209"}],"curies":[{"name":"wp","href":"https:\/\/api.w.org\/{rel}","templated":true}]}}