{"id":145089,"date":"2026-02-24T09:47:29","date_gmt":"2026-02-24T08:47:29","guid":{"rendered":"https:\/\/onesportmallorca.com\/?post_type=product&#038;p=145089"},"modified":"2026-02-24T09:53:51","modified_gmt":"2026-02-24T08:53:51","slug":"botella-salomon-soft-flask-500ml-clear-blue","status":"publish","type":"product","link":"https:\/\/onesportmallorca.com\/ca\/producto\/botella-salomon-soft-flask-500ml-clear-blue\/","title":{"rendered":"Botella Salomon SOFT FLASK 500ml Clear Blue"},"content":{"rendered":"<p class=\"s-typo-body4\">Con tap\u00f3n de 42\u00a0mm de ancho y v\u00e1lvula de alto flujo, el Soft Flask 500ml\/17oz 42 te ayuda a mantener la hidrataci\u00f3n de manera r\u00e1pida y sencilla, para que te centres en el sendero que te espera. Con este bid\u00f3n, que se encoge seg\u00fan bebes para que el agua se mueva lo justo, sabr\u00e1s exactamente cu\u00e1nta te queda. Compatible con todos los tapones Salomon que tengan una abertura de 42\u00a0mm.<\/p>\n<ul class=\"s-typo-body4 s-list-disc s-pl-s\">\n<li>Peso por unidad:\u00a033 G<\/li>\n<li>Actividades:\u00a0Trail running<\/li>\n<li>Descripci\u00f3n de tipo de producto (prendas y equipos):\u00a0Accesorios de hidrataci\u00f3n unisex<\/li>\n<\/ul>\n","protected":false},"excerpt":{"rendered":"<p>Con tap\u00f3n de 42\u00a0mm de ancho y v\u00e1lvula de alto flujo, el Soft Flask 500ml\/17oz 42 te ayuda a mantener<\/p>\n","protected":false},"featured_media":145092,"template":"","meta":[],"product_brand":[7231],"product_cat":[7748,2231],"product_tag":[],"class_list":{"0":"post-145089","1":"product","2":"type-product","3":"status-publish","4":"has-post-thumbnail","6":"product_brand-salomon","7":"product_cat-salomon-ca","8":"product_cat-accessoris-i-equipament","10":"first","11":"instock","12":"taxable","13":"shipping-taxable","14":"purchasable","15":"product-type-simple"},"supplier_id":null,"supplier_sku":"","barcode":null,"atum_controlled":true,"out_stock_date":null,"out_stock_threshold":null,"inheritable":false,"inbound_stock":null,"stock_on_hold":0,"sold_today":1,"sales_last_days":2,"reserved_stock":null,"customer_returns":null,"warehouse_damage":null,"lost_in_post":null,"other_logs":null,"out_stock_days":0,"lost_sales":0,"has_location":false,"update_date":"2026-04-09T14:59:47","atum_locations":[],"atum_stock_status":"instock","restock_status":false,"low_stock_amount":"","sales_update_date":"2026-04-09T14:59:47","calc_backorders":null,"_links":{"self":[{"href":"https:\/\/onesportmallorca.com\/ca\/wp-json\/wp\/v2\/product\/145089","targetHints":{"allow":["GET"]}}],"collection":[{"href":"https:\/\/onesportmallorca.com\/ca\/wp-json\/wp\/v2\/product"}],"about":[{"href":"https:\/\/onesportmallorca.com\/ca\/wp-json\/wp\/v2\/types\/product"}],"wp:featuredmedia":[{"embeddable":true,"href":"https:\/\/onesportmallorca.com\/ca\/wp-json\/wp\/v2\/media\/145092"}],"wp:attachment":[{"href":"https:\/\/onesportmallorca.com\/ca\/wp-json\/wp\/v2\/media?parent=145089"}],"wp:term":[{"taxonomy":"product_brand","embeddable":true,"href":"https:\/\/onesportmallorca.com\/ca\/wp-json\/wp\/v2\/product_brand?post=145089"},{"taxonomy":"product_cat","embeddable":true,"href":"https:\/\/onesportmallorca.com\/ca\/wp-json\/wp\/v2\/product_cat?post=145089"},{"taxonomy":"product_tag","embeddable":true,"href":"https:\/\/onesportmallorca.com\/ca\/wp-json\/wp\/v2\/product_tag?post=145089"}],"curies":[{"name":"wp","href":"https:\/\/api.w.org\/{rel}","templated":true}]}}