{"id":145020,"date":"2026-02-24T09:18:25","date_gmt":"2026-02-24T08:18:25","guid":{"rendered":"https:\/\/onesportmallorca.com\/?post_type=product&#038;p=145020"},"modified":"2026-02-24T09:37:22","modified_gmt":"2026-02-24T08:37:22","slug":"cinturon-salomon-adv-skin-seamless","status":"publish","type":"product","link":"https:\/\/onesportmallorca.com\/ca\/producto\/cinturon-salomon-adv-skin-seamless\/","title":{"rendered":"Cintur\u00f3n Salomon Adv Skin Seamless"},"content":{"rendered":"<p class=\"s-typo-body4\">Con un dise\u00f1o el\u00e1stico que ofrece comodidad total, nuestra ri\u00f1onera para running sin costuras Adv Skin est\u00e1 preparada para cualquier terreno. El tejido es suave y transpirable, pero se ajusta perfectamente a tu cuerpo y distribuye el peso de manera uniforme. As\u00ed, podr\u00e1s tener tus b\u00e1sicos a mano en carreras por carretera de ritmo r\u00e1pido, senderos t\u00e9cnicos de monta\u00f1a y todo lo dem\u00e1s.<\/p>\n<ul class=\"s-typo-body4 s-list-disc s-pl-s\">\n<li>Anchura de la bolsa:\u00a01 CM<\/li>\n<li>Profundidad de la bolsa:\u00a031 CM<\/li>\n<li>Peso por unidad:\u00a082 G<\/li>\n<li>Actividades:\u00a0Trail running, running por carretera<\/li>\n<li>Descripci\u00f3n de tipo de producto (prendas y equipos):\u00a0Ri\u00f1onera unisex<\/li>\n<\/ul>\n","protected":false},"excerpt":{"rendered":"<p>Con un dise\u00f1o el\u00e1stico que ofrece comodidad total, nuestra ri\u00f1onera para running sin costuras Adv Skin est\u00e1 preparada para cualquier<\/p>\n","protected":false},"featured_media":145064,"template":"","meta":[],"product_brand":[7231],"product_cat":[7748,5852],"product_tag":[],"class_list":{"0":"post-145020","1":"product","2":"type-product","3":"status-publish","4":"has-post-thumbnail","6":"product_brand-salomon","7":"product_cat-salomon-ca","8":"product_cat-complementos-2-ca","10":"first","11":"instock","12":"taxable","13":"shipping-taxable","14":"purchasable","15":"product-type-variable","16":"has-default-attributes","17":"rtwpvg-product"},"supplier_id":null,"supplier_sku":"","barcode":null,"atum_controlled":true,"out_stock_date":null,"out_stock_threshold":null,"inheritable":true,"inbound_stock":null,"stock_on_hold":0,"sold_today":1,"sales_last_days":1,"reserved_stock":null,"customer_returns":null,"warehouse_damage":null,"lost_in_post":null,"other_logs":null,"out_stock_days":null,"lost_sales":0,"has_location":false,"update_date":"2026-03-13T13:39:47","atum_locations":[],"atum_stock_status":"outofstock","restock_status":false,"low_stock_amount":"","sales_update_date":null,"calc_backorders":null,"_links":{"self":[{"href":"https:\/\/onesportmallorca.com\/ca\/wp-json\/wp\/v2\/product\/145020","targetHints":{"allow":["GET"]}}],"collection":[{"href":"https:\/\/onesportmallorca.com\/ca\/wp-json\/wp\/v2\/product"}],"about":[{"href":"https:\/\/onesportmallorca.com\/ca\/wp-json\/wp\/v2\/types\/product"}],"wp:featuredmedia":[{"embeddable":true,"href":"https:\/\/onesportmallorca.com\/ca\/wp-json\/wp\/v2\/media\/145064"}],"wp:attachment":[{"href":"https:\/\/onesportmallorca.com\/ca\/wp-json\/wp\/v2\/media?parent=145020"}],"wp:term":[{"taxonomy":"product_brand","embeddable":true,"href":"https:\/\/onesportmallorca.com\/ca\/wp-json\/wp\/v2\/product_brand?post=145020"},{"taxonomy":"product_cat","embeddable":true,"href":"https:\/\/onesportmallorca.com\/ca\/wp-json\/wp\/v2\/product_cat?post=145020"},{"taxonomy":"product_tag","embeddable":true,"href":"https:\/\/onesportmallorca.com\/ca\/wp-json\/wp\/v2\/product_tag?post=145020"}],"curies":[{"name":"wp","href":"https:\/\/api.w.org\/{rel}","templated":true}]}}