{"id":144853,"date":"2026-02-23T19:54:36","date_gmt":"2026-02-23T18:54:36","guid":{"rendered":"https:\/\/onesportmallorca.com\/?post_type=product&#038;p=144853"},"modified":"2026-02-24T08:39:43","modified_gmt":"2026-02-24T07:39:43","slug":"chaleco-salomon-adv-skin-12-set-unisex","status":"publish","type":"product","link":"https:\/\/onesportmallorca.com\/ca\/producto\/chaleco-salomon-adv-skin-12-set-unisex\/","title":{"rendered":"Chaleco Salomon ADV SKIN 12 SET Unisex"},"content":{"rendered":"<p class=\"s-typo-body4\">Nuestro chaleco de hidrataci\u00f3n m\u00e1s vendido vuelve con un nuevo dise\u00f1o para mejorar la estabilidad, el ajuste y la versatilidad. Afinado para corredores y carreras de resistencia exigentes, el Adv Skin 12 garantiza acceso sencillo a la hidrataci\u00f3n, comodidad en distancias largas y libertad de movimientos. Esta versi\u00f3n de 12\u00a0litros es perfecta para senderos m\u00e1s largos (+ de 60\u00a0km).<\/p>\n<ul class=\"s-typo-body4 s-list-disc s-pl-s\">\n<li>Ideal para:\u00a0Varios d\u00edas<\/li>\n<li>Anchura de la bolsa:\u00a029 CM<\/li>\n<li>Profundidad de la bolsa:\u00a01 CM<\/li>\n<li>Volumen:\u00a012 L<\/li>\n<li>Peso por unidad:\u00a0247 G<\/li>\n<li>Peso incluidos los accesorios:\u00a0323 G<\/li>\n<li>Actividades:\u00a0Trail running<\/li>\n<li>Soluci\u00f3n de hidrataci\u00f3n incluida<\/li>\n<li>Descripci\u00f3n de tipo de producto (prendas y equipos):\u00a0Chaleco de running unisex con bidones incluidos<\/li>\n<\/ul>\n","protected":false},"excerpt":{"rendered":"<p>Nuestro chaleco de hidrataci\u00f3n m\u00e1s vendido vuelve con un nuevo dise\u00f1o para mejorar la estabilidad, el ajuste y la versatilidad.<\/p>\n","protected":false},"featured_media":144944,"template":"","meta":[],"product_brand":[7231],"product_cat":[7748,7984,5852],"product_tag":[],"class_list":{"0":"post-144853","1":"product","2":"type-product","3":"status-publish","4":"has-post-thumbnail","6":"product_brand-salomon","7":"product_cat-salomon-ca","8":"product_cat-chaleco-ca","9":"product_cat-complementos-2-ca","11":"first","12":"instock","13":"taxable","14":"shipping-taxable","15":"purchasable","16":"product-type-variable","17":"has-default-attributes","18":"rtwpvg-product"},"supplier_id":null,"supplier_sku":"","barcode":null,"atum_controlled":true,"out_stock_date":null,"out_stock_threshold":null,"inheritable":true,"inbound_stock":null,"stock_on_hold":0,"sold_today":3,"sales_last_days":3,"reserved_stock":null,"customer_returns":null,"warehouse_damage":null,"lost_in_post":null,"other_logs":null,"out_stock_days":null,"lost_sales":0,"has_location":false,"update_date":"2026-03-23T17:06:46","atum_locations":[],"atum_stock_status":"outofstock","restock_status":false,"low_stock_amount":"","sales_update_date":null,"calc_backorders":null,"_links":{"self":[{"href":"https:\/\/onesportmallorca.com\/ca\/wp-json\/wp\/v2\/product\/144853","targetHints":{"allow":["GET"]}}],"collection":[{"href":"https:\/\/onesportmallorca.com\/ca\/wp-json\/wp\/v2\/product"}],"about":[{"href":"https:\/\/onesportmallorca.com\/ca\/wp-json\/wp\/v2\/types\/product"}],"wp:featuredmedia":[{"embeddable":true,"href":"https:\/\/onesportmallorca.com\/ca\/wp-json\/wp\/v2\/media\/144944"}],"wp:attachment":[{"href":"https:\/\/onesportmallorca.com\/ca\/wp-json\/wp\/v2\/media?parent=144853"}],"wp:term":[{"taxonomy":"product_brand","embeddable":true,"href":"https:\/\/onesportmallorca.com\/ca\/wp-json\/wp\/v2\/product_brand?post=144853"},{"taxonomy":"product_cat","embeddable":true,"href":"https:\/\/onesportmallorca.com\/ca\/wp-json\/wp\/v2\/product_cat?post=144853"},{"taxonomy":"product_tag","embeddable":true,"href":"https:\/\/onesportmallorca.com\/ca\/wp-json\/wp\/v2\/product_tag?post=144853"}],"curies":[{"name":"wp","href":"https:\/\/api.w.org\/{rel}","templated":true}]}}