{"id":144397,"date":"2026-02-23T12:13:58","date_gmt":"2026-02-23T11:13:58","guid":{"rendered":"https:\/\/onesportmallorca.com\/?post_type=product&#038;p=144397"},"modified":"2026-02-23T12:21:36","modified_gmt":"2026-02-23T11:21:36","slug":"calcetines-salomon-everyday-lite-crew-3-pack-unisex","status":"publish","type":"product","link":"https:\/\/onesportmallorca.com\/ca\/producto\/calcetines-salomon-everyday-lite-crew-3-pack-unisex\/","title":{"rendered":"Calcetines Salomon EVERYDAY LITE Crew 3-PACK Unisex"},"content":{"rendered":"<p class=\"s-typo-body4\">El Everyday Lite Crew es una versi\u00f3n transpirable y ligera de nuestro calcet\u00edn Everyday, con una ca\u00f1a sin costuras y sujeci\u00f3n el\u00e1stica para una mayor comodidad durante todo el d\u00eda.<\/p>\n<ul class=\"s-typo-body4 s-list-disc s-pl-s\">\n<li>Peso por unidad:\u00a021 G<\/li>\n<li>Actividades:\u00a0Uso diario<\/li>\n<li>Descripci\u00f3n de tipo de producto (prendas y equipos):\u00a0Calcetines unisex<\/li>\n<\/ul>\n","protected":false},"excerpt":{"rendered":"<p>El Everyday Lite Crew es una versi\u00f3n transpirable y ligera de nuestro calcet\u00edn Everyday, con una ca\u00f1a sin costuras y<\/p>\n","protected":false},"featured_media":144341,"template":"","meta":[],"product_brand":[7231],"product_cat":[7748,2233],"product_tag":[],"class_list":{"0":"post-144397","1":"product","2":"type-product","3":"status-publish","4":"has-post-thumbnail","6":"product_brand-salomon","7":"product_cat-salomon-ca","8":"product_cat-mitjons","10":"first","11":"instock","12":"taxable","13":"shipping-taxable","14":"purchasable","15":"product-type-variable","16":"has-default-attributes","17":"rtwpvg-product"},"supplier_id":null,"supplier_sku":"","barcode":null,"atum_controlled":true,"out_stock_date":null,"out_stock_threshold":null,"inheritable":true,"inbound_stock":null,"stock_on_hold":0,"sold_today":1,"sales_last_days":1,"reserved_stock":null,"customer_returns":null,"warehouse_damage":null,"lost_in_post":null,"other_logs":null,"out_stock_days":null,"lost_sales":0,"has_location":false,"update_date":"2026-03-05T17:35:45","atum_locations":[],"atum_stock_status":"outofstock","restock_status":false,"low_stock_amount":"","sales_update_date":"2025-10-16T07:43:16","calc_backorders":null,"_links":{"self":[{"href":"https:\/\/onesportmallorca.com\/ca\/wp-json\/wp\/v2\/product\/144397","targetHints":{"allow":["GET"]}}],"collection":[{"href":"https:\/\/onesportmallorca.com\/ca\/wp-json\/wp\/v2\/product"}],"about":[{"href":"https:\/\/onesportmallorca.com\/ca\/wp-json\/wp\/v2\/types\/product"}],"wp:featuredmedia":[{"embeddable":true,"href":"https:\/\/onesportmallorca.com\/ca\/wp-json\/wp\/v2\/media\/144341"}],"wp:attachment":[{"href":"https:\/\/onesportmallorca.com\/ca\/wp-json\/wp\/v2\/media?parent=144397"}],"wp:term":[{"taxonomy":"product_brand","embeddable":true,"href":"https:\/\/onesportmallorca.com\/ca\/wp-json\/wp\/v2\/product_brand?post=144397"},{"taxonomy":"product_cat","embeddable":true,"href":"https:\/\/onesportmallorca.com\/ca\/wp-json\/wp\/v2\/product_cat?post=144397"},{"taxonomy":"product_tag","embeddable":true,"href":"https:\/\/onesportmallorca.com\/ca\/wp-json\/wp\/v2\/product_tag?post=144397"}],"curies":[{"name":"wp","href":"https:\/\/api.w.org\/{rel}","templated":true}]}}