{"id":141284,"date":"2026-02-11T13:45:16","date_gmt":"2026-02-11T12:45:16","guid":{"rendered":"https:\/\/onesportmallorca.com\/?post_type=product&#038;p=141284"},"modified":"2026-02-16T15:59:08","modified_gmt":"2026-02-16T14:59:08","slug":"pantalon-adidas-corto-adi365-formotion-black-jz7709","status":"publish","type":"product","link":"https:\/\/onesportmallorca.com\/ca\/producto\/pantalon-adidas-corto-adi365-formotion-black-jz7709\/","title":{"rendered":"Pantal\u00f3n Adidas Corto Adi365 FORMOTION Black (JZ7709)"},"content":{"rendered":"<h3 class=\"description_subtitle__5h3_L\">Haz que cada zancada cuente<\/h3>\n<p class=\"description_margin__cBW26\">El pantal\u00f3n corto adi365 Formotion se ha dise\u00f1ado para los runners apasionados a los que le gu\u00eda el esp\u00edritu competitivo. Tanto si disfrutas del asfalto como si te encanta perderte por la naturaleza, este pantal\u00f3n corto te permite disfrutar de cada kil\u00f3metro. Presenta un corte cl\u00e1sico y una prenda interior para aportar comodidad y seguridad en tus carreras. El cierre de cord\u00f3n ofrece un ajuste c\u00f3modo, mientras que el detalle reflectante y las 3 bandas combinan la mejor funcionalidad deportiva. Cuenta con un bolsillo con cremallera en la parte trasera para tu tel\u00e9fono y bolsillos ocultos en la cintura. Descubre la innovadora tecnolog\u00eda Clima365 de adidas. Esta serie de tejidos de \u00faltima generaci\u00f3n te preparan para vivir el deporte con intensidad. Para que puedas correr sin distracciones.<\/p>\n<p>&nbsp;<\/p>\n<section class=\"content-item-wrapper_content-item__P0KpS content-item-wrapper_full-width-never__MKa4h content-item-wrapper_overflow__Vp1OU visible content-item-wrapper_accordion-content-item__ZnOOt\">\n<div id=\"navigation-target-specifications\">\n<div class=\"accordion_accordion__8qVfO accordion_accordion--open__jRlnP\" data-testid=\"accordion\">\n<div class=\"accordion_accordion__header-text__PURGn\">\n<h2 class=\"accordion-title_accordion-title__jvGG7\">Detalles<\/h2>\n<\/div>\n<div class=\"accordion_accordion__header-icon__AsHnU\"><\/div>\n<div id=\":r3:\" class=\"accordion_accordion__content__dWvE_\">\n<div class=\"accordion_content-padding__TgU_h\">\n<div>\n<div class=\"specifications_bullets__y3Sdm\" data-auto-id=\"specifications-section\" data-testid=\"specifications-section\">\n<ul class=\"gl-list vertical-space-small\">\n<li class=\"vertical-space-small\">Corte cl\u00e1sico<\/li>\n<li class=\"vertical-space-small\">Cord\u00f3n<\/li>\n<li class=\"vertical-space-small\">100% poli\u00e9ster (100% reciclado)<\/li>\n<li class=\"vertical-space-small\">Tecnolog\u00eda CLIMA365<\/li>\n<li class=\"vertical-space-small\">Bolsillo trasero con cremallera<\/li>\n<\/ul>\n<ul class=\"gl-list vertical-space-small\">\n<li class=\"vertical-space-small\">Bolsillos ocultos<\/li>\n<li class=\"vertical-space-small\">3 bandas inclinadas<\/li>\n<li class=\"vertical-space-small\">Color del art\u00edculo: Black<\/li>\n<li class=\"vertical-space-small\">N\u00famero de art\u00edculo: JZ7709<\/li>\n<\/ul>\n<\/div>\n<\/div>\n<\/div>\n<\/div>\n<\/div>\n<\/div>\n<\/section>\n<section class=\"content-item-wrapper_content-item__P0KpS content-item-wrapper_full-width-never__MKa4h content-item-wrapper_overflow__Vp1OU visible content-item-wrapper_accordion-content-item__ZnOOt\">\n<div id=\"navigation-target-care\">\n<div class=\"accordion_accordion__8qVfO\" data-testid=\"accordion\">\n<div class=\"accordion_accordion__header-text__PURGn\"><\/div>\n<\/div>\n<\/div>\n<\/section>\n","protected":false},"excerpt":{"rendered":"<p>Haz que cada zancada cuente El pantal\u00f3n corto adi365 Formotion se ha dise\u00f1ado para los runners apasionados a los que<\/p>\n","protected":false},"featured_media":141313,"template":"","meta":[],"product_brand":[7193],"product_cat":[6404,2684],"product_tag":[],"class_list":{"0":"post-141284","1":"product","2":"type-product","3":"status-publish","4":"has-post-thumbnail","6":"product_brand-adidas","7":"product_cat-adidas-ca","8":"product_cat-pantalon-ca","10":"first","11":"instock","12":"taxable","13":"shipping-taxable","14":"purchasable","15":"product-type-variable","16":"has-default-attributes","17":"rtwpvg-product"},"supplier_id":null,"supplier_sku":"","barcode":null,"atum_controlled":true,"out_stock_date":null,"out_stock_threshold":null,"inheritable":true,"inbound_stock":null,"stock_on_hold":0,"sold_today":1,"sales_last_days":1,"reserved_stock":null,"customer_returns":null,"warehouse_damage":null,"lost_in_post":null,"other_logs":null,"out_stock_days":null,"lost_sales":0,"has_location":false,"update_date":"2026-02-26T09:59:40","atum_locations":[],"atum_stock_status":"instock","restock_status":false,"low_stock_amount":"","sales_update_date":"2025-08-07T03:57:47","calc_backorders":null,"_links":{"self":[{"href":"https:\/\/onesportmallorca.com\/ca\/wp-json\/wp\/v2\/product\/141284","targetHints":{"allow":["GET"]}}],"collection":[{"href":"https:\/\/onesportmallorca.com\/ca\/wp-json\/wp\/v2\/product"}],"about":[{"href":"https:\/\/onesportmallorca.com\/ca\/wp-json\/wp\/v2\/types\/product"}],"wp:featuredmedia":[{"embeddable":true,"href":"https:\/\/onesportmallorca.com\/ca\/wp-json\/wp\/v2\/media\/141313"}],"wp:attachment":[{"href":"https:\/\/onesportmallorca.com\/ca\/wp-json\/wp\/v2\/media?parent=141284"}],"wp:term":[{"taxonomy":"product_brand","embeddable":true,"href":"https:\/\/onesportmallorca.com\/ca\/wp-json\/wp\/v2\/product_brand?post=141284"},{"taxonomy":"product_cat","embeddable":true,"href":"https:\/\/onesportmallorca.com\/ca\/wp-json\/wp\/v2\/product_cat?post=141284"},{"taxonomy":"product_tag","embeddable":true,"href":"https:\/\/onesportmallorca.com\/ca\/wp-json\/wp\/v2\/product_tag?post=141284"}],"curies":[{"name":"wp","href":"https:\/\/api.w.org\/{rel}","templated":true}]}}