{"id":138878,"date":"2026-01-22T17:52:25","date_gmt":"2026-01-22T16:52:25","guid":{"rendered":"https:\/\/onesportmallorca.com\/?post_type=product&#038;p=138878"},"modified":"2026-03-19T19:51:34","modified_gmt":"2026-03-19T18:51:34","slug":"pantalon-corto-joma-w-trail-ozone-902633","status":"publish","type":"product","link":"https:\/\/onesportmallorca.com\/ca\/producto\/pantalon-corto-joma-w-trail-ozone-902633\/","title":{"rendered":"Pantalon Corto Joma W TRAIL OZONE (902633)"},"content":{"rendered":"<h3>Descripci\u00f3n<\/h3>\n<p>Short t\u00e9cnico para mujer. Modelo de trail running ultraligero, dise\u00f1ado para otorgar comodidad y rendimiento.<\/p>\n<p>Presenta cintura el\u00e1stica con cord\u00f3n interior y bolsillo trasero con cremallera para llevar peque\u00f1os objetos.<\/p>\n<p>Slip interior de mesh incorporado.<\/p>\n<p>Este pantal\u00f3n corto est\u00e1 elaborado con tejido muy ligero, extensible y confortable, provisto de aberturas laterales para otorgar mayor libertad de movimiento. Adem\u00e1s, cuenta con malla el\u00e1stica y transpirable en el interior. Los acabados en corte l\u00e1ser y las costuras termoselladas evitan las rozaduras al correr.<\/p>\n<p>Logotipos Joma reflectantes.<\/p>\n<h3>Caracter\u00edsticas<\/h3>\n<ul class=\"double-column\">\n<li>Braguero interior<\/li>\n<li>Cintura el\u00e1stica con cord\u00f3n interior<\/li>\n<li>Bolsillo trasero con cremallera<\/li>\n<li>Tejido el\u00e1stico, ligero y confortable<\/li>\n<li>Incluye tecnolog\u00eda Micro-Mesh en las zonas de mayor sudoraci\u00f3n<\/li>\n<li>Acabados con corte a l\u00e1ser<\/li>\n<li>Detalles reflectantes<\/li>\n<li>Tipo de ajuste: est\u00e1ndar<\/li>\n<li>92% Poli\u00e9ster, 8% Elastano<\/li>\n<\/ul>\n","protected":false},"excerpt":{"rendered":"<p>Descripci\u00f3n Short t\u00e9cnico para mujer. Modelo de trail running ultraligero, dise\u00f1ado para otorgar comodidad y rendimiento. Presenta cintura el\u00e1stica con<\/p>\n","protected":false},"featured_media":138897,"template":"","meta":[],"product_brand":[7223],"product_cat":[6383,2684],"product_tag":[],"class_list":{"0":"post-138878","1":"product","2":"type-product","3":"status-publish","4":"has-post-thumbnail","6":"product_brand-joma","7":"product_cat-joma-ca","8":"product_cat-pantalon-ca","10":"first","11":"instock","12":"taxable","13":"shipping-taxable","14":"purchasable","15":"product-type-variable","16":"has-default-attributes","17":"rtwpvg-product"},"supplier_id":null,"supplier_sku":"","barcode":null,"atum_controlled":true,"out_stock_date":null,"out_stock_threshold":null,"inheritable":true,"inbound_stock":null,"stock_on_hold":0,"sold_today":3,"sales_last_days":3,"reserved_stock":null,"customer_returns":null,"warehouse_damage":null,"lost_in_post":null,"other_logs":null,"out_stock_days":null,"lost_sales":0,"has_location":true,"update_date":"2026-03-19T18:51:36","atum_locations":[{"id":6282,"name":"Tienda Onesport","slug":"tienda_onesport"}],"atum_stock_status":"instock","restock_status":false,"low_stock_amount":"","sales_update_date":"2026-01-12T07:26:13","calc_backorders":null,"_links":{"self":[{"href":"https:\/\/onesportmallorca.com\/ca\/wp-json\/wp\/v2\/product\/138878","targetHints":{"allow":["GET"]}}],"collection":[{"href":"https:\/\/onesportmallorca.com\/ca\/wp-json\/wp\/v2\/product"}],"about":[{"href":"https:\/\/onesportmallorca.com\/ca\/wp-json\/wp\/v2\/types\/product"}],"wp:featuredmedia":[{"embeddable":true,"href":"https:\/\/onesportmallorca.com\/ca\/wp-json\/wp\/v2\/media\/138897"}],"wp:attachment":[{"href":"https:\/\/onesportmallorca.com\/ca\/wp-json\/wp\/v2\/media?parent=138878"}],"wp:term":[{"taxonomy":"product_brand","embeddable":true,"href":"https:\/\/onesportmallorca.com\/ca\/wp-json\/wp\/v2\/product_brand?post=138878"},{"taxonomy":"product_cat","embeddable":true,"href":"https:\/\/onesportmallorca.com\/ca\/wp-json\/wp\/v2\/product_cat?post=138878"},{"taxonomy":"product_tag","embeddable":true,"href":"https:\/\/onesportmallorca.com\/ca\/wp-json\/wp\/v2\/product_tag?post=138878"}],"curies":[{"name":"wp","href":"https:\/\/api.w.org\/{rel}","templated":true}]}}