{"id":138813,"date":"2026-01-22T17:39:30","date_gmt":"2026-01-22T16:39:30","guid":{"rendered":"https:\/\/onesportmallorca.com\/?post_type=product&#038;p=138813"},"modified":"2026-02-27T15:58:38","modified_gmt":"2026-02-27T14:58:38","slug":"camiseta-joma-manga-corta-trail-cold-104644","status":"publish","type":"product","link":"https:\/\/onesportmallorca.com\/ca\/producto\/camiseta-joma-manga-corta-trail-cold-104644\/","title":{"rendered":"Camiseta Joma Manga Corta TRAIL COLD (104644)"},"content":{"rendered":"<h3>Descripci\u00f3n<\/h3>\n<p>Camiseta de manga corta para hombre. Indicada para uso en trail running. Se trata de una camiseta t\u00e9cnica ultraligera, transpirable y c\u00f3moda, que acompa\u00f1a al runner en todos los movimientos. Perfecta para las sesiones de trail running m\u00e1s intensas.<\/p>\n<p>Presenta cuello redondo. Las mangas ragl\u00e1n y el punto el\u00e1stico optimizan la libertad de movimiento.<\/p>\n<p>Esta camiseta est\u00e1 confeccionada en tejido s\u00faper ligero, el\u00e1stico y transpirable, equipado con el acabado cool feeling, que regula la temperatura corporal. Tambi\u00e9n incorpora troquelado en corte l\u00e1ser como sistema de ventilaci\u00f3n del sudor.<\/p>\n<p>Las costuras ubicadas en zonas de abrasi\u00f3n son planas (sistema Flatlock), que previenen las rozaduras.<\/p>\n<p>Visibilidad 360\u00ba gracias a los printings reflectantes de seguridad.<\/p>\n<p>&nbsp;<\/p>\n<h3>Caracter\u00edsticas<\/h3>\n<ul class=\"double-column\">\n<li>Manga corta tipo ragl\u00e1n<\/li>\n<li>Cuello redondo<\/li>\n<li>Tejido el\u00e1stico, ligero y transpirable<\/li>\n<li>Costuras planas Flatlock<\/li>\n<li>Acabados con corte a l\u00e1ser<\/li>\n<li>Detalles reflectantes<\/li>\n<li>Libertad de movimiento<\/li>\n<li>Tipo de ajuste: est\u00e1ndar<\/li>\n<li>78% Nylon, 22% Spandex<\/li>\n<\/ul>\n","protected":false},"excerpt":{"rendered":"<p>Descripci\u00f3n Camiseta de manga corta para hombre. Indicada para uso en trail running. Se trata de una camiseta t\u00e9cnica ultraligera,<\/p>\n","protected":false},"featured_media":138856,"template":"","meta":[],"product_brand":[7223],"product_cat":[6383,5950,5952],"product_tag":[],"class_list":{"0":"post-138813","1":"product","2":"type-product","3":"status-publish","4":"has-post-thumbnail","6":"product_brand-joma","7":"product_cat-joma-ca","8":"product_cat-roba","9":"product_cat-camiseta-ca","11":"first","12":"instock","13":"taxable","14":"shipping-taxable","15":"purchasable","16":"product-type-variable","17":"has-default-attributes","18":"rtwpvg-product"},"supplier_id":null,"supplier_sku":"","barcode":null,"atum_controlled":true,"out_stock_date":null,"out_stock_threshold":null,"inheritable":true,"inbound_stock":null,"stock_on_hold":0,"sold_today":1,"sales_last_days":1,"reserved_stock":null,"customer_returns":null,"warehouse_damage":null,"lost_in_post":null,"other_logs":null,"out_stock_days":null,"lost_sales":0,"has_location":true,"update_date":"2026-03-23T08:58:56","atum_locations":[{"id":6282,"name":"Tienda Onesport","slug":"tienda_onesport"}],"atum_stock_status":"instock","restock_status":false,"low_stock_amount":"","sales_update_date":"2026-01-12T07:26:04","calc_backorders":null,"_links":{"self":[{"href":"https:\/\/onesportmallorca.com\/ca\/wp-json\/wp\/v2\/product\/138813","targetHints":{"allow":["GET"]}}],"collection":[{"href":"https:\/\/onesportmallorca.com\/ca\/wp-json\/wp\/v2\/product"}],"about":[{"href":"https:\/\/onesportmallorca.com\/ca\/wp-json\/wp\/v2\/types\/product"}],"wp:featuredmedia":[{"embeddable":true,"href":"https:\/\/onesportmallorca.com\/ca\/wp-json\/wp\/v2\/media\/138856"}],"wp:attachment":[{"href":"https:\/\/onesportmallorca.com\/ca\/wp-json\/wp\/v2\/media?parent=138813"}],"wp:term":[{"taxonomy":"product_brand","embeddable":true,"href":"https:\/\/onesportmallorca.com\/ca\/wp-json\/wp\/v2\/product_brand?post=138813"},{"taxonomy":"product_cat","embeddable":true,"href":"https:\/\/onesportmallorca.com\/ca\/wp-json\/wp\/v2\/product_cat?post=138813"},{"taxonomy":"product_tag","embeddable":true,"href":"https:\/\/onesportmallorca.com\/ca\/wp-json\/wp\/v2\/product_tag?post=138813"}],"curies":[{"name":"wp","href":"https:\/\/api.w.org\/{rel}","templated":true}]}}