{"id":137928,"date":"2026-01-18T11:58:34","date_gmt":"2026-01-18T10:58:34","guid":{"rendered":"https:\/\/onesportmallorca.com\/?post_type=product&#038;p=137928"},"modified":"2026-01-18T12:20:41","modified_gmt":"2026-01-18T11:20:41","slug":"camiseta-adidas-adi365-climacool-iconic-gresix-ks5039","status":"publish","type":"product","link":"https:\/\/onesportmallorca.com\/ca\/producto\/camiseta-adidas-adi365-climacool-iconic-gresix-ks5039\/","title":{"rendered":"Camiseta Adidas Adi365 Climacool Iconic GRESIX (KS5039)"},"content":{"rendered":"<p>Dise\u00f1ado para satisfacer las exigencias de los corredores, la camiseta ADI365 Climacool ofrece un dise\u00f1o funcional con un aspecto contempor\u00e1neo que combina estilo moderno y dise\u00f1o t\u00e9cnico. Esta camiseta tiene un corte regular y un cuello redondo para una comodidad relajada, mientras que la tecnolog\u00eda adidas Climacool permite una evacuaci\u00f3n y absorci\u00f3n m\u00e1s r\u00e1pidas del sudor para mantenerte fresco. La c\u00f3moda construcci\u00f3n de jersey simple est\u00e1 terminada con la marca adidas de 3 franjas y un logo Performance reflectante, para un look que destaca con claridad en movimiento.<\/p>\n","protected":false},"excerpt":{"rendered":"<p>Dise\u00f1ado para satisfacer las exigencias de los corredores, la camiseta ADI365 Climacool ofrece un dise\u00f1o funcional con un aspecto contempor\u00e1neo<\/p>\n","protected":false},"featured_media":137962,"template":"","meta":[],"product_brand":[7193],"product_cat":[6404,5952],"product_tag":[],"class_list":{"0":"post-137928","1":"product","2":"type-product","3":"status-publish","4":"has-post-thumbnail","6":"product_brand-adidas","7":"product_cat-adidas-ca","8":"product_cat-camiseta-ca","10":"first","11":"instock","12":"taxable","13":"shipping-taxable","14":"purchasable","15":"product-type-variable","16":"has-default-attributes","17":"rtwpvg-product"},"supplier_id":null,"supplier_sku":"","barcode":null,"atum_controlled":true,"out_stock_date":null,"out_stock_threshold":null,"inheritable":true,"inbound_stock":null,"stock_on_hold":0,"sold_today":2,"sales_last_days":2,"reserved_stock":null,"customer_returns":null,"warehouse_damage":null,"lost_in_post":null,"other_logs":null,"out_stock_days":null,"lost_sales":0,"has_location":true,"update_date":"2026-02-14T11:12:49","atum_locations":[{"id":6282,"name":"Tienda Onesport","slug":"tienda_onesport"}],"atum_stock_status":"outofstock","restock_status":false,"low_stock_amount":"","sales_update_date":"2025-10-17T04:21:29","calc_backorders":null,"_links":{"self":[{"href":"https:\/\/onesportmallorca.com\/ca\/wp-json\/wp\/v2\/product\/137928","targetHints":{"allow":["GET"]}}],"collection":[{"href":"https:\/\/onesportmallorca.com\/ca\/wp-json\/wp\/v2\/product"}],"about":[{"href":"https:\/\/onesportmallorca.com\/ca\/wp-json\/wp\/v2\/types\/product"}],"wp:featuredmedia":[{"embeddable":true,"href":"https:\/\/onesportmallorca.com\/ca\/wp-json\/wp\/v2\/media\/137962"}],"wp:attachment":[{"href":"https:\/\/onesportmallorca.com\/ca\/wp-json\/wp\/v2\/media?parent=137928"}],"wp:term":[{"taxonomy":"product_brand","embeddable":true,"href":"https:\/\/onesportmallorca.com\/ca\/wp-json\/wp\/v2\/product_brand?post=137928"},{"taxonomy":"product_cat","embeddable":true,"href":"https:\/\/onesportmallorca.com\/ca\/wp-json\/wp\/v2\/product_cat?post=137928"},{"taxonomy":"product_tag","embeddable":true,"href":"https:\/\/onesportmallorca.com\/ca\/wp-json\/wp\/v2\/product_tag?post=137928"}],"curies":[{"name":"wp","href":"https:\/\/api.w.org\/{rel}","templated":true}]}}