{"id":137633,"date":"2026-01-16T10:08:41","date_gmt":"2026-01-16T09:08:41","guid":{"rendered":"https:\/\/onesportmallorca.com\/?post_type=product&#038;p=137633"},"modified":"2026-01-16T10:28:33","modified_gmt":"2026-01-16T09:28:33","slug":"gorra-adidas-essential-climacool-6-paneles-black-reflective-silver-jz0506","status":"publish","type":"product","link":"https:\/\/onesportmallorca.com\/ca\/producto\/gorra-adidas-essential-climacool-6-paneles-black-reflective-silver-jz0506\/","title":{"rendered":"Gorra Adidas Essential Climacool 6 paneles Black \/ Reflective Silver (JZ0506)"},"content":{"rendered":"<h3 class=\"description_subtitle__5h3_L\">Gorra de running con tecnolog\u00eda Climacool para ayudarte a estar c\u00f3modo.<\/h3>\n<p class=\"description_margin__cBW26\">La Gorra de b\u00e9isbol Running Essential Climacool de 6 paneles est\u00e1 dise\u00f1ada para mantenerte fresco y c\u00f3modo, tanto si te lanzas al asfalto como a la pista. Ligera y transpirable, la gorra es un accesorio esencial. El logotipo reflectante de Performance de adidas en la parte delantera a\u00f1ade un toque de estilo, mientras que las hebillas ajustables proporcionan un ajuste personalizado. Tanto la tecnolog\u00eda Climacool como la Aeroready ayudan a gestionar el sudor de tu cuerpo para que puedas mantenerte seco y concentrado en tu carrera, sin importar lo larga que sea. Tanto si entrenas para un marat\u00f3n como si disfrutas de un trote tranquilo, esta gorra cl\u00e1sica se convertir\u00e1 en un b\u00e1sico. Al fin y al cabo, correr es algo m\u00e1s que un deporte: es un estilo de vida.<\/p>\n<p>&nbsp;<\/p>\n<div class=\"accordion_accordion__header-text__PURGn\">\n<h2 class=\"accordion-title_accordion-title__jvGG7\">Detalles<\/h2>\n<\/div>\n<div class=\"accordion_accordion__header-icon__AsHnU\"><\/div>\n<div id=\":r9:\" class=\"accordion_accordion__content__dWvE_\">\n<div class=\"accordion_content-padding__TgU_h\">\n<div>\n<div class=\"specifications_bullets__y3Sdm\" data-auto-id=\"specifications-section\" data-testid=\"specifications-section\">\n<ul class=\"gl-list vertical-space-small\">\n<li class=\"vertical-space-small\">Talla \u00fanica<\/li>\n<li class=\"vertical-space-small\">100% poli\u00e9ster (100% reciclado)<\/li>\n<li class=\"vertical-space-small\">Dise\u00f1o ligero<\/li>\n<li class=\"vertical-space-small\">Hebillas ajustables<\/li>\n<li class=\"vertical-space-small\">Logotipo reflectante<\/li>\n<\/ul>\n<ul class=\"gl-list vertical-space-small\">\n<li class=\"vertical-space-small\">Tecnolog\u00eda transpirable<\/li>\n<li class=\"vertical-space-small\">Tecnolog\u00eda CLIMACOOL<\/li>\n<li class=\"vertical-space-small\">Tecnolog\u00eda AEROREADY<\/li>\n<li class=\"vertical-space-small\">Color del art\u00edculo: Black \/ Reflective Silver<\/li>\n<li class=\"vertical-space-small\">N\u00famero de art\u00edculo: JZ0506<\/li>\n<\/ul>\n<\/div>\n<\/div>\n<\/div>\n<\/div>\n","protected":false},"excerpt":{"rendered":"<p>Gorra de running con tecnolog\u00eda Climacool para ayudarte a estar c\u00f3modo. La Gorra de b\u00e9isbol Running Essential Climacool de 6<\/p>\n","protected":false},"featured_media":137668,"template":"","meta":[],"product_brand":[7193],"product_cat":[6404,2326],"product_tag":[],"class_list":{"0":"post-137633","1":"product","2":"type-product","3":"status-publish","4":"has-post-thumbnail","6":"product_brand-adidas","7":"product_cat-adidas-ca","8":"product_cat-viseras-y-gorras-ca","10":"first","11":"instock","12":"taxable","13":"shipping-taxable","14":"purchasable","15":"product-type-variable","16":"rtwpvg-product"},"supplier_id":null,"supplier_sku":"","barcode":null,"atum_controlled":true,"out_stock_date":null,"out_stock_threshold":null,"inheritable":true,"inbound_stock":null,"stock_on_hold":null,"sold_today":null,"sales_last_days":null,"reserved_stock":null,"customer_returns":null,"warehouse_damage":null,"lost_in_post":null,"other_logs":null,"out_stock_days":null,"lost_sales":null,"has_location":false,"update_date":"2026-01-16T09:28:35","atum_locations":[],"atum_stock_status":"outofstock","restock_status":false,"low_stock_amount":"","sales_update_date":"2025-10-17T04:21:45","calc_backorders":null,"_links":{"self":[{"href":"https:\/\/onesportmallorca.com\/ca\/wp-json\/wp\/v2\/product\/137633","targetHints":{"allow":["GET"]}}],"collection":[{"href":"https:\/\/onesportmallorca.com\/ca\/wp-json\/wp\/v2\/product"}],"about":[{"href":"https:\/\/onesportmallorca.com\/ca\/wp-json\/wp\/v2\/types\/product"}],"wp:featuredmedia":[{"embeddable":true,"href":"https:\/\/onesportmallorca.com\/ca\/wp-json\/wp\/v2\/media\/137668"}],"wp:attachment":[{"href":"https:\/\/onesportmallorca.com\/ca\/wp-json\/wp\/v2\/media?parent=137633"}],"wp:term":[{"taxonomy":"product_brand","embeddable":true,"href":"https:\/\/onesportmallorca.com\/ca\/wp-json\/wp\/v2\/product_brand?post=137633"},{"taxonomy":"product_cat","embeddable":true,"href":"https:\/\/onesportmallorca.com\/ca\/wp-json\/wp\/v2\/product_cat?post=137633"},{"taxonomy":"product_tag","embeddable":true,"href":"https:\/\/onesportmallorca.com\/ca\/wp-json\/wp\/v2\/product_tag?post=137633"}],"curies":[{"name":"wp","href":"https:\/\/api.w.org\/{rel}","templated":true}]}}