{"id":137471,"date":"2026-01-15T22:35:48","date_gmt":"2026-01-15T21:35:48","guid":{"rendered":"https:\/\/onesportmallorca.com\/producto\/sujetador-adidas-im-optime-blanco-kd6685\/"},"modified":"2026-02-13T10:28:09","modified_gmt":"2026-02-13T09:28:09","slug":"sujetador-adidas-im-optime-blanco-kd6685","status":"publish","type":"product","link":"https:\/\/onesportmallorca.com\/ca\/producto\/sujetador-adidas-im-optime-blanco-kd6685\/","title":{"rendered":"Sujetador Adidas Impacto Medio Optime"},"content":{"rendered":"<h3>Un sujetador con tecnolog\u00eda Climacool para mantener la piel fresca y seca durante los entrenamientos<\/h3>\n<p>&nbsp;<\/p>\n<p>Prep\u00e1rate para revolucionar tus entrenamientos con el sujetador Optime Workout Medium Support. Si quieres superar tus l\u00edmites, este sujetador est\u00e1 hecho para ti, ya que combina el estilo y la funcionalidad a la perfecci\u00f3n. No importa si est\u00e1s d\u00e1ndolo todo en el gimnasio o corriendo por la calle, el tejido Adimove se adapta con fluidez a tus movimientos como una segunda piel. Gracias a la tecnolog\u00eda Lycra\u00ae Sport, no pierde la forma. Tambi\u00e9n te permite disfrutar de la tecnolog\u00eda Climacool de adidas. La tecnolog\u00eda Climacool expulsa y disipa el sudor, para mantener la piel fresca y seca y que nada te distraiga de tu rendimiento. Adem\u00e1s, las costuras delicadas contribuyen a reducir la irritaci\u00f3n de la piel en las sesiones de entrenamiento largas. La banda el\u00e1stica en la parte inferior se adapta a tu cuerpo, y el dise\u00f1o de espalda abierta te brinda libertad de movimiento. Las copas extra\u00edbles te permiten adaptar el sujetador seg\u00fan lo necesites, y te ofrecen la combinaci\u00f3n id\u00f3nea de sujeci\u00f3n y flexibilidad. Descubre el poder de la innovaci\u00f3n con este sujetador adidas, dise\u00f1ado para que contin\u00faes entrenando con confianza.<\/p>\n","protected":false},"excerpt":{"rendered":"<p>Un sujetador con tecnolog\u00eda Climacool para mantener la piel fresca y seca durante los entrenamientos &nbsp; Prep\u00e1rate para revolucionar tus<\/p>\n","protected":false},"featured_media":137388,"template":"","meta":[],"product_brand":[7193],"product_cat":[6404,6908],"product_tag":[],"class_list":{"0":"post-137471","1":"product","2":"type-product","3":"status-publish","4":"has-post-thumbnail","6":"product_brand-adidas","7":"product_cat-adidas-ca","8":"product_cat-sujetadores-ca","10":"first","11":"instock","12":"taxable","13":"shipping-taxable","14":"purchasable","15":"product-type-variable","16":"has-default-attributes","17":"rtwpvg-product"},"supplier_id":null,"supplier_sku":"","barcode":null,"atum_controlled":true,"out_stock_date":"2026-01-15 22:35:49","out_stock_threshold":null,"inheritable":true,"inbound_stock":null,"stock_on_hold":0,"sold_today":5,"sales_last_days":6,"reserved_stock":null,"customer_returns":null,"warehouse_damage":null,"lost_in_post":null,"other_logs":null,"out_stock_days":28,"lost_sales":0,"has_location":false,"update_date":"2026-04-09T10:09:01","atum_locations":[],"atum_stock_status":"instock","restock_status":false,"low_stock_amount":"","sales_update_date":null,"calc_backorders":null,"_links":{"self":[{"href":"https:\/\/onesportmallorca.com\/ca\/wp-json\/wp\/v2\/product\/137471","targetHints":{"allow":["GET"]}}],"collection":[{"href":"https:\/\/onesportmallorca.com\/ca\/wp-json\/wp\/v2\/product"}],"about":[{"href":"https:\/\/onesportmallorca.com\/ca\/wp-json\/wp\/v2\/types\/product"}],"wp:featuredmedia":[{"embeddable":true,"href":"https:\/\/onesportmallorca.com\/ca\/wp-json\/wp\/v2\/media\/137388"}],"wp:attachment":[{"href":"https:\/\/onesportmallorca.com\/ca\/wp-json\/wp\/v2\/media?parent=137471"}],"wp:term":[{"taxonomy":"product_brand","embeddable":true,"href":"https:\/\/onesportmallorca.com\/ca\/wp-json\/wp\/v2\/product_brand?post=137471"},{"taxonomy":"product_cat","embeddable":true,"href":"https:\/\/onesportmallorca.com\/ca\/wp-json\/wp\/v2\/product_cat?post=137471"},{"taxonomy":"product_tag","embeddable":true,"href":"https:\/\/onesportmallorca.com\/ca\/wp-json\/wp\/v2\/product_tag?post=137471"}],"curies":[{"name":"wp","href":"https:\/\/api.w.org\/{rel}","templated":true}]}}