{"id":136234,"date":"2026-01-12T12:19:21","date_gmt":"2026-01-12T11:19:21","guid":{"rendered":"https:\/\/onesportmallorca.com\/?post_type=product&#038;p=136234"},"modified":"2026-03-05T19:57:41","modified_gmt":"2026-03-05T18:57:41","slug":"on-cloud-6-m-midnight-white-3mf10070692","status":"publish","type":"product","link":"https:\/\/onesportmallorca.com\/ca\/producto\/on-cloud-6-m-midnight-white-3mf10070692\/","title":{"rendered":"On Cloud 6 M Midnight | White (3MF10070692)"},"content":{"rendered":"<h2 class=\"_title_8gsmh_59\">Detalles del producto<\/h2>\n<ul class=\"_usps_8gsmh_77\">\n<li class=\"\">\n<p class=\"_usp_8gsmh_77\">Peso: 216g<\/p>\n<\/li>\n<li class=\"\">\n<p class=\"_usp_8gsmh_77\">Zero-Gravity CloudTec\u00ae para m\u00e1s sensaci\u00f3n de amortiguaci\u00f3n<\/p>\n<\/li>\n<li class=\"\">\n<p class=\"_usp_8gsmh_77\">Speedboard\u00ae dise\u00f1ado para rendir las 24 h y m\u00e1s soporte<\/p>\n<\/li>\n<li class=\"\">\n<p class=\"_usp_8gsmh_77\">Nueva plantilla para ponerlas f\u00e1cilmente<\/p>\n<\/li>\n<li class=\"\">\n<p class=\"_usp_8gsmh_77\">Abertura m\u00e1s ancha para un ajuste m\u00e1s holgado e inclusivo<\/p>\n<\/li>\n<li class=\"\">\n<p class=\"_usp_8gsmh_77\">Forma, estructura y volumen mejorados<\/p>\n<\/li>\n<\/ul>\n<div class=\"_content_yptm3_161\">\n<section id=\"highlights\" class=\"_highlights_yptm3_216\">\n<div class=\"_productHighlights_1dee0_59\" data-test-id=\"productHighlights\">\n<div class=\"_contentCard_x2jp6_59 _card_1dee0_65\" data-test-id=\"productHighlightCard-0\">\n<h2><\/h2>\n<h2 class=\"_imageTitle_x2jp6_90\">Geometr\u00eda mejorada<\/h2>\n<p class=\"_description_x2jp6_113\">El mismo look ic\u00f3nico, pero con mejores sensaciones. Hemos actualizado la forma y la estructura de la geometr\u00eda de las Cloud 6 para ofrecer mayor comodidad, amortiguaci\u00f3n y estabilidad.<\/p>\n<\/div>\n<div class=\"_contentCard_x2jp6_59 _card_1dee0_65\" data-test-id=\"productHighlightCard-1\">\n<div class=\"_imageWrapper_x2jp6_70\"><\/div>\n<h2 class=\"_imageTitle_x2jp6_90\">Materiales innovadores<\/h2>\n<p class=\"_description_x2jp6_113\">La entresuela de estas zapatillas est\u00e1 hecha con espuma Zero-Gravity bioatribuida, que parte de materiales renovables con certificado ISCC+ como el aceite de cocina usado.<\/p>\n<\/div>\n<div class=\"_contentCard_x2jp6_59 _card_1dee0_65\" data-test-id=\"productHighlightCard-2\">\n<div class=\"_imageWrapper_x2jp6_70\"><\/div>\n<h2 class=\"_imageTitle_x2jp6_90\">Otro paso hacia el confort<\/h2>\n<p class=\"_description_x2jp6_113\">Una abertura m\u00e1s ancha y una nueva plantilla hacen que sean f\u00e1ciles de poner, con un dise\u00f1o mejorado en el tal\u00f3n para m\u00e1s soporte. Su geometr\u00eda optimizada ofrece una incre\u00edble comodidad en el d\u00eda a d\u00eda. Unas zapatillas vers\u00e1tiles y listas para todo.<\/p>\n<\/div>\n<\/div>\n<\/section>\n<\/div>\n<div>\n<div class=\"_sectionSpacing_yptm3_229\"><\/div>\n<\/div>\n","protected":false},"excerpt":{"rendered":"<div class=\"_description_17tug_393\">\n<div class=\"_description_17tug_393\">\n<p>Nuestras emblem\u00e1ticas zapatillas de uso diario, mejoradas para mayor comodidad. Infalibles, te pongas lo que pongas.<\/p>\n<\/div>\n<div class=\"_toggle_1lsx9_59 _medium_1lsx9_66 _fitContent_1lsx9_110 desktopOnly _genderToggle_17tug_416\" role=\"group\" data-test-id=\"genderToggle\">\n<div class=\"_toggleEntry_1lsx9_86 _medium_1lsx9_66 _checked_1lsx9_113\"><\/div>\n<\/div>\n<\/div>\n<div class=\"_toggle_1lsx9_59 _medium_1lsx9_66 _fitContent_1lsx9_110 desktopOnly _genderToggle_17tug_416\" role=\"group\" data-test-id=\"genderToggle\">\n<div class=\"_toggleEntry_1lsx9_86 _medium_1lsx9_66\"><\/div>\n<\/div>\n","protected":false},"featured_media":129323,"template":"","meta":[],"product_brand":[7203],"product_cat":[6425,2239],"product_tag":[],"class_list":{"0":"post-136234","1":"product","2":"type-product","3":"status-publish","4":"has-post-thumbnail","6":"product_brand-on-running","7":"product_cat-onr-ca","8":"product_cat-calcat","10":"first","11":"instock","12":"taxable","13":"shipping-taxable","14":"purchasable","15":"product-type-variable","16":"has-default-attributes","17":"rtwpvg-product"},"supplier_id":null,"supplier_sku":"","barcode":null,"atum_controlled":true,"out_stock_date":null,"out_stock_threshold":null,"inheritable":true,"inbound_stock":null,"stock_on_hold":0,"sold_today":4,"sales_last_days":4,"reserved_stock":null,"customer_returns":null,"warehouse_damage":null,"lost_in_post":null,"other_logs":null,"out_stock_days":null,"lost_sales":0,"has_location":true,"update_date":"2026-03-29T09:42:56","atum_locations":[{"id":6282,"name":"Tienda Onesport","slug":"tienda_onesport"}],"atum_stock_status":"instock","restock_status":false,"low_stock_amount":"","sales_update_date":"2026-01-12T08:25:10","calc_backorders":null,"_links":{"self":[{"href":"https:\/\/onesportmallorca.com\/ca\/wp-json\/wp\/v2\/product\/136234","targetHints":{"allow":["GET"]}}],"collection":[{"href":"https:\/\/onesportmallorca.com\/ca\/wp-json\/wp\/v2\/product"}],"about":[{"href":"https:\/\/onesportmallorca.com\/ca\/wp-json\/wp\/v2\/types\/product"}],"wp:featuredmedia":[{"embeddable":true,"href":"https:\/\/onesportmallorca.com\/ca\/wp-json\/wp\/v2\/media\/129323"}],"wp:attachment":[{"href":"https:\/\/onesportmallorca.com\/ca\/wp-json\/wp\/v2\/media?parent=136234"}],"wp:term":[{"taxonomy":"product_brand","embeddable":true,"href":"https:\/\/onesportmallorca.com\/ca\/wp-json\/wp\/v2\/product_brand?post=136234"},{"taxonomy":"product_cat","embeddable":true,"href":"https:\/\/onesportmallorca.com\/ca\/wp-json\/wp\/v2\/product_cat?post=136234"},{"taxonomy":"product_tag","embeddable":true,"href":"https:\/\/onesportmallorca.com\/ca\/wp-json\/wp\/v2\/product_tag?post=136234"}],"curies":[{"name":"wp","href":"https:\/\/api.w.org\/{rel}","templated":true}]}}