{"id":135855,"date":"2026-01-10T13:13:55","date_gmt":"2026-01-10T12:13:55","guid":{"rendered":"https:\/\/onesportmallorca.com\/?post_type=product&#038;p=135855"},"modified":"2026-04-01T17:18:36","modified_gmt":"2026-04-01T15:18:36","slug":"on-the-roger-adv-pro-m-white-white-3wf10180753","status":"publish","type":"product","link":"https:\/\/onesportmallorca.com\/ca\/producto\/on-the-roger-adv-pro-m-white-white-3wf10180753\/","title":{"rendered":"On THE ROGER ADVANTAGE Pro W White | Chambray (3WF10180753)"},"content":{"rendered":"<h2 class=\"_title_8gsmh_59\">Detalles del producto<\/h2>\n<ul class=\"_usps_8gsmh_77\">\n<li class=\"\">\n<p class=\"_usp_8gsmh_77\">Peso: 382g<\/p>\n<\/li>\n<li class=\"\">\n<p class=\"_usp_8gsmh_77\">Upper de malla transpirable que aporta frescor y comodidad<\/p>\n<\/li>\n<li class=\"\">\n<p class=\"_usp_8gsmh_77\">Suela de goma para un mayor agarre en pista<\/p>\n<\/li>\n<li class=\"\">\n<p class=\"_usp_8gsmh_77\">CloudTec\u00ae oculta para una comodidad y flexibilidad duraderas<\/p>\n<\/li>\n<li class=\"\">\n<p class=\"_usp_8gsmh_77\">Estilo urbano para la pista<\/p>\n<\/li>\n<li class=\"\">\n<p class=\"_usp_8gsmh_77\">Detalle THE ROGER en la leng\u00fceta<\/p>\n<\/li>\n<li class=\"\">\n<p class=\"_usp_8gsmh_77\">El refuerzo lateral oculto del tal\u00f3n mantiene el pie seguro<\/p>\n<\/li>\n<li class=\"\">\n<p class=\"_usp_8gsmh_77\">Firmes y estables<\/p>\n<\/li>\n<li class=\"\">\n<p class=\"_usp_8gsmh_77\">Materiales ligeros y duraderos<\/p>\n<\/li>\n<\/ul>\n<div class=\"_contentCard_x2jp6_59 _card_1dee0_65\" data-test-id=\"productHighlightCard-0\">\n<h2 class=\"_imageTitle_x2jp6_90\">Tenis con estilo de hoy<\/h2>\n<p class=\"_description_x2jp6_113\">Una silueta elegante y estilosa que arrasa en la pista y fuera de ella. Vers\u00e1tiles, modernas, estilosas. Solo faltaba a\u00f1adirles un logotipo premium que elevara a\u00fan m\u00e1s su est\u00e9tica.<\/p>\n<\/div>\n<div class=\"_contentCard_x2jp6_59 _card_1dee0_65\" data-test-id=\"productHighlightCard-1\">\n<div class=\"_imageWrapper_x2jp6_70\"><\/div>\n<h2 class=\"_imageTitle_x2jp6_90\">Ligeras y resistentes<\/h2>\n<p class=\"_description_x2jp6_113\">Su upper ligero y transpirable mantiene tus pies frescos y c\u00f3modos sin sacrificar por ello la durabilidad ni el rendimiento.<\/p>\n<\/div>\n<div class=\"_contentCard_x2jp6_59 _card_1dee0_65\" data-test-id=\"productHighlightCard-2\">\n<div class=\"_imageWrapper_x2jp6_70\"><\/div>\n<h2 class=\"_imageTitle_x2jp6_90\">Amortiguaci\u00f3n reactiva<\/h2>\n<p class=\"_description_x2jp6_113\">El Speedboard\u00ae y la tecnolog\u00eda CloudTec\u00ae oculta ofrecen la combinaci\u00f3n perfecta entre amortiguaci\u00f3n reactiva, flexibilidad, soporte y estabilidad para los movimientos en pista.<\/p>\n<\/div>\n","protected":false},"excerpt":{"rendered":"<div class=\"_description_17tug_393\">\n<div class=\"_description_17tug_393\">\n<p>La zapatilla de tenis amateur para deportes de raqueta. Con CloudTec\u00ae oculta para una amortiguaci\u00f3n superligera.<\/p>\n<\/div>\n<div class=\"_toggle_1lsx9_59 _medium_1lsx9_66 _fitContent_1lsx9_110 desktopOnly _genderToggle_17tug_416\" role=\"group\" data-test-id=\"genderToggle\">\n<div class=\"_toggleEntry_1lsx9_86 _medium_1lsx9_66\"><\/div>\n<\/div>\n<\/div>\n<div class=\"_toggle_1lsx9_59 _medium_1lsx9_66 _fitContent_1lsx9_110 desktopOnly _genderToggle_17tug_416\" role=\"group\" data-test-id=\"genderToggle\">\n<div class=\"_toggleEntry_1lsx9_86 _medium_1lsx9_66\"><\/div>\n<\/div>\n","protected":false},"featured_media":135872,"template":"","meta":[],"product_brand":[7203],"product_cat":[6425,2239],"product_tag":[],"class_list":{"0":"post-135855","1":"product","2":"type-product","3":"status-publish","4":"has-post-thumbnail","6":"product_brand-on-running","7":"product_cat-onr-ca","8":"product_cat-calcat","10":"first","11":"instock","12":"taxable","13":"shipping-taxable","14":"purchasable","15":"product-type-variable","16":"has-default-attributes","17":"rtwpvg-product"},"supplier_id":null,"supplier_sku":"","barcode":null,"atum_controlled":true,"out_stock_date":null,"out_stock_threshold":null,"inheritable":true,"inbound_stock":0,"stock_on_hold":0,"sold_today":null,"sales_last_days":null,"reserved_stock":0,"customer_returns":0,"warehouse_damage":0,"lost_in_post":0,"other_logs":0,"out_stock_days":null,"lost_sales":null,"has_location":true,"update_date":"2026-04-01T15:18:38","atum_locations":[{"id":6282,"name":"Tienda Onesport","slug":"tienda_onesport"}],"atum_stock_status":"instock","restock_status":false,"low_stock_amount":"","sales_update_date":"2026-01-12T09:25:13","calc_backorders":null,"_links":{"self":[{"href":"https:\/\/onesportmallorca.com\/ca\/wp-json\/wp\/v2\/product\/135855","targetHints":{"allow":["GET"]}}],"collection":[{"href":"https:\/\/onesportmallorca.com\/ca\/wp-json\/wp\/v2\/product"}],"about":[{"href":"https:\/\/onesportmallorca.com\/ca\/wp-json\/wp\/v2\/types\/product"}],"wp:featuredmedia":[{"embeddable":true,"href":"https:\/\/onesportmallorca.com\/ca\/wp-json\/wp\/v2\/media\/135872"}],"wp:attachment":[{"href":"https:\/\/onesportmallorca.com\/ca\/wp-json\/wp\/v2\/media?parent=135855"}],"wp:term":[{"taxonomy":"product_brand","embeddable":true,"href":"https:\/\/onesportmallorca.com\/ca\/wp-json\/wp\/v2\/product_brand?post=135855"},{"taxonomy":"product_cat","embeddable":true,"href":"https:\/\/onesportmallorca.com\/ca\/wp-json\/wp\/v2\/product_cat?post=135855"},{"taxonomy":"product_tag","embeddable":true,"href":"https:\/\/onesportmallorca.com\/ca\/wp-json\/wp\/v2\/product_tag?post=135855"}],"curies":[{"name":"wp","href":"https:\/\/api.w.org\/{rel}","templated":true}]}}