{"id":135649,"date":"2026-01-10T11:38:22","date_gmt":"2026-01-10T10:38:22","guid":{"rendered":"https:\/\/onesportmallorca.com\/?post_type=product&#038;p=135649"},"modified":"2026-02-23T22:53:40","modified_gmt":"2026-02-23T21:53:40","slug":"on-cloud-6-wp-m-pelican-ghost-3mf10063563","status":"publish","type":"product","link":"https:\/\/onesportmallorca.com\/ca\/producto\/on-cloud-6-wp-m-pelican-ghost-3mf10063563\/","title":{"rendered":"On Cloud 6 WP M Pelican | Ghost (3MF10063563)"},"content":{"rendered":"<div class=\"_contentCard_x2jp6_59 _card_1dee0_65\" data-test-id=\"productHighlightCard-0\">\n<h2 class=\"_imageTitle_x2jp6_90\">Llueva o haga sol<\/h2>\n<p class=\"_description_x2jp6_113\">El upper incorpora una membrana impermeable con una malla m\u00e1s densa que mejora el rendimiento. Adem\u00e1s, la suela cuenta con una serie de almohadillas de caucho conectadas que aumentan la tracci\u00f3n y el agarre. Unas zapatillas vers\u00e1tiles y listas para todo.<\/p>\n<\/div>\n<div class=\"_contentCard_x2jp6_59 _card_1dee0_65\" data-test-id=\"productHighlightCard-1\">\n<div class=\"_imageWrapper_x2jp6_70\"><\/div>\n<h2 class=\"_imageTitle_x2jp6_90\">Materiales innovadores<\/h2>\n<p class=\"_description_x2jp6_113\">La entresuela de estas zapatillas est\u00e1 hecha con espuma Zero-Gravity bioatribuida, que parte de materiales renovables con certificado ISCC+ como el aceite de cocina usado.<\/p>\n<\/div>\n<div class=\"_contentCard_x2jp6_59 _card_1dee0_65\" data-test-id=\"productHighlightCard-2\">\n<div class=\"_imageWrapper_x2jp6_70\"><\/div>\n<h2 class=\"_imageTitle_x2jp6_90\">Un paso hacia el confort<\/h2>\n<p class=\"_description_x2jp6_113\">Con una abertura m\u00e1s ancha y una nueva plantilla, son f\u00e1ciles de poner, mientras que el dise\u00f1o del tal\u00f3n ofrece m\u00e1s soporte. Adem\u00e1s, su geometr\u00eda mejorada hace que resulten incre\u00edblemente c\u00f3modas para el d\u00eda a d\u00eda.<\/p>\n<\/div>\n","protected":false},"excerpt":{"rendered":"<div class=\"_description_17tug_393\">\n<p>Unas zapatillas que se enfrentan a la lluvia con estilo. Disfruta de una silueta elegante con amortiguaci\u00f3n y membrana impermeable.<\/p>\n<\/div>\n<div class=\"_toggle_1lsx9_59 _medium_1lsx9_66 _fitContent_1lsx9_110 desktopOnly _genderToggle_17tug_416\" role=\"group\" data-test-id=\"genderToggle\">\n<div class=\"_toggleEntry_1lsx9_86 _medium_1lsx9_66\"><\/div>\n<\/div>\n","protected":false},"featured_media":135684,"template":"","meta":[],"product_brand":[7203],"product_cat":[6425,2239],"product_tag":[],"class_list":{"0":"post-135649","1":"product","2":"type-product","3":"status-publish","4":"has-post-thumbnail","6":"product_brand-on-running","7":"product_cat-onr-ca","8":"product_cat-calcat","10":"first","11":"instock","12":"taxable","13":"shipping-taxable","14":"purchasable","15":"product-type-variable","16":"has-default-attributes","17":"rtwpvg-product"},"supplier_id":null,"supplier_sku":"","barcode":null,"atum_controlled":true,"out_stock_date":null,"out_stock_threshold":null,"inheritable":true,"inbound_stock":0,"stock_on_hold":0,"sold_today":2,"sales_last_days":3,"reserved_stock":0,"customer_returns":0,"warehouse_damage":0,"lost_in_post":0,"other_logs":0,"out_stock_days":null,"lost_sales":0,"has_location":true,"update_date":"2026-03-04T18:27:22","atum_locations":[{"id":6282,"name":"Tienda Onesport","slug":"tienda_onesport"}],"atum_stock_status":"instock","restock_status":false,"low_stock_amount":"","sales_update_date":"2026-01-12T09:25:16","calc_backorders":null,"_links":{"self":[{"href":"https:\/\/onesportmallorca.com\/ca\/wp-json\/wp\/v2\/product\/135649","targetHints":{"allow":["GET"]}}],"collection":[{"href":"https:\/\/onesportmallorca.com\/ca\/wp-json\/wp\/v2\/product"}],"about":[{"href":"https:\/\/onesportmallorca.com\/ca\/wp-json\/wp\/v2\/types\/product"}],"wp:featuredmedia":[{"embeddable":true,"href":"https:\/\/onesportmallorca.com\/ca\/wp-json\/wp\/v2\/media\/135684"}],"wp:attachment":[{"href":"https:\/\/onesportmallorca.com\/ca\/wp-json\/wp\/v2\/media?parent=135649"}],"wp:term":[{"taxonomy":"product_brand","embeddable":true,"href":"https:\/\/onesportmallorca.com\/ca\/wp-json\/wp\/v2\/product_brand?post=135649"},{"taxonomy":"product_cat","embeddable":true,"href":"https:\/\/onesportmallorca.com\/ca\/wp-json\/wp\/v2\/product_cat?post=135649"},{"taxonomy":"product_tag","embeddable":true,"href":"https:\/\/onesportmallorca.com\/ca\/wp-json\/wp\/v2\/product_tag?post=135649"}],"curies":[{"name":"wp","href":"https:\/\/api.w.org\/{rel}","templated":true}]}}