{"id":135491,"date":"2026-01-09T12:44:02","date_gmt":"2026-01-09T11:44:02","guid":{"rendered":"https:\/\/onesportmallorca.com\/?post_type=product&#038;p=135491"},"modified":"2026-01-09T13:11:41","modified_gmt":"2026-01-09T12:11:41","slug":"on-cloudultra-3-m-iceberg-glacier-3mf30234788","status":"publish","type":"product","link":"https:\/\/onesportmallorca.com\/ca\/producto\/on-cloudultra-3-m-iceberg-glacier-3mf30234788\/","title":{"rendered":"On Cloudultra 3 M Iceberg | Glacier (3MF30234788)"},"content":{"rendered":"<p>Zapatillas de trail running resistentes con gran retorno de energ\u00eda y amortiguaci\u00f3n, incluso en salidas largas.<\/p>\n<h2 class=\"_title_8gsmh_59\">Detalles del producto<\/h2>\n<ul class=\"_usps_8gsmh_77\">\n<li class=\"\">\n<p class=\"_usp_8gsmh_77\">Peso: 235g<\/p>\n<\/li>\n<li class=\"\">\n<p class=\"_usp_8gsmh_77\">M\u00e1s energ\u00eda con doble entresuela de hiperespuma Helion\u2122 HF<\/p>\n<\/li>\n<li class=\"\">\n<p class=\"_usp_8gsmh_77\">Nuestra suela Missiongrip\u2122 m\u00e1s avanzada hasta la fecha<\/p>\n<\/li>\n<li class=\"\">\n<p class=\"_usp_8gsmh_77\">Dise\u00f1o de rendimiento con An\u00e1lisis de Elementos Finitos<\/p>\n<\/li>\n<li class=\"\">\n<p class=\"_usp_8gsmh_77\">Tacos que ofrecen m\u00e1s tracci\u00f3n y agarre en terrenos t\u00e9cnicos<\/p>\n<\/li>\n<li class=\"\">\n<p class=\"_usp_8gsmh_77\">Upper transpirable de secado r\u00e1pido con tejido leno<\/p>\n<\/li>\n<li class=\"\">\n<p class=\"_usp_8gsmh_77\">Rocker atrevido para aprovechar al m\u00e1ximo la eficiencia<\/p>\n<\/li>\n<li class=\"\">\n<p class=\"_usp_8gsmh_77\">Tecnolog\u00eda innovadora para trail running de larga distancia<\/p>\n<\/li>\n<li class=\"\">\n<p class=\"_usp_8gsmh_77\">Domina hasta los terrenos m\u00e1s t\u00e9cnicos y monta\u00f1osos<\/p>\n<\/li>\n<\/ul>\n","protected":false},"excerpt":{"rendered":"<p>Zapatillas de trail running resistentes con gran retorno de energ\u00eda y amortiguaci\u00f3n, incluso en salidas largas. Detalles del producto Peso:<\/p>\n","protected":false},"featured_media":135529,"template":"","meta":[],"product_brand":[7203],"product_cat":[6425,2239],"product_tag":[],"class_list":{"0":"post-135491","1":"product","2":"type-product","3":"status-publish","4":"has-post-thumbnail","6":"product_brand-on-running","7":"product_cat-onr-ca","8":"product_cat-calcat","10":"first","11":"instock","12":"taxable","13":"shipping-taxable","14":"purchasable","15":"product-type-variable","16":"has-default-attributes","17":"rtwpvg-product"},"supplier_id":null,"supplier_sku":"","barcode":null,"atum_controlled":true,"out_stock_date":null,"out_stock_threshold":null,"inheritable":true,"inbound_stock":0,"stock_on_hold":0,"sold_today":null,"sales_last_days":null,"reserved_stock":0,"customer_returns":0,"warehouse_damage":0,"lost_in_post":0,"other_logs":0,"out_stock_days":null,"lost_sales":null,"has_location":true,"update_date":"2026-01-12T09:25:20","atum_locations":[{"id":6282,"name":"Tienda Onesport","slug":"tienda_onesport"}],"atum_stock_status":"outofstock","restock_status":false,"low_stock_amount":"","sales_update_date":"2026-01-12T09:25:19","calc_backorders":null,"_links":{"self":[{"href":"https:\/\/onesportmallorca.com\/ca\/wp-json\/wp\/v2\/product\/135491","targetHints":{"allow":["GET"]}}],"collection":[{"href":"https:\/\/onesportmallorca.com\/ca\/wp-json\/wp\/v2\/product"}],"about":[{"href":"https:\/\/onesportmallorca.com\/ca\/wp-json\/wp\/v2\/types\/product"}],"wp:featuredmedia":[{"embeddable":true,"href":"https:\/\/onesportmallorca.com\/ca\/wp-json\/wp\/v2\/media\/135529"}],"wp:attachment":[{"href":"https:\/\/onesportmallorca.com\/ca\/wp-json\/wp\/v2\/media?parent=135491"}],"wp:term":[{"taxonomy":"product_brand","embeddable":true,"href":"https:\/\/onesportmallorca.com\/ca\/wp-json\/wp\/v2\/product_brand?post=135491"},{"taxonomy":"product_cat","embeddable":true,"href":"https:\/\/onesportmallorca.com\/ca\/wp-json\/wp\/v2\/product_cat?post=135491"},{"taxonomy":"product_tag","embeddable":true,"href":"https:\/\/onesportmallorca.com\/ca\/wp-json\/wp\/v2\/product_tag?post=135491"}],"curies":[{"name":"wp","href":"https:\/\/api.w.org\/{rel}","templated":true}]}}