{"id":135291,"date":"2026-01-09T10:08:43","date_gmt":"2026-01-09T09:08:43","guid":{"rendered":"https:\/\/onesportmallorca.com\/?post_type=product&#038;p=135291"},"modified":"2026-01-09T10:26:56","modified_gmt":"2026-01-09T09:26:56","slug":"on-cloudsurfer-max-m-wolf-sailor-3mf30434828","status":"publish","type":"product","link":"https:\/\/onesportmallorca.com\/ca\/producto\/on-cloudsurfer-max-m-wolf-sailor-3mf30434828\/","title":{"rendered":"On Cloudsurfer MAX M Wolf | Sailor (3MF30434828)"},"content":{"rendered":"<p>M\u00e1xima amortiguaci\u00f3n, m\u00ednimo esfuerzo. Doble CloudTec Phase\u2122 para m\u00e1s comodidad.<\/p>\n<h2 class=\"_title_8gsmh_59\">Detalles del producto<\/h2>\n<ul class=\"_usps_8gsmh_77\">\n<li class=\"\">\n<p class=\"_usp_8gsmh_77\">Peso: 292g<\/p>\n<\/li>\n<li class=\"\">\n<p class=\"_usp_8gsmh_77\">Doble capa de CloudTec Phase\u2122 que suaviza cada zancada<\/p>\n<\/li>\n<li class=\"\">\n<p class=\"_usp_8gsmh_77\">Superespuma Helion\u2122 para una amortiguaci\u00f3n m\u00e1xima<\/p>\n<\/li>\n<li class=\"\">\n<p class=\"_usp_8gsmh_77\">Entresuela con absorci\u00f3n de impactos que reduce el esfuerzo<\/p>\n<\/li>\n<li class=\"\">\n<p class=\"_usp_8gsmh_77\">Leng\u00fceta de punto m\u00e1s c\u00f3moda que favorece el ajuste<\/p>\n<\/li>\n<li class=\"\">\n<p class=\"_usp_8gsmh_77\">Almohadillas de goma en la suela para un mayor agarre<\/p>\n<\/li>\n<li class=\"\">\n<p class=\"_usp_8gsmh_77\">Upper de malla ligero y transpirable<\/p>\n<\/li>\n<li class=\"\">\n<p class=\"_usp_8gsmh_77\">Refuerzo de los ojales de \u00faltima generaci\u00f3n para m\u00e1s confort<\/p>\n<\/li>\n<li class=\"\">\n<p class=\"_usp_8gsmh_77\">Perfectas para carreras de larga distancia<\/p>\n<\/li>\n<\/ul>\n","protected":false},"excerpt":{"rendered":"<p>M\u00e1xima amortiguaci\u00f3n, m\u00ednimo esfuerzo. Doble CloudTec Phase\u2122 para m\u00e1s comodidad. Detalles del producto Peso: 292g Doble capa de CloudTec Phase\u2122<\/p>\n","protected":false},"featured_media":135332,"template":"","meta":[],"product_brand":[7203],"product_cat":[6425,2239],"product_tag":[],"class_list":{"0":"post-135291","1":"product","2":"type-product","3":"status-publish","4":"has-post-thumbnail","6":"product_brand-on-running","7":"product_cat-onr-ca","8":"product_cat-calcat","10":"first","11":"instock","12":"taxable","13":"shipping-taxable","14":"purchasable","15":"product-type-variable","16":"has-default-attributes","17":"rtwpvg-product"},"supplier_id":null,"supplier_sku":"","barcode":null,"atum_controlled":true,"out_stock_date":null,"out_stock_threshold":null,"inheritable":true,"inbound_stock":0,"stock_on_hold":0,"sold_today":2,"sales_last_days":2,"reserved_stock":0,"customer_returns":0,"warehouse_damage":0,"lost_in_post":0,"other_logs":0,"out_stock_days":null,"lost_sales":0,"has_location":true,"update_date":"2026-03-28T10:28:54","atum_locations":[{"id":6282,"name":"Tienda Onesport","slug":"tienda_onesport"}],"atum_stock_status":"outofstock","restock_status":false,"low_stock_amount":"","sales_update_date":"2026-01-12T09:25:25","calc_backorders":null,"_links":{"self":[{"href":"https:\/\/onesportmallorca.com\/ca\/wp-json\/wp\/v2\/product\/135291","targetHints":{"allow":["GET"]}}],"collection":[{"href":"https:\/\/onesportmallorca.com\/ca\/wp-json\/wp\/v2\/product"}],"about":[{"href":"https:\/\/onesportmallorca.com\/ca\/wp-json\/wp\/v2\/types\/product"}],"wp:featuredmedia":[{"embeddable":true,"href":"https:\/\/onesportmallorca.com\/ca\/wp-json\/wp\/v2\/media\/135332"}],"wp:attachment":[{"href":"https:\/\/onesportmallorca.com\/ca\/wp-json\/wp\/v2\/media?parent=135291"}],"wp:term":[{"taxonomy":"product_brand","embeddable":true,"href":"https:\/\/onesportmallorca.com\/ca\/wp-json\/wp\/v2\/product_brand?post=135291"},{"taxonomy":"product_cat","embeddable":true,"href":"https:\/\/onesportmallorca.com\/ca\/wp-json\/wp\/v2\/product_cat?post=135291"},{"taxonomy":"product_tag","embeddable":true,"href":"https:\/\/onesportmallorca.com\/ca\/wp-json\/wp\/v2\/product_tag?post=135291"}],"curies":[{"name":"wp","href":"https:\/\/api.w.org\/{rel}","templated":true}]}}