{"id":133382,"date":"2025-12-27T11:23:51","date_gmt":"2025-12-27T10:23:51","guid":{"rendered":"https:\/\/onesportmallorca.com\/?post_type=product&#038;p=133382"},"modified":"2026-04-09T20:03:15","modified_gmt":"2026-04-09T18:03:15","slug":"zapatillas-adidas-courtquick-padel-m-dark-blue-silver-metallic-cloud-white-kj3633","status":"publish","type":"product","link":"https:\/\/onesportmallorca.com\/ca\/producto\/zapatillas-adidas-courtquick-padel-m-dark-blue-silver-metallic-cloud-white-kj3633\/","title":{"rendered":"Zapatillas Adidas Courtquick Padel M Dark Blue \/ Silver Metallic \/ Cloud White (KJ3633)"},"content":{"rendered":"<h3 class=\"description_subtitle__5h3_L\">Vuela sobre la pista de p\u00e1del<\/h3>\n<p class=\"description_margin__cBW26\">Para dominar la pista de p\u00e1del, la velocidad es fundamental. Esta zapatilla adidas Courtquick combina un empeine textil ligero con una estructura Slingframe que aporta estabilidad en los giros y cambios r\u00e1pidos de direcci\u00f3n. La mediasuela flexible Bounce y la amortiguaci\u00f3n Cloudfoam te garantizan una pisada m\u00e1s c\u00f3moda. Este producto contiene al menos un 20% de materiales reciclados. Utilizando materiales reciclados, reducimos los residuos, nuestra dependencia de los recursos finitos y la huella que generan los productos que fabricamos.<\/p>\n","protected":false},"excerpt":{"rendered":"<p>Vuela sobre la pista de p\u00e1del Para dominar la pista de p\u00e1del, la velocidad es fundamental. Esta zapatilla adidas Courtquick<\/p>\n","protected":false},"featured_media":133244,"template":"","meta":[],"product_brand":[7193],"product_cat":[2239],"product_tag":[],"class_list":{"0":"post-133382","1":"product","2":"type-product","3":"status-publish","4":"has-post-thumbnail","6":"product_brand-adidas","7":"product_cat-calcat","9":"first","10":"instock","11":"taxable","12":"shipping-taxable","13":"purchasable","14":"product-type-variable","15":"has-default-attributes","16":"rtwpvg-product"},"supplier_id":null,"supplier_sku":"","barcode":null,"atum_controlled":true,"out_stock_date":null,"out_stock_threshold":null,"inheritable":true,"inbound_stock":0,"stock_on_hold":0,"sold_today":3,"sales_last_days":4,"reserved_stock":0,"customer_returns":0,"warehouse_damage":0,"lost_in_post":0,"other_logs":0,"out_stock_days":null,"lost_sales":0,"has_location":true,"update_date":"2026-04-09T18:10:43","atum_locations":[{"id":5967,"name":"Shop Duva","slug":"shop_duva"}],"atum_stock_status":"instock","restock_status":false,"low_stock_amount":"","sales_update_date":"2026-01-12T09:25:45","calc_backorders":null,"_links":{"self":[{"href":"https:\/\/onesportmallorca.com\/ca\/wp-json\/wp\/v2\/product\/133382","targetHints":{"allow":["GET"]}}],"collection":[{"href":"https:\/\/onesportmallorca.com\/ca\/wp-json\/wp\/v2\/product"}],"about":[{"href":"https:\/\/onesportmallorca.com\/ca\/wp-json\/wp\/v2\/types\/product"}],"wp:featuredmedia":[{"embeddable":true,"href":"https:\/\/onesportmallorca.com\/ca\/wp-json\/wp\/v2\/media\/133244"}],"wp:attachment":[{"href":"https:\/\/onesportmallorca.com\/ca\/wp-json\/wp\/v2\/media?parent=133382"}],"wp:term":[{"taxonomy":"product_brand","embeddable":true,"href":"https:\/\/onesportmallorca.com\/ca\/wp-json\/wp\/v2\/product_brand?post=133382"},{"taxonomy":"product_cat","embeddable":true,"href":"https:\/\/onesportmallorca.com\/ca\/wp-json\/wp\/v2\/product_cat?post=133382"},{"taxonomy":"product_tag","embeddable":true,"href":"https:\/\/onesportmallorca.com\/ca\/wp-json\/wp\/v2\/product_tag?post=133382"}],"curies":[{"name":"wp","href":"https:\/\/api.w.org\/{rel}","templated":true}]}}