{"id":131514,"date":"2025-12-15T12:59:18","date_gmt":"2025-12-15T11:59:18","guid":{"rendered":"https:\/\/onesportmallorca.com\/?post_type=product&#038;p=131514"},"modified":"2026-03-21T12:12:48","modified_gmt":"2026-03-21T11:12:48","slug":"camiseta-joma-r-city-helium-104648","status":"publish","type":"product","link":"https:\/\/onesportmallorca.com\/ca\/producto\/camiseta-joma-r-city-helium-104648\/","title":{"rendered":"Camiseta Joma R-City Helium (104648)"},"content":{"rendered":"<p>Camiseta de manga corta para hombre. Esta camiseta t\u00e9cnica de running est\u00e1 desarrollada para alcanzar alto rendimiento en los entrenamientos. Excelente para los aman correr por la ciudad.<\/p>\n<p>Incorpora cuello redondo y aberturas laterales, que facilitan la libertad de movimiento y permiten que cada zancada sea m\u00e1s amplia.<\/p>\n<p>Confeccionada con tejido t\u00e9cnico, ligero, el\u00e1stico y transpirable. En las zonas de mayor sudoraci\u00f3n, se ha a\u00f1adido un acabado en malla que facilita su expulsi\u00f3n, adem\u00e1s de unas peque\u00f1as perforaciones con el mismo fin. Todas las costuras est\u00e1n termoselladas para hacer que la camiseta sea a\u00fan m\u00e1s ligera, as\u00ed como para prevenir rozaduras y ofrecer mayor confort.<\/p>\n<p>Tiene diferentes prints reflectantes, que mejoran la visibilidad del runner en 360\u00aa y, por tanto, su seguridad.<\/p>\n","protected":false},"excerpt":{"rendered":"<p>Camiseta de manga corta para hombre. Esta camiseta t\u00e9cnica de running est\u00e1 desarrollada para alcanzar alto rendimiento en los entrenamientos.<\/p>\n","protected":false},"featured_media":150414,"template":"","meta":[],"product_brand":[7223],"product_cat":[6383,5950,5952],"product_tag":[],"class_list":{"0":"post-131514","1":"product","2":"type-product","3":"status-publish","4":"has-post-thumbnail","6":"product_brand-joma","7":"product_cat-joma-ca","8":"product_cat-roba","9":"product_cat-camiseta-ca","11":"first","12":"outofstock","13":"taxable","14":"shipping-taxable","15":"purchasable","16":"product-type-variable","17":"has-default-attributes","18":"rtwpvg-product"},"supplier_id":null,"supplier_sku":"","barcode":null,"atum_controlled":true,"out_stock_date":null,"out_stock_threshold":null,"inheritable":true,"inbound_stock":0,"stock_on_hold":0,"sold_today":2,"sales_last_days":3,"reserved_stock":0,"customer_returns":0,"warehouse_damage":0,"lost_in_post":0,"other_logs":0,"out_stock_days":null,"lost_sales":0,"has_location":true,"update_date":"2026-04-09T10:47:38","atum_locations":[{"id":6282,"name":"Tienda Onesport","slug":"tienda_onesport"}],"atum_stock_status":"outofstock","restock_status":false,"low_stock_amount":"","sales_update_date":"2026-01-12T09:26:08","calc_backorders":null,"_links":{"self":[{"href":"https:\/\/onesportmallorca.com\/ca\/wp-json\/wp\/v2\/product\/131514","targetHints":{"allow":["GET"]}}],"collection":[{"href":"https:\/\/onesportmallorca.com\/ca\/wp-json\/wp\/v2\/product"}],"about":[{"href":"https:\/\/onesportmallorca.com\/ca\/wp-json\/wp\/v2\/types\/product"}],"wp:featuredmedia":[{"embeddable":true,"href":"https:\/\/onesportmallorca.com\/ca\/wp-json\/wp\/v2\/media\/150414"}],"wp:attachment":[{"href":"https:\/\/onesportmallorca.com\/ca\/wp-json\/wp\/v2\/media?parent=131514"}],"wp:term":[{"taxonomy":"product_brand","embeddable":true,"href":"https:\/\/onesportmallorca.com\/ca\/wp-json\/wp\/v2\/product_brand?post=131514"},{"taxonomy":"product_cat","embeddable":true,"href":"https:\/\/onesportmallorca.com\/ca\/wp-json\/wp\/v2\/product_cat?post=131514"},{"taxonomy":"product_tag","embeddable":true,"href":"https:\/\/onesportmallorca.com\/ca\/wp-json\/wp\/v2\/product_tag?post=131514"}],"curies":[{"name":"wp","href":"https:\/\/api.w.org\/{rel}","templated":true}]}}