{"id":128619,"date":"2025-11-09T18:58:58","date_gmt":"2025-11-09T17:58:58","guid":{"rendered":"https:\/\/onesportmallorca.com\/?post_type=product&#038;p=128619"},"modified":"2025-11-17T19:22:28","modified_gmt":"2025-11-17T18:22:28","slug":"pack-bullpadel-vertex04-man-25","status":"publish","type":"product","link":"https:\/\/onesportmallorca.com\/ca\/producto\/pack-bullpadel-vertex04-man-25\/","title":{"rendered":"Pack Bullpadel Vertex04 MAN 25"},"content":{"rendered":"<p><strong>El Regalo Perfecto para los Jugadores de P\u00e1del: Pack Vertex 04 de Bullpadel<\/strong><\/p>\n<p>Sorprende a tus seres queridos apasionados por el p\u00e1del con el exclusivo\u00a0<strong>Pack Vertex 04 de Bullpadel<\/strong>. Este set premium incluye la\u00a0<strong>pala Vertex 04 Comfort<\/strong>, una elegante\u00a0<strong>mochila Vertex<\/strong>, un\u00a0<strong>overgrip<\/strong>\u00a0para mejorar la comodidad del agarre y un bote de\u00a0<strong>bolas NEXT PRO<\/strong>. Todo lo que un jugador de p\u00e1del necesita para destacar en la pista.<\/p>\n<p>&nbsp;<\/p>\n<p>PALA VERTEX 04 COMFORT<\/p>\n<p>La Vertex 04 Comfort es una pala con forma de diamante, de m\u00e1xima potencia, alto rendimiento sin p\u00e9rdidas de control, y con una superficie rugosa Top Spin. Est\u00e1 concebida para jugadores profesionales o avanzados.<br \/>\nIncorpora dos conceptos nuevos en el marco, el sistema CURVAKTIV: Su estructura retorcida nos proporciona resistencia adicional a las torsiones. Gracias al giro de sus caras, nos permite introducir una secci\u00f3n en el costado de la pala variable. Conseguimos introducir una secci\u00f3n m\u00e1s peque\u00f1a que la del marco de la vertex03 aumentando la rigidez, pero adem\u00e1s conseguimos que vaya ensanch\u00e1ndose la secci\u00f3n a lo largo de su longitud consiguiendo una transmisi\u00f3n m\u00e1s uniforme de las tensiones por toda la pala. Esta mejor distribuci\u00f3n de las vibraciones y esfuerzos est\u00e1 apoyada tambi\u00e9n en la uni\u00f3n del CURVAKTIV con el AIR POWER. El AIR POWER es la evoluci\u00f3n natural del sistema Air React Channel. Es un canal que generamos a trav\u00e9s de una pieza hueca en el costado inferior de la pala. Esta pieza hueca trabaja mejor que si fuera una pieza maciza ya que al estar formada por menos material es menos propensa a la deformaci\u00f3n, haciendo la estructura m\u00e1s fuerte.<br \/>\nSu n\u00facleo externo se compone de fibra h\u00edbrida Fibrix, su n\u00facleo interno est\u00e1 compuesto por la nueva MultiEva que consta de 2 densidades de eva diferentes y su marco CarbonTube de fibra de carbono 100%.<br \/>\nCuenta con el nuevo coraz\u00f3n Vertex.<\/p>\n<p>MOCHILA<\/p>\n<p>Esta mochila t\u00e9cnica dispone de un compartimento principal para guardar todo lo que necesites, tambi\u00e9n dispone de un compartimento reforzado thermo con capacidad para dos palas y, adem\u00e1s, cuenta con un departamento separado y ventilado para ropa usada y calzado y con un bolsillo especial acolchado para transportar port\u00e1tiles o tablets.<\/p>\n<p>El dise\u00f1o de la espaldera cuenta con piezas de foam que garantizan una m\u00e1xima ventilaci\u00f3n y comodidad, adem\u00e1s cuenta con una correa pectoral para un mejor ajuste al cuerpo y un bolsillo lateral donde puedes guardar tu bote de bolas. Fabricada en polipiel.<\/p>\n<p>&nbsp;<\/p>\n<p>BOLAS<br \/>\nBienvenidos a la nueva generaci\u00f3n de Pelotas Bullpadel. \u00bfEstas listo para llevar tu juego a otro nivel?\u00a0 Para aquellos jugadores exigentes y que desean jugar como los profesionales, las Bullpadel NEXT PRO ofrecen un control y velocidad incomparables. Fabricadas con felpa natural de alta calidad, haciendo las delicias de nuestros jugadores profesionales y que har\u00e1 tu partido m\u00e1s vibrante y lleno de emociones. Adem\u00e1s, como bolas oficiales de muchas pruebas del circuito profesional Premier Padel y de la Federaci\u00f3n Internacional de P\u00e1del, garantizan un rendimiento de \u00e9lite que te permitir\u00e1 jugar al m\u00e1ximo nivel.<\/p>\n<p>&nbsp;<\/p>\n<p>OVERGRIP<\/p>\n<p>Confort \u00f3ptimo en todos los aspectos del juego y del entrenamiento. M\u00e1ximo agarre y m\u00e1xima durabilidad. Las microperforaciones aumentan la capacidad de absorci\u00f3n del sudor, consiguiendo un tacto seco. Peso y grosor reducidos para no alterar el comportamiento de la pala. F\u00e1cil colocaci\u00f3n.<\/p>\n","protected":false},"excerpt":{"rendered":"<p>El Regalo Perfecto para los Jugadores de P\u00e1del: Pack Vertex 04 de Bullpadel Sorprende a tus seres queridos apasionados por<\/p>\n","protected":false},"featured_media":128698,"template":"","meta":[],"product_brand":[7211],"product_cat":[6415,6199],"product_tag":[],"class_list":{"0":"post-128619","1":"product","2":"type-product","3":"status-publish","4":"has-post-thumbnail","6":"product_brand-bullpadel","7":"product_cat-bullpadel-ca","8":"product_cat-packs-ca","10":"first","11":"instock","12":"taxable","13":"shipping-taxable","14":"purchasable","15":"product-type-simple"},"supplier_id":null,"supplier_sku":"","barcode":null,"atum_controlled":true,"out_stock_date":null,"out_stock_threshold":null,"inheritable":false,"inbound_stock":0,"stock_on_hold":0,"sold_today":1,"sales_last_days":1,"reserved_stock":0,"customer_returns":0,"warehouse_damage":0,"lost_in_post":0,"other_logs":0,"out_stock_days":0,"lost_sales":0,"has_location":true,"update_date":"2026-03-05T10:37:48","atum_locations":[{"id":5967,"name":"Shop Duva","slug":"shop_duva"}],"atum_stock_status":"instock","restock_status":false,"low_stock_amount":"","sales_update_date":"2025-12-29T17:38:30","calc_backorders":null,"_links":{"self":[{"href":"https:\/\/onesportmallorca.com\/ca\/wp-json\/wp\/v2\/product\/128619","targetHints":{"allow":["GET"]}}],"collection":[{"href":"https:\/\/onesportmallorca.com\/ca\/wp-json\/wp\/v2\/product"}],"about":[{"href":"https:\/\/onesportmallorca.com\/ca\/wp-json\/wp\/v2\/types\/product"}],"wp:featuredmedia":[{"embeddable":true,"href":"https:\/\/onesportmallorca.com\/ca\/wp-json\/wp\/v2\/media\/128698"}],"wp:attachment":[{"href":"https:\/\/onesportmallorca.com\/ca\/wp-json\/wp\/v2\/media?parent=128619"}],"wp:term":[{"taxonomy":"product_brand","embeddable":true,"href":"https:\/\/onesportmallorca.com\/ca\/wp-json\/wp\/v2\/product_brand?post=128619"},{"taxonomy":"product_cat","embeddable":true,"href":"https:\/\/onesportmallorca.com\/ca\/wp-json\/wp\/v2\/product_cat?post=128619"},{"taxonomy":"product_tag","embeddable":true,"href":"https:\/\/onesportmallorca.com\/ca\/wp-json\/wp\/v2\/product_tag?post=128619"}],"curies":[{"name":"wp","href":"https:\/\/api.w.org\/{rel}","templated":true}]}}