{"id":125018,"date":"2025-10-14T19:38:38","date_gmt":"2025-10-14T17:38:38","guid":{"rendered":"https:\/\/onesportmallorca.com\/?post_type=product&#038;p=125018"},"modified":"2026-03-21T10:18:40","modified_gmt":"2026-03-21T09:18:40","slug":"sujetador-powerreact-training-medium-support-techfit","status":"publish","type":"product","link":"https:\/\/onesportmallorca.com\/ca\/producto\/sujetador-powerreact-training-medium-support-techfit\/","title":{"rendered":"Sujetador Adidas Powerreact Training Medium-Support Techfit"},"content":{"rendered":"<h3 class=\"description_subtitle__5h3_L\">Entrena c\u00f3moda y con estilo<\/h3>\n<p class=\"description_margin__cBW26\">Un sujetador deportivo que podr\u00e1s llevar para entrenar o lucir como top, solo o bajo otras prendas. Lo lleves como lo lleves, este sujetador adidas es perfecto para entrenamientos de impacto alto. Su elegante ajuste de compresi\u00f3n se adapta a tu silueta y evita las distracciones. Incorpora la tecnolog\u00eda transpirable AEROREADY que mantiene la piel seca en todo momento. Los detalles de malla proporcionan ventilaci\u00f3n en las zonas de mayor sudoraci\u00f3n. Las copas extra\u00edbles te permiten personalizar su ajuste.<\/p>\n","protected":false},"excerpt":{"rendered":"<p>Entrena c\u00f3moda y con estilo Un sujetador deportivo que podr\u00e1s llevar para entrenar o lucir como top, solo o bajo<\/p>\n","protected":false},"featured_media":125056,"template":"","meta":[],"product_brand":[7193],"product_cat":[6404,6908],"product_tag":[],"class_list":{"0":"post-125018","1":"product","2":"type-product","3":"status-publish","4":"has-post-thumbnail","6":"product_brand-adidas","7":"product_cat-adidas-ca","8":"product_cat-sujetadores-ca","10":"first","11":"outofstock","12":"taxable","13":"shipping-taxable","14":"purchasable","15":"product-type-variable","16":"rtwpvg-product"},"supplier_id":null,"supplier_sku":"","barcode":null,"atum_controlled":true,"out_stock_date":null,"out_stock_threshold":null,"inheritable":true,"inbound_stock":0,"stock_on_hold":0,"sold_today":null,"sales_last_days":null,"reserved_stock":0,"customer_returns":0,"warehouse_damage":0,"lost_in_post":0,"other_logs":0,"out_stock_days":null,"lost_sales":null,"has_location":false,"update_date":"2026-03-21T09:18:51","atum_locations":[],"atum_stock_status":"outofstock","restock_status":false,"low_stock_amount":"","sales_update_date":"2025-12-10T11:21:28","calc_backorders":null,"_links":{"self":[{"href":"https:\/\/onesportmallorca.com\/ca\/wp-json\/wp\/v2\/product\/125018","targetHints":{"allow":["GET"]}}],"collection":[{"href":"https:\/\/onesportmallorca.com\/ca\/wp-json\/wp\/v2\/product"}],"about":[{"href":"https:\/\/onesportmallorca.com\/ca\/wp-json\/wp\/v2\/types\/product"}],"wp:featuredmedia":[{"embeddable":true,"href":"https:\/\/onesportmallorca.com\/ca\/wp-json\/wp\/v2\/media\/125056"}],"wp:attachment":[{"href":"https:\/\/onesportmallorca.com\/ca\/wp-json\/wp\/v2\/media?parent=125018"}],"wp:term":[{"taxonomy":"product_brand","embeddable":true,"href":"https:\/\/onesportmallorca.com\/ca\/wp-json\/wp\/v2\/product_brand?post=125018"},{"taxonomy":"product_cat","embeddable":true,"href":"https:\/\/onesportmallorca.com\/ca\/wp-json\/wp\/v2\/product_cat?post=125018"},{"taxonomy":"product_tag","embeddable":true,"href":"https:\/\/onesportmallorca.com\/ca\/wp-json\/wp\/v2\/product_tag?post=125018"}],"curies":[{"name":"wp","href":"https:\/\/api.w.org\/{rel}","templated":true}]}}