{"id":123348,"date":"2025-10-02T14:12:55","date_gmt":"2025-10-02T12:12:55","guid":{"rendered":"https:\/\/onesportmallorca.com\/?post_type=product&#038;p=123348"},"modified":"2026-03-26T11:47:48","modified_gmt":"2026-03-26T10:47:48","slug":"pala-bullpadel-xplo-comfort-26","status":"publish","type":"product","link":"https:\/\/onesportmallorca.com\/ca\/producto\/pala-bullpadel-xplo-comfort-26\/","title":{"rendered":"Pala Bullpadel XPLO Comfort 26"},"content":{"rendered":"<p>XPLO CMF, una experiencia de juego m\u00e1s c\u00f3moda sin sacrificar la potencia explosiva. Con las \u00faltimas innovaciones del Bullpadel-Lab, esta pala est\u00e1 dise\u00f1ada para aquellos que desean dominar la pista con total autoridad, sin la necesidad de ser un jugador extremadamente potente. La XPLO CMF est\u00e1 preparada para poner la pista a tu servicio, permiti\u00e9ndote disfrutar de un rendimiento explosivo con una comodidad excepcional<\/p>\n<p>Tecnolog\u00edas: Geometric Shape, Geometric Core, Hexature, Air Power, Wave System, Custom Weight, Ease Vibe, Smart Holes ,3D Grain, Vibradrive, Fibrix, Multieva, Carbon Tube.<\/p>\n<p>\u2022 Peso aprox: 360-370 grs.<\/p>\n<p>\u2022 Perfil: 38mm.<\/p>\n<p>\u2022 Balance: \u2248 26.5<\/p>\n<p>\u2022 Superficie de juego: 535 cm\u00b2<\/p>\n<p>\u2022 Forma: Geom\u00e9trica<\/p>\n<p>\u2022 Comp. Exterior: Fibrix<\/p>\n<p>\u2022 Comp. Interior: Multieva.<\/p>\n<p>\u2022 Acabado rugoso: Tipo 3D<\/p>\n<p>\u2022 Nivel: Avanzado<\/p>\n<p>\u2022 Ideal Para: Potencia Explosiva<\/p>\n","protected":false},"excerpt":{"rendered":"<p>XPLO CMF, una experiencia de juego m\u00e1s c\u00f3moda sin sacrificar la potencia explosiva. Con las \u00faltimas innovaciones del Bullpadel-Lab, esta<\/p>\n","protected":false},"featured_media":123366,"template":"","meta":[],"product_brand":[],"product_cat":[6415,2263],"product_tag":[],"class_list":{"0":"post-123348","1":"product","2":"type-product","3":"status-publish","4":"has-post-thumbnail","6":"product_cat-bullpadel-ca","7":"product_cat-pala-ca","9":"first","10":"instock","11":"taxable","12":"shipping-taxable","13":"purchasable","14":"product-type-simple"},"supplier_id":null,"supplier_sku":"","barcode":null,"atum_controlled":true,"out_stock_date":null,"out_stock_threshold":null,"inheritable":false,"inbound_stock":0,"stock_on_hold":0,"sold_today":1,"sales_last_days":2,"reserved_stock":0,"customer_returns":0,"warehouse_damage":0,"lost_in_post":0,"other_logs":0,"out_stock_days":0,"lost_sales":0,"has_location":true,"update_date":"2026-03-26T10:47:50","atum_locations":[{"id":5967,"name":"Shop Duva","slug":"shop_duva"}],"atum_stock_status":"instock","restock_status":false,"low_stock_amount":"","sales_update_date":"2026-01-09T15:33:55","calc_backorders":null,"_links":{"self":[{"href":"https:\/\/onesportmallorca.com\/ca\/wp-json\/wp\/v2\/product\/123348","targetHints":{"allow":["GET"]}}],"collection":[{"href":"https:\/\/onesportmallorca.com\/ca\/wp-json\/wp\/v2\/product"}],"about":[{"href":"https:\/\/onesportmallorca.com\/ca\/wp-json\/wp\/v2\/types\/product"}],"wp:featuredmedia":[{"embeddable":true,"href":"https:\/\/onesportmallorca.com\/ca\/wp-json\/wp\/v2\/media\/123366"}],"wp:attachment":[{"href":"https:\/\/onesportmallorca.com\/ca\/wp-json\/wp\/v2\/media?parent=123348"}],"wp:term":[{"taxonomy":"product_brand","embeddable":true,"href":"https:\/\/onesportmallorca.com\/ca\/wp-json\/wp\/v2\/product_brand?post=123348"},{"taxonomy":"product_cat","embeddable":true,"href":"https:\/\/onesportmallorca.com\/ca\/wp-json\/wp\/v2\/product_cat?post=123348"},{"taxonomy":"product_tag","embeddable":true,"href":"https:\/\/onesportmallorca.com\/ca\/wp-json\/wp\/v2\/product_tag?post=123348"}],"curies":[{"name":"wp","href":"https:\/\/api.w.org\/{rel}","templated":true}]}}