{"id":123272,"date":"2025-10-02T13:49:35","date_gmt":"2025-10-02T11:49:35","guid":{"rendered":"https:\/\/onesportmallorca.com\/?post_type=product&#038;p=123272"},"modified":"2025-10-20T12:48:47","modified_gmt":"2025-10-20T10:48:47","slug":"pala-bullpadel-hack-04-26","status":"publish","type":"product","link":"https:\/\/onesportmallorca.com\/ca\/producto\/pala-bullpadel-hack-04-26\/","title":{"rendered":"Pala Bullpadel Hack 04 26"},"content":{"rendered":"<div id=\"product-description-short-5674\" class=\"description-short\">\n<p>Una pala m\u00e1s r\u00e1pida, m\u00e1s potente, m\u00e1s din\u00e1mica y \u00e1gil. Dise\u00f1ada para incendiar la bola en cada golpe gracias a la combinaci\u00f3n de su exclusivo Total Channel y su inigualable sweet spot que le permite acelerar con mayor facilidad los golpes para llevarlos a otro nivel.<\/p>\n<p>\u00a1Si te gusta jugar r\u00e1pido, la nueva HACK 04 es tu pala!<\/p>\n<p>&nbsp;<\/p>\n<p>Tecnolog\u00edas: Total Channel, Tricore, Air React Channel, Ease Vibe, Custom weight, Smart Holes, 3D Grain, Hesacore, Vibradrive , TriCarbon 18K, Multieva, Carbon Tube.<\/p>\n<p>\u2022 Peso aprox: 365-375 g.<\/p>\n<p>\u2022 Perfil: 38mm.<\/p>\n<p>\u2022 Balance: \u2248 26,4<\/p>\n<p>\u2022 Superficie de juego: 522 cm\u00b2<\/p>\n<p>\u2022 Forma: Diamante.<\/p>\n<p>\u2022 Comp. Exterior: TriCarbon 18K.<\/p>\n<p>\u2022 Comp. Interior: Multieva.<\/p>\n<p>\u2022 Acabado Rugoso: Tipo 3D<\/p>\n<p>\u2022 Nivel: Profesional<\/p>\n<p>\u2022 Ideal para: Acelerar y Atacar<\/p>\n<p>&nbsp;<\/p>\n<\/div>\n<div class=\"product-additional-info\">\n<div class=\"social-sharing\"><\/div>\n<\/div>\n","protected":false},"excerpt":{"rendered":"<p>Una pala m\u00e1s r\u00e1pida, m\u00e1s potente, m\u00e1s din\u00e1mica y \u00e1gil. Dise\u00f1ada para incendiar la bola en cada golpe gracias a<\/p>\n","protected":false},"featured_media":123314,"template":"","meta":[],"product_brand":[],"product_cat":[6415,2263],"product_tag":[],"class_list":{"0":"post-123272","1":"product","2":"type-product","3":"status-publish","4":"has-post-thumbnail","6":"product_cat-bullpadel-ca","7":"product_cat-pala-ca","9":"first","10":"outofstock","11":"taxable","12":"shipping-taxable","13":"purchasable","14":"product-type-simple"},"supplier_id":null,"supplier_sku":"","barcode":null,"atum_controlled":true,"out_stock_date":"2026-03-02 11:27:51","out_stock_threshold":null,"inheritable":false,"inbound_stock":0,"stock_on_hold":0,"sold_today":1,"sales_last_days":1,"reserved_stock":0,"customer_returns":0,"warehouse_damage":0,"lost_in_post":0,"other_logs":0,"out_stock_days":0,"lost_sales":0,"has_location":true,"update_date":"2026-03-02T10:27:55","atum_locations":[{"id":5967,"name":"Shop Duva","slug":"shop_duva"}],"atum_stock_status":"outofstock","restock_status":false,"low_stock_amount":"","sales_update_date":"2026-03-02T10:27:54","calc_backorders":null,"_links":{"self":[{"href":"https:\/\/onesportmallorca.com\/ca\/wp-json\/wp\/v2\/product\/123272","targetHints":{"allow":["GET"]}}],"collection":[{"href":"https:\/\/onesportmallorca.com\/ca\/wp-json\/wp\/v2\/product"}],"about":[{"href":"https:\/\/onesportmallorca.com\/ca\/wp-json\/wp\/v2\/types\/product"}],"wp:featuredmedia":[{"embeddable":true,"href":"https:\/\/onesportmallorca.com\/ca\/wp-json\/wp\/v2\/media\/123314"}],"wp:attachment":[{"href":"https:\/\/onesportmallorca.com\/ca\/wp-json\/wp\/v2\/media?parent=123272"}],"wp:term":[{"taxonomy":"product_brand","embeddable":true,"href":"https:\/\/onesportmallorca.com\/ca\/wp-json\/wp\/v2\/product_brand?post=123272"},{"taxonomy":"product_cat","embeddable":true,"href":"https:\/\/onesportmallorca.com\/ca\/wp-json\/wp\/v2\/product_cat?post=123272"},{"taxonomy":"product_tag","embeddable":true,"href":"https:\/\/onesportmallorca.com\/ca\/wp-json\/wp\/v2\/product_tag?post=123272"}],"curies":[{"name":"wp","href":"https:\/\/api.w.org\/{rel}","templated":true}]}}