{"id":122968,"date":"2025-10-01T11:28:14","date_gmt":"2025-10-01T09:28:14","guid":{"rendered":"https:\/\/onesportmallorca.com\/?post_type=product&#038;p=122968"},"modified":"2025-10-01T11:58:14","modified_gmt":"2025-10-01T09:58:14","slug":"chaleco-adidas-otr-b","status":"publish","type":"product","link":"https:\/\/onesportmallorca.com\/ca\/producto\/chaleco-adidas-otr-b\/","title":{"rendered":"Chaleco Adidas OTR B"},"content":{"rendered":"<p>Enfr\u00e9ntate a las carreras m\u00e1s dif\u00edciles con confianza. Este chaleco de running para hombre ofrece un aislamiento ligero para correr en climas fr\u00edos y detalles reflectantes para mejorar la visibilidad en condiciones de poca luz. Un dobladillo trasero m\u00e1s largo brinda cobertura adicional para que puedas concentrarte m\u00e1s en tu desempe\u00f1o y menos en el aire fr\u00edo. Entonces, abr\u00f3chese los zapatos y salga a la carretera: \u00a1es hora de ser due\u00f1o de la carrera!<\/p>\n","protected":false},"excerpt":{"rendered":"<p>Enfr\u00e9ntate a las carreras m\u00e1s dif\u00edciles con confianza. Este chaleco de running para hombre ofrece un aislamiento ligero para correr<\/p>\n","protected":false},"featured_media":122945,"template":"","meta":[],"product_brand":[7193],"product_cat":[7984],"product_tag":[],"class_list":{"0":"post-122968","1":"product","2":"type-product","3":"status-publish","4":"has-post-thumbnail","6":"product_brand-adidas","7":"product_cat-chaleco-ca","9":"first","10":"instock","11":"taxable","12":"shipping-taxable","13":"purchasable","14":"product-type-variable","15":"rtwpvg-product"},"supplier_id":null,"supplier_sku":"","barcode":null,"atum_controlled":true,"out_stock_date":null,"out_stock_threshold":null,"inheritable":true,"inbound_stock":0,"stock_on_hold":0,"sold_today":1,"sales_last_days":1,"reserved_stock":0,"customer_returns":0,"warehouse_damage":0,"lost_in_post":0,"other_logs":0,"out_stock_days":null,"lost_sales":0,"has_location":false,"update_date":"2025-12-10T11:23:29","atum_locations":[],"atum_stock_status":"instock","restock_status":false,"low_stock_amount":"","sales_update_date":"2025-12-10T11:23:29","calc_backorders":null,"_links":{"self":[{"href":"https:\/\/onesportmallorca.com\/ca\/wp-json\/wp\/v2\/product\/122968","targetHints":{"allow":["GET"]}}],"collection":[{"href":"https:\/\/onesportmallorca.com\/ca\/wp-json\/wp\/v2\/product"}],"about":[{"href":"https:\/\/onesportmallorca.com\/ca\/wp-json\/wp\/v2\/types\/product"}],"wp:featuredmedia":[{"embeddable":true,"href":"https:\/\/onesportmallorca.com\/ca\/wp-json\/wp\/v2\/media\/122945"}],"wp:attachment":[{"href":"https:\/\/onesportmallorca.com\/ca\/wp-json\/wp\/v2\/media?parent=122968"}],"wp:term":[{"taxonomy":"product_brand","embeddable":true,"href":"https:\/\/onesportmallorca.com\/ca\/wp-json\/wp\/v2\/product_brand?post=122968"},{"taxonomy":"product_cat","embeddable":true,"href":"https:\/\/onesportmallorca.com\/ca\/wp-json\/wp\/v2\/product_cat?post=122968"},{"taxonomy":"product_tag","embeddable":true,"href":"https:\/\/onesportmallorca.com\/ca\/wp-json\/wp\/v2\/product_tag?post=122968"}],"curies":[{"name":"wp","href":"https:\/\/api.w.org\/{rel}","templated":true}]}}