{"id":121155,"date":"2025-09-19T16:09:21","date_gmt":"2025-09-19T14:09:21","guid":{"rendered":"https:\/\/onesportmallorca.com\/?post_type=product&#038;p=121155"},"modified":"2025-09-22T14:19:03","modified_gmt":"2025-09-22T12:19:03","slug":"zapatillas-joma-viper-men-2531-black-rvipew2531","status":"publish","type":"product","link":"https:\/\/onesportmallorca.com\/ca\/producto\/zapatillas-joma-viper-men-2531-black-rvipew2531\/","title":{"rendered":"Zapatillas Joma VIPER MEN 2531 BLACK (RVIPEW2531)"},"content":{"rendered":"<h3>Descripci\u00f3n<\/h3>\n<p>&nbsp;<\/p>\n<p>Zapatillas de running para hombre. El modelo mixto Storm Viper es perfecto para aquellos corredores que busquen unas zapatillas para entrenar y competir. Por su altura y tecnolog\u00eda, otorgan un extra de impulso y ayudan a ir mejorando el rendimiento. Como son tan c\u00f3modas, reducen las molestias musculares y favorecen la recuperaci\u00f3n.<\/p>\n<p>Upper elaborado con mesh acabado en Jacquard, muy ligero y transpirable gracias a las perforaciones. que optimizan la ventilaci\u00f3n del sudor y permiten la circulaci\u00f3n del aire dentro de las zapatillas. La tecnolog\u00eda avanzada VTS incorporada mejora la transpirabilidad y el confort, reduciendo la acumulaci\u00f3n de calor dentro de la zapatilla. Asegura que el pie se mantenga fresco y c\u00f3modo durante todo tu entrenamiento o competici\u00f3n.<\/p>\n<p>Sistema de ajuste termosellado JOMA SPORTECH, que brinda sujeci\u00f3n sin a\u00f1adir peso extra.<\/p>\n<p>Mediasuela con drop 8 mm elaborada en una sola pieza con la tecnolog\u00eda amortiguadora y reactiva REACTIVE BALL. Este material se expande para frenar los impactos y luego recupera su forma r\u00e1pidamente.<\/p>\n<p>Adem\u00e1s, la pieza STABILIS del tal\u00f3n estabiliza la zona central y trasera del pie. Esta pieza r\u00edgida se integra en la estructura del calzado, evitando torsiones indeseadas durante la carrera y mejorando el control en cada paso. Su dise\u00f1o ergon\u00f3mico se adapta al movimiento natural del pie, ofreciendo soporte sin sacrificar la flexibilidad.<\/p>\n<p>Suela de caucho DURABILITY ubicado en las zonas de mayor contacto con el asfalto.<\/p>\n<p>&nbsp;<\/p>\n<h3>Caracter\u00edsticas<\/h3>\n<ul class=\"double-column\">\n<li>Corte con mesh transpirable VTS<\/li>\n<li>Corte con sistema de ajuste termosellado SPORTECH<\/li>\n<li>Mediasuela de phylon con tecnolog\u00edas REACTIVE BALL y STABILIS<\/li>\n<li>Suela caucho DURABILITY<\/li>\n<\/ul>\n<h3>Informaci\u00f3n t\u00e9cnica<\/h3>\n<ul class=\"double-column\">\n<li>Drop 8 mm<\/li>\n<li>Ritmo medio: entre 4&#8242; y 5&#8217;30&#8221; por km<\/li>\n<li>Superficie de uso: asfalto<\/li>\n<li>Rendimiento: alto<\/li>\n<\/ul>\n","protected":false},"excerpt":{"rendered":"<p>Descripci\u00f3n &nbsp; Zapatillas de running para hombre. El modelo mixto Storm Viper es perfecto para aquellos corredores que busquen unas<\/p>\n","protected":false},"featured_media":121186,"template":"","meta":[],"product_brand":[7223],"product_cat":[2239],"product_tag":[],"class_list":{"0":"post-121155","1":"product","2":"type-product","3":"status-publish","4":"has-post-thumbnail","6":"product_brand-joma","7":"product_cat-calcat","9":"first","10":"instock","11":"taxable","12":"shipping-taxable","13":"purchasable","14":"product-type-variable","15":"has-default-attributes","16":"rtwpvg-product"},"supplier_id":null,"supplier_sku":"","barcode":null,"atum_controlled":true,"out_stock_date":null,"out_stock_threshold":null,"inheritable":true,"inbound_stock":0,"stock_on_hold":0,"sold_today":4,"sales_last_days":5,"reserved_stock":0,"customer_returns":0,"warehouse_damage":0,"lost_in_post":0,"other_logs":0,"out_stock_days":null,"lost_sales":0,"has_location":true,"update_date":"2026-03-18T12:44:44","atum_locations":[{"id":6282,"name":"Tienda Onesport","slug":"tienda_onesport"}],"atum_stock_status":"instock","restock_status":false,"low_stock_amount":"","sales_update_date":"2025-10-17T08:21:35","calc_backorders":null,"_links":{"self":[{"href":"https:\/\/onesportmallorca.com\/ca\/wp-json\/wp\/v2\/product\/121155","targetHints":{"allow":["GET"]}}],"collection":[{"href":"https:\/\/onesportmallorca.com\/ca\/wp-json\/wp\/v2\/product"}],"about":[{"href":"https:\/\/onesportmallorca.com\/ca\/wp-json\/wp\/v2\/types\/product"}],"wp:featuredmedia":[{"embeddable":true,"href":"https:\/\/onesportmallorca.com\/ca\/wp-json\/wp\/v2\/media\/121186"}],"wp:attachment":[{"href":"https:\/\/onesportmallorca.com\/ca\/wp-json\/wp\/v2\/media?parent=121155"}],"wp:term":[{"taxonomy":"product_brand","embeddable":true,"href":"https:\/\/onesportmallorca.com\/ca\/wp-json\/wp\/v2\/product_brand?post=121155"},{"taxonomy":"product_cat","embeddable":true,"href":"https:\/\/onesportmallorca.com\/ca\/wp-json\/wp\/v2\/product_cat?post=121155"},{"taxonomy":"product_tag","embeddable":true,"href":"https:\/\/onesportmallorca.com\/ca\/wp-json\/wp\/v2\/product_tag?post=121155"}],"curies":[{"name":"wp","href":"https:\/\/api.w.org\/{rel}","templated":true}]}}