{"id":120940,"date":"2025-09-18T18:18:01","date_gmt":"2025-09-18T16:18:01","guid":{"rendered":"https:\/\/onesportmallorca.com\/?post_type=product&#038;p=120940"},"modified":"2025-09-18T18:53:38","modified_gmt":"2025-09-18T16:53:38","slug":"zapatillas-adidas-duramo-speed-2-lightstrike","status":"publish","type":"product","link":"https:\/\/onesportmallorca.com\/ca\/producto\/zapatillas-adidas-duramo-speed-2-lightstrike\/","title":{"rendered":"Zapatillas Adidas DURAMO Speed 2 LightStrike"},"content":{"rendered":"<p><strong>Pulveriza tus metas<\/strong><\/p>\n<p>Esta zapatilla de running adidas est\u00e1 dise\u00f1ada para ayudarte a alcanzar cualquier meta que te propongas, ya sea correr una 10K o superar tu mejor marca personal. Para ello, incorpora una mediasuela ligera con tecnolog\u00eda de amortiguaci\u00f3n Lightstrike y una suela de TPU que te ofrece una excelente tracci\u00f3n en pista o asfalto. El empeine de malla t\u00e9cnica transpirable te garantiza una sujeci\u00f3n \u00f3ptima a cualquier ritmo.<\/p>\n<p>Este producto contiene al menos un 20% de materiales reciclados. Utilizando materiales reciclados, reducimos los residuos, nuestra dependencia de los recursos finitos y la huella que generan los productos que fabricamos.<\/p>\n","protected":false},"excerpt":{"rendered":"<p>Pulveriza tus metas Esta zapatilla de running adidas est\u00e1 dise\u00f1ada para ayudarte a alcanzar cualquier meta que te propongas, ya<\/p>\n","protected":false},"featured_media":121019,"template":"","meta":[],"product_brand":[7193],"product_cat":[2239],"product_tag":[],"class_list":{"0":"post-120940","1":"product","2":"type-product","3":"status-publish","4":"has-post-thumbnail","6":"product_brand-adidas","7":"product_cat-calcat","9":"first","10":"instock","11":"sale","12":"taxable","13":"shipping-taxable","14":"purchasable","15":"product-type-variable","16":"has-default-attributes","17":"rtwpvg-product"},"supplier_id":null,"supplier_sku":"","barcode":null,"atum_controlled":true,"out_stock_date":null,"out_stock_threshold":null,"inheritable":true,"inbound_stock":0,"stock_on_hold":0,"sold_today":1,"sales_last_days":1,"reserved_stock":0,"customer_returns":0,"warehouse_damage":0,"lost_in_post":0,"other_logs":0,"out_stock_days":null,"lost_sales":0,"has_location":false,"update_date":"2025-12-29T17:42:32","atum_locations":[],"atum_stock_status":"outofstock","restock_status":false,"low_stock_amount":"","sales_update_date":"2025-10-17T08:21:36","calc_backorders":null,"_links":{"self":[{"href":"https:\/\/onesportmallorca.com\/ca\/wp-json\/wp\/v2\/product\/120940","targetHints":{"allow":["GET"]}}],"collection":[{"href":"https:\/\/onesportmallorca.com\/ca\/wp-json\/wp\/v2\/product"}],"about":[{"href":"https:\/\/onesportmallorca.com\/ca\/wp-json\/wp\/v2\/types\/product"}],"wp:featuredmedia":[{"embeddable":true,"href":"https:\/\/onesportmallorca.com\/ca\/wp-json\/wp\/v2\/media\/121019"}],"wp:attachment":[{"href":"https:\/\/onesportmallorca.com\/ca\/wp-json\/wp\/v2\/media?parent=120940"}],"wp:term":[{"taxonomy":"product_brand","embeddable":true,"href":"https:\/\/onesportmallorca.com\/ca\/wp-json\/wp\/v2\/product_brand?post=120940"},{"taxonomy":"product_cat","embeddable":true,"href":"https:\/\/onesportmallorca.com\/ca\/wp-json\/wp\/v2\/product_cat?post=120940"},{"taxonomy":"product_tag","embeddable":true,"href":"https:\/\/onesportmallorca.com\/ca\/wp-json\/wp\/v2\/product_tag?post=120940"}],"curies":[{"name":"wp","href":"https:\/\/api.w.org\/{rel}","templated":true}]}}