{"id":120597,"date":"2025-09-18T13:06:46","date_gmt":"2025-09-18T11:06:46","guid":{"rendered":"https:\/\/onesportmallorca.com\/?post_type=product&#038;p=120597"},"modified":"2025-09-18T13:19:02","modified_gmt":"2025-09-18T11:19:02","slug":"falda-adidas-club-dark-blue-jn1972","status":"publish","type":"product","link":"https:\/\/onesportmallorca.com\/ca\/producto\/falda-adidas-club-dark-blue-jn1972\/","title":{"rendered":"Falda Adidas Club DARK BLUE (JN1972)"},"content":{"rendered":"<p>Lleva tu juego a un nivel superior con esta falda adidas. Parte de una colecci\u00f3n del Club que ofrece ropa de tenis para todo tipo de jugadores, te mantendr\u00e1 c\u00f3modo en la cancha con un suave tejido de piqu\u00e9 que incluye un poco de elasticidad. CLIMACOOL absorbe y dispersa el sudor para un rendimiento fresco, seco y sin distracciones. Un par de leggings incorporados brindan una cobertura que genera confianza. CLIMACOOL te ayuda a gestionar el sudor con materiales que absorben y gestionan el sudor r\u00e1pidamente. Sus fibras de secado r\u00e1pido te dan una sensaci\u00f3n de piel fresca. Este producto est\u00e1 fabricado con al menos un 70% de materiales reciclados. Al reutilizar materiales que ya se han creado, ayudamos a reducir los residuos y nuestra dependencia de recursos finitos y reducimos la huella de los productos que fabricamos.<\/p>\n","protected":false},"excerpt":{"rendered":"<p>Lleva tu juego a un nivel superior con esta falda adidas. Parte de una colecci\u00f3n del Club que ofrece ropa<\/p>\n","protected":false},"featured_media":120632,"template":"","meta":[],"product_brand":[7193],"product_cat":[2249],"product_tag":[],"class_list":{"0":"post-120597","1":"product","2":"type-product","3":"status-publish","4":"has-post-thumbnail","6":"product_brand-adidas","7":"product_cat-faldilla","9":"first","10":"instock","11":"taxable","12":"shipping-taxable","13":"purchasable","14":"product-type-variable","15":"has-default-attributes","16":"rtwpvg-product"},"supplier_id":null,"supplier_sku":"","barcode":null,"atum_controlled":true,"out_stock_date":null,"out_stock_threshold":null,"inheritable":true,"inbound_stock":0,"stock_on_hold":0,"sold_today":2,"sales_last_days":2,"reserved_stock":0,"customer_returns":0,"warehouse_damage":0,"lost_in_post":0,"other_logs":0,"out_stock_days":null,"lost_sales":0,"has_location":true,"update_date":"2026-03-08T11:03:03","atum_locations":[{"id":5967,"name":"Shop Duva","slug":"shop_duva"}],"atum_stock_status":"outofstock","restock_status":false,"low_stock_amount":"","sales_update_date":"2025-10-17T08:21:44","calc_backorders":null,"_links":{"self":[{"href":"https:\/\/onesportmallorca.com\/ca\/wp-json\/wp\/v2\/product\/120597","targetHints":{"allow":["GET"]}}],"collection":[{"href":"https:\/\/onesportmallorca.com\/ca\/wp-json\/wp\/v2\/product"}],"about":[{"href":"https:\/\/onesportmallorca.com\/ca\/wp-json\/wp\/v2\/types\/product"}],"wp:featuredmedia":[{"embeddable":true,"href":"https:\/\/onesportmallorca.com\/ca\/wp-json\/wp\/v2\/media\/120632"}],"wp:attachment":[{"href":"https:\/\/onesportmallorca.com\/ca\/wp-json\/wp\/v2\/media?parent=120597"}],"wp:term":[{"taxonomy":"product_brand","embeddable":true,"href":"https:\/\/onesportmallorca.com\/ca\/wp-json\/wp\/v2\/product_brand?post=120597"},{"taxonomy":"product_cat","embeddable":true,"href":"https:\/\/onesportmallorca.com\/ca\/wp-json\/wp\/v2\/product_cat?post=120597"},{"taxonomy":"product_tag","embeddable":true,"href":"https:\/\/onesportmallorca.com\/ca\/wp-json\/wp\/v2\/product_tag?post=120597"}],"curies":[{"name":"wp","href":"https:\/\/api.w.org\/{rel}","templated":true}]}}