{"id":119128,"date":"2025-09-09T17:58:20","date_gmt":"2025-09-09T15:58:20","guid":{"rendered":"https:\/\/onesportmallorca.com\/?post_type=product&#038;p=119128"},"modified":"2025-11-04T13:23:17","modified_gmt":"2025-11-04T12:23:17","slug":"pantalon-largo-adidas-chandal-essentials-big-logo","status":"publish","type":"product","link":"https:\/\/onesportmallorca.com\/ca\/producto\/pantalon-largo-adidas-chandal-essentials-big-logo\/","title":{"rendered":"Pantal\u00f3n Largo Adidas Ch\u00e1ndal Essentials Big Logo"},"content":{"rendered":"<h3 class=\"description_subtitle__5h3_L\">Cuando necesitas comodidad, ponte estos pantalones adidas c\u00f3modos. Hechos de felpa suave, son perfectos para relajarte en casa o salir a tomar un caf\u00e9 con amigos. Los pu\u00f1os en los tobillos le dan esa silueta deportiva cl\u00e1sica. Un logo de 3 bandas en la pierna completa el look. Al optar por materiales reciclados, podemos reutilizar materiales que ya han sido creados, lo que ayuda a reducir los desechos. La elecci\u00f3n de materiales renovables nos ayudar\u00e1 a salir de nuestra dependencia de recursos agotables. Nuestros productos fabricados a partir de una mezcla de materiales reciclados y renovables contienen al menos un 70 % de estos materiales.<\/h3>\n<p class=\"description_margin__cBW26\">\n","protected":false},"excerpt":{"rendered":"<p>Cuando necesitas comodidad, ponte estos pantalones adidas c\u00f3modos. Hechos de felpa suave, son perfectos para relajarte en casa o salir<\/p>\n","protected":false},"featured_media":119091,"template":"","meta":[],"product_brand":[7193],"product_cat":[6404,5950,2684],"product_tag":[],"class_list":{"0":"post-119128","1":"product","2":"type-product","3":"status-publish","4":"has-post-thumbnail","6":"product_brand-adidas","7":"product_cat-adidas-ca","8":"product_cat-roba","9":"product_cat-pantalon-ca","11":"first","12":"outofstock","13":"sale","14":"taxable","15":"shipping-taxable","16":"purchasable","17":"product-type-variable","18":"has-default-attributes","19":"rtwpvg-product"},"supplier_id":null,"supplier_sku":"","barcode":null,"atum_controlled":true,"out_stock_date":null,"out_stock_threshold":null,"inheritable":true,"inbound_stock":0,"stock_on_hold":0,"sold_today":4,"sales_last_days":4,"reserved_stock":0,"customer_returns":0,"warehouse_damage":0,"lost_in_post":0,"other_logs":0,"out_stock_days":null,"lost_sales":0,"has_location":true,"update_date":"2026-02-27T13:59:26","atum_locations":[{"id":6282,"name":"Tienda Onesport","slug":"tienda_onesport"}],"atum_stock_status":"instock","restock_status":false,"low_stock_amount":"","sales_update_date":"2025-10-13T14:37:46","calc_backorders":null,"_links":{"self":[{"href":"https:\/\/onesportmallorca.com\/ca\/wp-json\/wp\/v2\/product\/119128","targetHints":{"allow":["GET"]}}],"collection":[{"href":"https:\/\/onesportmallorca.com\/ca\/wp-json\/wp\/v2\/product"}],"about":[{"href":"https:\/\/onesportmallorca.com\/ca\/wp-json\/wp\/v2\/types\/product"}],"wp:featuredmedia":[{"embeddable":true,"href":"https:\/\/onesportmallorca.com\/ca\/wp-json\/wp\/v2\/media\/119091"}],"wp:attachment":[{"href":"https:\/\/onesportmallorca.com\/ca\/wp-json\/wp\/v2\/media?parent=119128"}],"wp:term":[{"taxonomy":"product_brand","embeddable":true,"href":"https:\/\/onesportmallorca.com\/ca\/wp-json\/wp\/v2\/product_brand?post=119128"},{"taxonomy":"product_cat","embeddable":true,"href":"https:\/\/onesportmallorca.com\/ca\/wp-json\/wp\/v2\/product_cat?post=119128"},{"taxonomy":"product_tag","embeddable":true,"href":"https:\/\/onesportmallorca.com\/ca\/wp-json\/wp\/v2\/product_tag?post=119128"}],"curies":[{"name":"wp","href":"https:\/\/api.w.org\/{rel}","templated":true}]}}