{"id":117099,"date":"2025-09-04T13:10:11","date_gmt":"2025-09-04T11:10:11","guid":{"rendered":"https:\/\/onesportmallorca.com\/?post_type=product&#038;p=117099"},"modified":"2025-09-04T13:22:21","modified_gmt":"2025-09-04T11:22:21","slug":"zapatilla-adidas-terrex-agravic-3-verdes-hp3686","status":"publish","type":"product","link":"https:\/\/onesportmallorca.com\/ca\/producto\/zapatilla-adidas-terrex-agravic-3-verdes-hp3686\/","title":{"rendered":"Zapatilla Adidas Terrex Agravic 3 Verdes (HP3686)"},"content":{"rendered":"<p>Sum\u00e9rgete en la naturaleza con las zapatillas de trail running adidas Terrex Agravic Flow 3. Con una parte superior de malla resistente a la abrasi\u00f3n y tecnolog\u00eda Lightstrike 2.0 para mayor estabilidad y amortiguaci\u00f3n sensible, estos zapatos est\u00e1n dise\u00f1ados para manejar terrenos irregulares. La suela de caucho Continental proporciona un agarre confiable, mientras que las superposiciones sin costuras y la leng\u00fceta reforzada garantizan un ajuste c\u00f3modo y ce\u00f1ido. Enfr\u00e9ntate a cualquier sendero conconfianza con estos corredores vers\u00e1tiles.<\/p>\n","protected":false},"excerpt":{"rendered":"<p>Sum\u00e9rgete en la naturaleza con las zapatillas de trail running adidas Terrex Agravic Flow 3. Con una parte superior de<\/p>\n","protected":false},"featured_media":117150,"template":"","meta":[],"product_brand":[7193],"product_cat":[6404,2239],"product_tag":[],"class_list":{"0":"post-117099","1":"product","2":"type-product","3":"status-publish","4":"has-post-thumbnail","6":"product_brand-adidas","7":"product_cat-adidas-ca","8":"product_cat-calcat","10":"first","11":"instock","12":"taxable","13":"shipping-taxable","14":"purchasable","15":"product-type-variable","16":"has-default-attributes","17":"rtwpvg-product"},"supplier_id":null,"supplier_sku":"","barcode":null,"atum_controlled":true,"out_stock_date":null,"out_stock_threshold":null,"inheritable":true,"inbound_stock":0,"stock_on_hold":0,"sold_today":1,"sales_last_days":1,"reserved_stock":0,"customer_returns":0,"warehouse_damage":0,"lost_in_post":0,"other_logs":0,"out_stock_days":null,"lost_sales":0,"has_location":false,"update_date":"2025-09-28T18:46:22","atum_locations":[],"atum_stock_status":"outofstock","restock_status":false,"low_stock_amount":"","sales_update_date":"2025-09-28T18:46:22","calc_backorders":null,"_links":{"self":[{"href":"https:\/\/onesportmallorca.com\/ca\/wp-json\/wp\/v2\/product\/117099","targetHints":{"allow":["GET"]}}],"collection":[{"href":"https:\/\/onesportmallorca.com\/ca\/wp-json\/wp\/v2\/product"}],"about":[{"href":"https:\/\/onesportmallorca.com\/ca\/wp-json\/wp\/v2\/types\/product"}],"wp:featuredmedia":[{"embeddable":true,"href":"https:\/\/onesportmallorca.com\/ca\/wp-json\/wp\/v2\/media\/117150"}],"wp:attachment":[{"href":"https:\/\/onesportmallorca.com\/ca\/wp-json\/wp\/v2\/media?parent=117099"}],"wp:term":[{"taxonomy":"product_brand","embeddable":true,"href":"https:\/\/onesportmallorca.com\/ca\/wp-json\/wp\/v2\/product_brand?post=117099"},{"taxonomy":"product_cat","embeddable":true,"href":"https:\/\/onesportmallorca.com\/ca\/wp-json\/wp\/v2\/product_cat?post=117099"},{"taxonomy":"product_tag","embeddable":true,"href":"https:\/\/onesportmallorca.com\/ca\/wp-json\/wp\/v2\/product_tag?post=117099"}],"curies":[{"name":"wp","href":"https:\/\/api.w.org\/{rel}","templated":true}]}}