{"id":116598,"date":"2025-09-03T10:05:39","date_gmt":"2025-09-03T08:05:39","guid":{"rendered":"https:\/\/onesportmallorca.com\/?post_type=product&#038;p=116598"},"modified":"2025-09-03T10:39:54","modified_gmt":"2025-09-03T08:39:54","slug":"zapatilla-hoka-m-challenger-8-skyward-blue-white-1168716sblw","status":"publish","type":"product","link":"https:\/\/onesportmallorca.com\/ca\/producto\/zapatilla-hoka-m-challenger-8-skyward-blue-white-1168716sblw\/","title":{"rendered":"Zapatilla Hoka M Challenger 8 SkyWard Blue \/ White  (1168716SBLW)"},"content":{"rendered":"<h2 class=\"description__title\">The Rundown<\/h2>\n<div id=\"description-info\" class=\"description__info\">\n<div class=\"content\">\n<div class=\"js-short-description-expander short-description-expander short-description-expander--show\">\n<div id=\"short-description-full\" class=\"short-description-expander__full collapse in show\" aria-expanded=\"true\">Listas para el asfalto. Probadas en el trail. Dise\u00f1adas para rendir tanto en el asfalto como en el trail, las Challenger\u00a08 combinan una amortiguaci\u00f3n suave con una tracci\u00f3n segura, por lo que te ofrecen el control y confort necesarios para conquistar cualquier terreno. Estas zapatillas todoterreno, adoradas por su pisada ultrac\u00f3moda, ahora llevan a\u00fan m\u00e1s espuma bajo el pie y un ajuste perfeccionado respecto a la versi\u00f3n anterior. Con un empeine minimalista de malla, un cuello acolchado y una puntera de goma resistente, hemos redise\u00f1ado la orientaci\u00f3n de los tacos en m\u00faltiples direcciones para garantizar la mejor experiencia sin l\u00edmites hasta la fecha.<\/div>\n<div aria-expanded=\"true\"><\/div>\n<\/div>\n<div aria-expanded=\"true\">\n<div class=\"description-techspecs description-techspecs--bestfor\">\n<div class=\"description-techspecs__title title\">Uso<\/div>\n<div class=\"description-techspecs__items collapsible-recommendations\">\n<div class=\"description-techspecs__item\">Carretera<\/div>\n<div class=\"description-techspecs__item\">Trail<\/div>\n<\/div>\n<\/div>\n<div class=\"description-techspecs description-techspecs--features \">\n<div class=\"description-techspecs__title\">Caracter\u00edsticas:<\/div>\n<div class=\"description-techspecs__items\">\n<ul class=\"features-container\">\n<li class=\"feature-item\">Malla t\u00e9cnica fabricada con un 100\u00a0% de rPET<\/li>\n<li class=\"feature-item\">Puntera serigrafiada en 3D<\/li>\n<li class=\"feature-item\">EVA moldeada por compresi\u00f3n<\/li>\n<li class=\"feature-item\">Tacos en m\u00faltiples direcciones de 4\u00a0mm<\/li>\n<li class=\"feature-item\">Detalles reflectantes<\/li>\n<\/ul>\n<\/div>\n<\/div>\n<div class=\"description-whatsnew\">\n<p><strong>NOVEDADES<\/strong><\/p>\n<p>Descubrir\u00e1s una nueva horma con mayor longitud y un ajuste mejorado en el antepi\u00e9 y el empeine. Tambi\u00e9n hemos mejorado la tracci\u00f3n con un dise\u00f1o renovado de los tacos.<\/p>\n<\/div>\n<\/div>\n<div aria-expanded=\"true\"><\/div>\n<\/div>\n<\/div>\n","protected":false},"excerpt":{"rendered":"<p>The Rundown Listas para el asfalto. Probadas en el trail. Dise\u00f1adas para rendir tanto en el asfalto como en el<\/p>\n","protected":false},"featured_media":116651,"template":"","meta":[],"product_brand":[7224],"product_cat":[6395,2239],"product_tag":[],"class_list":{"0":"post-116598","1":"product","2":"type-product","3":"status-publish","4":"has-post-thumbnail","6":"product_brand-hoka","7":"product_cat-hoka-ca","8":"product_cat-calcat","10":"first","11":"instock","12":"taxable","13":"shipping-taxable","14":"purchasable","15":"product-type-variable","16":"has-default-attributes","17":"rtwpvg-product"},"supplier_id":null,"supplier_sku":"","barcode":null,"atum_controlled":true,"out_stock_date":null,"out_stock_threshold":null,"inheritable":false,"inbound_stock":0,"stock_on_hold":0,"sold_today":1,"sales_last_days":2,"reserved_stock":0,"customer_returns":0,"warehouse_damage":0,"lost_in_post":0,"other_logs":0,"out_stock_days":null,"lost_sales":0,"has_location":false,"update_date":"2026-03-10T16:06:30","atum_locations":[],"atum_stock_status":"instock","restock_status":false,"low_stock_amount":"","sales_update_date":"2025-09-25T16:49:58","calc_backorders":null,"_links":{"self":[{"href":"https:\/\/onesportmallorca.com\/ca\/wp-json\/wp\/v2\/product\/116598","targetHints":{"allow":["GET"]}}],"collection":[{"href":"https:\/\/onesportmallorca.com\/ca\/wp-json\/wp\/v2\/product"}],"about":[{"href":"https:\/\/onesportmallorca.com\/ca\/wp-json\/wp\/v2\/types\/product"}],"wp:featuredmedia":[{"embeddable":true,"href":"https:\/\/onesportmallorca.com\/ca\/wp-json\/wp\/v2\/media\/116651"}],"wp:attachment":[{"href":"https:\/\/onesportmallorca.com\/ca\/wp-json\/wp\/v2\/media?parent=116598"}],"wp:term":[{"taxonomy":"product_brand","embeddable":true,"href":"https:\/\/onesportmallorca.com\/ca\/wp-json\/wp\/v2\/product_brand?post=116598"},{"taxonomy":"product_cat","embeddable":true,"href":"https:\/\/onesportmallorca.com\/ca\/wp-json\/wp\/v2\/product_cat?post=116598"},{"taxonomy":"product_tag","embeddable":true,"href":"https:\/\/onesportmallorca.com\/ca\/wp-json\/wp\/v2\/product_tag?post=116598"}],"curies":[{"name":"wp","href":"https:\/\/api.w.org\/{rel}","templated":true}]}}