{"id":114779,"date":"2025-08-25T00:14:00","date_gmt":"2025-08-24T22:14:00","guid":{"rendered":"https:\/\/onesportmallorca.com\/?post_type=product&#038;p=114779"},"modified":"2026-02-23T12:56:49","modified_gmt":"2026-02-23T11:56:49","slug":"calcetines-salomon-pulse-race-flag-crew-unisex","status":"publish","type":"product","link":"https:\/\/onesportmallorca.com\/ca\/producto\/calcetines-salomon-pulse-race-flag-crew-unisex\/","title":{"rendered":"Calcetines Salomon PULSE RACE FLAG Unisex"},"content":{"rendered":"<p class=\"s-typo-body4\">Un fino calcet\u00edn que abraza el pie, tan minimalista que te olvidar\u00e1s de que est\u00e1 ah\u00ed. Nuestro calcet\u00edn Pulse Race Flag Crew, perfecto para carreras y competiciones r\u00e1pidas de distancia corta o media, se elabora con nailon extremadamente suave, con protecci\u00f3n esencial en zonas focalizadas. El dise\u00f1o actualizado se inspira en nuestros hist\u00f3ricos colores de bandera de competici\u00f3n.<\/p>\n<ul class=\"s-typo-body4 s-list-disc s-pl-s\">\n<li>Peso por unidad:\u00a019 G<\/li>\n<li>Actividades:\u00a0Running<\/li>\n<li>Descripci\u00f3n de tipo de producto (prendas y equipos):\u00a0Calcetines unisex<\/li>\n<\/ul>\n","protected":false},"excerpt":{"rendered":"<p>Un fino calcet\u00edn que abraza el pie, tan minimalista que te olvidar\u00e1s de que est\u00e1 ah\u00ed. Nuestro calcet\u00edn Pulse Race<\/p>\n","protected":false},"featured_media":114792,"template":"","meta":[],"product_brand":[7231],"product_cat":[7748,2233],"product_tag":[],"class_list":{"0":"post-114779","1":"product","2":"type-product","3":"status-publish","4":"has-post-thumbnail","6":"product_brand-salomon","7":"product_cat-salomon-ca","8":"product_cat-mitjons","10":"first","11":"instock","12":"taxable","13":"shipping-taxable","14":"purchasable","15":"product-type-variable","16":"has-default-attributes","17":"rtwpvg-product"},"supplier_id":null,"supplier_sku":"","barcode":null,"atum_controlled":true,"out_stock_date":null,"out_stock_threshold":null,"inheritable":true,"inbound_stock":0,"stock_on_hold":0,"sold_today":6,"sales_last_days":6,"reserved_stock":0,"customer_returns":0,"warehouse_damage":0,"lost_in_post":0,"other_logs":0,"out_stock_days":null,"lost_sales":0,"has_location":false,"update_date":"2026-02-23T11:56:53","atum_locations":[],"atum_stock_status":"instock","restock_status":false,"low_stock_amount":"","sales_update_date":"2025-10-16T11:43:25","calc_backorders":null,"_links":{"self":[{"href":"https:\/\/onesportmallorca.com\/ca\/wp-json\/wp\/v2\/product\/114779","targetHints":{"allow":["GET"]}}],"collection":[{"href":"https:\/\/onesportmallorca.com\/ca\/wp-json\/wp\/v2\/product"}],"about":[{"href":"https:\/\/onesportmallorca.com\/ca\/wp-json\/wp\/v2\/types\/product"}],"wp:featuredmedia":[{"embeddable":true,"href":"https:\/\/onesportmallorca.com\/ca\/wp-json\/wp\/v2\/media\/114792"}],"wp:attachment":[{"href":"https:\/\/onesportmallorca.com\/ca\/wp-json\/wp\/v2\/media?parent=114779"}],"wp:term":[{"taxonomy":"product_brand","embeddable":true,"href":"https:\/\/onesportmallorca.com\/ca\/wp-json\/wp\/v2\/product_brand?post=114779"},{"taxonomy":"product_cat","embeddable":true,"href":"https:\/\/onesportmallorca.com\/ca\/wp-json\/wp\/v2\/product_cat?post=114779"},{"taxonomy":"product_tag","embeddable":true,"href":"https:\/\/onesportmallorca.com\/ca\/wp-json\/wp\/v2\/product_tag?post=114779"}],"curies":[{"name":"wp","href":"https:\/\/api.w.org\/{rel}","templated":true}]}}