{"id":114751,"date":"2025-08-25T00:02:26","date_gmt":"2025-08-24T22:02:26","guid":{"rendered":"https:\/\/onesportmallorca.com\/?post_type=product&#038;p=114751"},"modified":"2026-02-24T09:47:10","modified_gmt":"2026-02-24T08:47:10","slug":"botella-salomon-soft-flask-500ml-ultra-clear-blue","status":"publish","type":"product","link":"https:\/\/onesportmallorca.com\/ca\/producto\/botella-salomon-soft-flask-500ml-ultra-clear-blue\/","title":{"rendered":"Botella Salomon SOFT FLASK 500ml ULTRA Clear Blue"},"content":{"rendered":"<p class=\"s-typo-body4\">El S\/Lab Soft Flask 500ml\/17oz Ultra 42 presenta un dise\u00f1o anat\u00f3mico e inclinado que se ci\u00f1e c\u00f3modamente al cuerpo. Con un dise\u00f1o blando desde el tap\u00f3n hasta la parte inferior, este bid\u00f3n de 500\u00a0ml se desliza f\u00e1cilmente en el bolsillo del chaleco o el cintur\u00f3n. Para hidratarte f\u00e1cilmente mientras te mueves.<\/p>\n<ul class=\"s-typo-body4 s-list-disc s-pl-s\">\n<li>Peso por unidad:\u00a038 G<\/li>\n<li>Descripci\u00f3n de tipo de producto (prendas y equipos):\u00a0Accesorios de hidrataci\u00f3n unisex<\/li>\n<\/ul>\n","protected":false},"excerpt":{"rendered":"<p>El S\/Lab Soft Flask 500ml\/17oz Ultra 42 presenta un dise\u00f1o anat\u00f3mico e inclinado que se ci\u00f1e c\u00f3modamente al cuerpo. Con<\/p>\n","protected":false},"featured_media":114754,"template":"","meta":[],"product_brand":[7231],"product_cat":[7748,2231],"product_tag":[],"class_list":{"0":"post-114751","1":"product","2":"type-product","3":"status-publish","4":"has-post-thumbnail","6":"product_brand-salomon","7":"product_cat-salomon-ca","8":"product_cat-accessoris-i-equipament","10":"first","11":"instock","12":"taxable","13":"shipping-taxable","14":"purchasable","15":"product-type-simple"},"supplier_id":null,"supplier_sku":"","barcode":null,"atum_controlled":true,"out_stock_date":null,"out_stock_threshold":null,"inheritable":false,"inbound_stock":null,"stock_on_hold":0,"sold_today":1,"sales_last_days":1,"reserved_stock":null,"customer_returns":null,"warehouse_damage":null,"lost_in_post":null,"other_logs":null,"out_stock_days":0,"lost_sales":0,"has_location":false,"update_date":"2026-02-24T08:47:12","atum_locations":[],"atum_stock_status":"instock","restock_status":false,"low_stock_amount":"","sales_update_date":"2025-12-29T13:47:17","calc_backorders":null,"_links":{"self":[{"href":"https:\/\/onesportmallorca.com\/ca\/wp-json\/wp\/v2\/product\/114751","targetHints":{"allow":["GET"]}}],"collection":[{"href":"https:\/\/onesportmallorca.com\/ca\/wp-json\/wp\/v2\/product"}],"about":[{"href":"https:\/\/onesportmallorca.com\/ca\/wp-json\/wp\/v2\/types\/product"}],"wp:featuredmedia":[{"embeddable":true,"href":"https:\/\/onesportmallorca.com\/ca\/wp-json\/wp\/v2\/media\/114754"}],"wp:attachment":[{"href":"https:\/\/onesportmallorca.com\/ca\/wp-json\/wp\/v2\/media?parent=114751"}],"wp:term":[{"taxonomy":"product_brand","embeddable":true,"href":"https:\/\/onesportmallorca.com\/ca\/wp-json\/wp\/v2\/product_brand?post=114751"},{"taxonomy":"product_cat","embeddable":true,"href":"https:\/\/onesportmallorca.com\/ca\/wp-json\/wp\/v2\/product_cat?post=114751"},{"taxonomy":"product_tag","embeddable":true,"href":"https:\/\/onesportmallorca.com\/ca\/wp-json\/wp\/v2\/product_tag?post=114751"}],"curies":[{"name":"wp","href":"https:\/\/api.w.org\/{rel}","templated":true}]}}