{"id":110780,"date":"2025-08-07T20:16:47","date_gmt":"2025-08-07T18:16:47","guid":{"rendered":"https:\/\/onesportmallorca.com\/?post_type=product&#038;p=110780"},"modified":"2026-02-11T10:26:03","modified_gmt":"2026-02-11T09:26:03","slug":"gorra-bullpadel-bpg251-004-oceano-profundo","status":"publish","type":"product","link":"https:\/\/onesportmallorca.com\/ca\/producto\/gorra-bullpadel-bpg251-004-oceano-profundo\/","title":{"rendered":"Gorra Bullpadel BPG251"},"content":{"rendered":"<p>Una prenda t\u00e9cnica con detalles que marcan la diferencia. Una prenda pensada para elevar tu rendimiento en la pista sin renunciar al estilo. Dise\u00f1ada para acompa\u00f1arte en cada movimiento con la m\u00e1xima comodidad, su construcci\u00f3n t\u00e9cnica y detalles funcionales marcan la diferencia partido tras partido.<\/p>\n<p>Gorra en tejido a la plana de poli\u00e9ster con ventilaciones bordadas, cinta para ajustar en la espalda y logo bordado con volumen en el delantero. Dise\u00f1ada para aportar el equilibrio perfecto entre rendimiento y comodidad, esta prenda se adapta a cada jugada y movimiento sobre la pista.<\/p>\n","protected":false},"excerpt":{"rendered":"<p>Una prenda t\u00e9cnica con detalles que marcan la diferencia. Una prenda pensada para elevar tu rendimiento en la pista sin<\/p>\n","protected":false},"featured_media":115280,"template":"","meta":[],"product_brand":[7211],"product_cat":[6415,2326],"product_tag":[],"class_list":{"0":"post-110780","1":"product","2":"type-product","3":"status-publish","4":"has-post-thumbnail","6":"product_brand-bullpadel","7":"product_cat-bullpadel-ca","8":"product_cat-viseras-y-gorras-ca","10":"first","11":"instock","12":"taxable","13":"shipping-taxable","14":"purchasable","15":"product-type-variable","16":"has-default-attributes","17":"rtwpvg-product"},"supplier_id":null,"supplier_sku":"","barcode":null,"atum_controlled":true,"out_stock_date":"2025-12-23 18:29:50","out_stock_threshold":null,"inheritable":true,"inbound_stock":0,"stock_on_hold":0,"sold_today":4,"sales_last_days":5,"reserved_stock":0,"customer_returns":0,"warehouse_damage":0,"lost_in_post":0,"other_logs":0,"out_stock_days":49,"lost_sales":0,"has_location":true,"update_date":"2026-02-11T09:26:06","atum_locations":[{"id":5967,"name":"Shop Duva","slug":"shop_duva"}],"atum_stock_status":"instock","restock_status":false,"low_stock_amount":"","sales_update_date":"2025-08-11T08:15:05","calc_backorders":null,"_links":{"self":[{"href":"https:\/\/onesportmallorca.com\/ca\/wp-json\/wp\/v2\/product\/110780","targetHints":{"allow":["GET"]}}],"collection":[{"href":"https:\/\/onesportmallorca.com\/ca\/wp-json\/wp\/v2\/product"}],"about":[{"href":"https:\/\/onesportmallorca.com\/ca\/wp-json\/wp\/v2\/types\/product"}],"wp:featuredmedia":[{"embeddable":true,"href":"https:\/\/onesportmallorca.com\/ca\/wp-json\/wp\/v2\/media\/115280"}],"wp:attachment":[{"href":"https:\/\/onesportmallorca.com\/ca\/wp-json\/wp\/v2\/media?parent=110780"}],"wp:term":[{"taxonomy":"product_brand","embeddable":true,"href":"https:\/\/onesportmallorca.com\/ca\/wp-json\/wp\/v2\/product_brand?post=110780"},{"taxonomy":"product_cat","embeddable":true,"href":"https:\/\/onesportmallorca.com\/ca\/wp-json\/wp\/v2\/product_cat?post=110780"},{"taxonomy":"product_tag","embeddable":true,"href":"https:\/\/onesportmallorca.com\/ca\/wp-json\/wp\/v2\/product_tag?post=110780"}],"curies":[{"name":"wp","href":"https:\/\/api.w.org\/{rel}","templated":true}]}}