{"id":102724,"date":"2025-06-30T19:09:49","date_gmt":"2025-06-30T17:09:49","guid":{"rendered":"https:\/\/onesportmallorca.com\/?post_type=product&#038;p=102724"},"modified":"2025-06-30T19:53:26","modified_gmt":"2025-06-30T17:53:26","slug":"zapatillas-brooks-cascadia-19-m-chateau-ebony-sunny-lime","status":"publish","type":"product","link":"https:\/\/onesportmallorca.com\/ca\/producto\/zapatillas-brooks-cascadia-19-m-chateau-ebony-sunny-lime\/","title":{"rendered":"Zapatillas Brooks Cascadia 19 M Chateau\/Ebony\/Sunny Lime"},"content":{"rendered":"<p class=\"m-long-description-text\">L\u00e1nzate a los senderos con las Cascadia 19 para hombre. Dise\u00f1adas para ofrecer una pisada estable que se adapte al terreno y una amortiguaci\u00f3n fiable, estas zapatillas est\u00e1n listas para afrontar aventuras monta\u00f1osas.<\/p>\n<h3 class=\"a-type-h6--big m-long-description__label u-spacing-x-small--bottom\">Sostenibilidad<\/h3>\n<div class=\"m-long-description__sustainability\">\n<div class=\"m-long-description__sustainability--container\">\n<div class=\"m-long-description__sustainability--value\">69.6 %<\/div>\n<div class=\"m-long-description__sustainability--text\">Materiales reciclados en el empeine<\/div>\n<\/div>\n<\/div>\n<h3 class=\"a-type-h6--big m-long-description__label u-spacing-x-small--bottom\">Caracter\u00edsticas<\/h3>\n<ul class=\"m-long-description__features\">\n<li class=\"m-long-description__feature\">\n<div class=\"m-long-description__feature-text\">Pisada adaptable<\/div>\n<\/li>\n<li class=\"m-long-description__feature\">\n<div class=\"m-long-description__feature-text\">Listas para cualquier terreno<\/div>\n<\/li>\n<li class=\"m-long-description__feature\">\n<div class=\"m-long-description__feature-text\">Tracci\u00f3n en seco\/mojado<\/div>\n<\/li>\n<\/ul>\n<table class=\"m-definitions-table\" role=\"presentation\">\n<tbody>\n<tr class=\"m-definition-widget\">\n<td class=\"m-definition-widget__term\">\n<div class=\"m-info-label\">\n<h3 class=\"m-info-label__headline a-type-h4\" role=\"heading\" aria-level=\"2\">Dise\u00f1ada para<\/h3>\n<\/div>\n<\/td>\n<td class=\"m-definition-widget__definition\">\n<div class=\"a-type-p--caption\">Monta\u00f1a<\/div>\n<\/td>\n<\/tr>\n<\/tbody>\n<\/table>\n<table class=\"m-definitions-table\" role=\"presentation\">\n<tbody>\n<tr class=\"m-definition-widget\">\n<td class=\"m-definition-widget__term\">\n<div class=\"m-info-label\">\n<h3 class=\"m-info-label__headline a-type-h4\" role=\"heading\" aria-level=\"2\">Ca\u00edda De La Entresuela<\/h3>\n<\/div>\n<\/td>\n<td class=\"m-definition-widget__definition\">\n<div class=\"a-type-p--caption\">6mm<\/div>\n<\/td>\n<\/tr>\n<\/tbody>\n<\/table>\n<table class=\"m-definitions-table\" role=\"presentation\">\n<tbody>\n<tr class=\"m-definition-widget\">\n<td class=\"m-definition-widget__term\">\n<div class=\"m-info-label\">\n<h3 class=\"m-info-label__headline a-type-h4\" role=\"heading\" aria-level=\"2\">Peso<\/h3>\n<\/div>\n<\/td>\n<td class=\"m-definition-widget__definition\">\n<div class=\"a-type-p--caption\">10,7oz \/ 303,3g<\/div>\n<\/td>\n<\/tr>\n<\/tbody>\n<\/table>\n<div class=\"m-features-widget m-features-widget--accent-line\">\n<div class=\"m-info-label\">\n<h3 class=\"m-info-label__headline a-type-h4\" role=\"heading\" aria-level=\"2\">Soporte<\/h3>\n<\/div>\n<ul class=\"a-features-list a-features-list__spectrum spec_FootwearSupportType\">\n<li class=\"a-feature-item x-small a-features-list__spectrum--first a-feature-item--marked a-features-list__spectrum--render\" aria-current=\"true\"><span class=\"a-features-list__spectrum--text spectrum-spec_FootwearSupportType\">Neutro<\/span><\/li>\n<li class=\"a-feature-item x-small \" aria-current=\"false\"><span class=\"a-features-list__spectrum--text spectrum-spec_FootwearSupportType\">Soporte<\/span><\/li>\n<li class=\"a-feature-item x-small \" aria-current=\"false\"><span class=\"a-features-list__spectrum--text spectrum-spec_FootwearSupportType\">M\u00e1ximo soporte<\/span><\/li>\n<\/ul>\n<\/div>\n","protected":false},"excerpt":{"rendered":"<p>L\u00e1nzate a los senderos con las Cascadia 19 para hombre. Dise\u00f1adas para ofrecer una pisada estable que se adapte al<\/p>\n","protected":false},"featured_media":102751,"template":"","meta":[],"product_brand":[7210],"product_cat":[6409,2239],"product_tag":[],"class_list":{"0":"post-102724","1":"product","2":"type-product","3":"status-publish","4":"has-post-thumbnail","6":"product_brand-brooks","7":"product_cat-brooks-ca","8":"product_cat-calcat","10":"first","11":"instock","12":"taxable","13":"shipping-taxable","14":"purchasable","15":"product-type-variable","16":"has-default-attributes","17":"rtwpvg-product"},"supplier_id":null,"supplier_sku":"","barcode":null,"atum_controlled":true,"out_stock_date":null,"out_stock_threshold":null,"inheritable":true,"inbound_stock":0,"stock_on_hold":0,"sold_today":2,"sales_last_days":2,"reserved_stock":0,"customer_returns":0,"warehouse_damage":0,"lost_in_post":0,"other_logs":0,"out_stock_days":null,"lost_sales":0,"has_location":true,"update_date":"2026-03-26T15:43:18","atum_locations":[{"id":6282,"name":"Tienda Onesport","slug":"tienda_onesport"}],"atum_stock_status":"outofstock","restock_status":false,"low_stock_amount":"","sales_update_date":"2025-09-04T06:39:39","calc_backorders":null,"_links":{"self":[{"href":"https:\/\/onesportmallorca.com\/ca\/wp-json\/wp\/v2\/product\/102724","targetHints":{"allow":["GET"]}}],"collection":[{"href":"https:\/\/onesportmallorca.com\/ca\/wp-json\/wp\/v2\/product"}],"about":[{"href":"https:\/\/onesportmallorca.com\/ca\/wp-json\/wp\/v2\/types\/product"}],"wp:featuredmedia":[{"embeddable":true,"href":"https:\/\/onesportmallorca.com\/ca\/wp-json\/wp\/v2\/media\/102751"}],"wp:attachment":[{"href":"https:\/\/onesportmallorca.com\/ca\/wp-json\/wp\/v2\/media?parent=102724"}],"wp:term":[{"taxonomy":"product_brand","embeddable":true,"href":"https:\/\/onesportmallorca.com\/ca\/wp-json\/wp\/v2\/product_brand?post=102724"},{"taxonomy":"product_cat","embeddable":true,"href":"https:\/\/onesportmallorca.com\/ca\/wp-json\/wp\/v2\/product_cat?post=102724"},{"taxonomy":"product_tag","embeddable":true,"href":"https:\/\/onesportmallorca.com\/ca\/wp-json\/wp\/v2\/product_tag?post=102724"}],"curies":[{"name":"wp","href":"https:\/\/api.w.org\/{rel}","templated":true}]}}