{"id":101548,"date":"2025-06-24T18:35:38","date_gmt":"2025-06-24T16:35:38","guid":{"rendered":"https:\/\/onesportmallorca.com\/?post_type=product&#038;p=101548"},"modified":"2025-06-24T19:57:35","modified_gmt":"2025-06-24T17:57:35","slug":"zapatillas-joma-trail-tr-6-men-2516-verde-claro-tktr6w2516","status":"publish","type":"product","link":"https:\/\/onesportmallorca.com\/ca\/producto\/zapatillas-joma-trail-tr-6-men-2516-verde-claro-tktr6w2516\/","title":{"rendered":"Zapatillas Joma TRAIL TR-6 Men 2516 Verde Claro (TKTR6W2516)"},"content":{"rendered":"<p>Zapatillas de trail running. Las TR-6 se han desarrollado para ganar. La incorporaci\u00f3n de placa de carbono a este modelo de competici\u00f3n proporciona un impulso adicional en distancias largas y terrenos de baja dificultad. Testadas por atletas profesionales, como V\u00edctor del \u00c1guila y Gemma Arenas.<\/p>\n<p>Upper elaborado con mesh acabado en Jacquard, muy ligero y transpirable gracias a las perforaciones que optimizan la ventilaci\u00f3n del sudor y permiten la circulaci\u00f3n del aire dentro de las zapatillas. La tecnolog\u00eda avanzada VTS incorporada mejora la transpirabilidad y el confort, reduciendo la acumulaci\u00f3n de calor dentro de la zapatilla. Asegura que el pie se mantenga fresco y c\u00f3modo durante todo tu entrenamiento o competici\u00f3n.<\/p>\n<p>Sistema de ajuste termosellado JOMA SPORTECH, que brinda sujeci\u00f3n sin a\u00f1adir peso extra. Refuerzo termosellado PROTECTION en la puntera, que frena los golpes externos.<\/p>\n<p>Mediasuela con drop 7 mm, elaborada con FLY REACTIVE. Material ultrarreactivo y ligero, que consigue un excelente retorno de energ\u00eda para optimizar el rendimiento, reducir la fatiga y ayudar a la recuperaci\u00f3n muscular. En las TR-6, este compuesto se combina con una placa de carbono, ideal para corredores que buscan alcanzar la m\u00e1xima velocidad en sus competiciones.<\/p>\n<p>En concreto, la tecnolog\u00eda CARBON PLATE ofrece las ventajas de una placa de carbono tradicional, como un excelente retorno de energ\u00eda y una mejora de la eficiencia o un menor desgaste muscular, pero est\u00e1 adaptada pensando en los terrenos irregulares del trail. Su dise\u00f1o m\u00e1s flexible proporciona una estabilidad adicional en superficies t\u00e9cnicas.<\/p>\n<p>Suela de caucho DURABILITY con estructura de tacos, que asegura el agarre en terrenos t\u00e9cnicos de baja dificultad.<\/p>\n<p>&nbsp;<\/p>\n<ul class=\"featuresul\">\n<li>Corte en Jacquard con mesh transpirable VTS<\/li>\n<li>Corte con sistema de ajuste termosellado SPORTECH<\/li>\n<li>Corte con sistema de protecci\u00f3n termosellado PROTECTION<\/li>\n<li>Mediasuela con tecnolog\u00eda FLY REACTIVE y placa de carbono CARBON PLATE<\/li>\n<li>Suela caucho DURABILITY<\/li>\n<\/ul>\n<ul class=\"featuresul\">\n<li>Drop 8 mm<\/li>\n<li>Ritmo r\u00e1pido: menor de 4&#8242; por km<\/li>\n<li>Ultradistancia: mayor a 50 km<\/li>\n<li>Dificultad del terreno: bajo<\/li>\n<li>Rendimiento: alto premium<\/li>\n<\/ul>\n","protected":false},"excerpt":{"rendered":"<p>Zapatillas de trail running. Las TR-6 se han desarrollado para ganar. La incorporaci\u00f3n de placa de carbono a este modelo<\/p>\n","protected":false},"featured_media":101623,"template":"","meta":[],"product_brand":[7223],"product_cat":[6383,2239],"product_tag":[],"class_list":{"0":"post-101548","1":"product","2":"type-product","3":"status-publish","4":"has-post-thumbnail","6":"product_brand-joma","7":"product_cat-joma-ca","8":"product_cat-calcat","10":"first","11":"instock","12":"taxable","13":"shipping-taxable","14":"purchasable","15":"product-type-variable","16":"has-default-attributes","17":"rtwpvg-product"},"supplier_id":null,"supplier_sku":"","barcode":null,"atum_controlled":true,"out_stock_date":null,"out_stock_threshold":null,"inheritable":true,"inbound_stock":0,"stock_on_hold":0,"sold_today":2,"sales_last_days":3,"reserved_stock":0,"customer_returns":0,"warehouse_damage":0,"lost_in_post":0,"other_logs":0,"out_stock_days":null,"lost_sales":0,"has_location":true,"update_date":"2026-01-07T09:08:46","atum_locations":[{"id":6282,"name":"Tienda Onesport","slug":"tienda_onesport"}],"atum_stock_status":"outofstock","restock_status":false,"low_stock_amount":"","sales_update_date":"2025-08-11T08:15:12","calc_backorders":null,"_links":{"self":[{"href":"https:\/\/onesportmallorca.com\/ca\/wp-json\/wp\/v2\/product\/101548","targetHints":{"allow":["GET"]}}],"collection":[{"href":"https:\/\/onesportmallorca.com\/ca\/wp-json\/wp\/v2\/product"}],"about":[{"href":"https:\/\/onesportmallorca.com\/ca\/wp-json\/wp\/v2\/types\/product"}],"wp:featuredmedia":[{"embeddable":true,"href":"https:\/\/onesportmallorca.com\/ca\/wp-json\/wp\/v2\/media\/101623"}],"wp:attachment":[{"href":"https:\/\/onesportmallorca.com\/ca\/wp-json\/wp\/v2\/media?parent=101548"}],"wp:term":[{"taxonomy":"product_brand","embeddable":true,"href":"https:\/\/onesportmallorca.com\/ca\/wp-json\/wp\/v2\/product_brand?post=101548"},{"taxonomy":"product_cat","embeddable":true,"href":"https:\/\/onesportmallorca.com\/ca\/wp-json\/wp\/v2\/product_cat?post=101548"},{"taxonomy":"product_tag","embeddable":true,"href":"https:\/\/onesportmallorca.com\/ca\/wp-json\/wp\/v2\/product_tag?post=101548"}],"curies":[{"name":"wp","href":"https:\/\/api.w.org\/{rel}","templated":true}]}}