{"id":101294,"date":"2025-06-23T15:34:40","date_gmt":"2025-06-23T13:34:40","guid":{"rendered":"https:\/\/onesportmallorca.com\/?post_type=product&#038;p=101294"},"modified":"2025-06-23T15:55:21","modified_gmt":"2025-06-23T13:55:21","slug":"zapatillas-adidas-courtquick-padel-w-ftwr-white-jp7229","status":"publish","type":"product","link":"https:\/\/onesportmallorca.com\/ca\/producto\/zapatillas-adidas-courtquick-padel-w-ftwr-white-jp7229\/","title":{"rendered":"Zapatillas Adidas Courtquick Padel W FTWR White (JP7229)"},"content":{"rendered":"<h3 class=\"subtitle___9ljbp\">Vuela sobre la pista de p\u00e1del<\/h3>\n<p class=\"gl-vspace\">Para dominar la pista de p\u00e1del, la velocidad es fundamental. Esta zapatilla adidas Courtquick combina un empeine textil ligero con una estructura Slingframe que aporta estabilidad en los giros y cambios r\u00e1pidos de direcci\u00f3n. La mediasuela flexible Cloudfoam Plus te garantiza una pisada m\u00e1s c\u00f3moda. Este producto contiene al menos un 20% de materiales reciclados. Utilizando materiales reciclados, reducimos los residuos, nuestra dependencia de los recursos finitos y la huella que generan los productos que fabricamos.<\/p>\n<p>&nbsp;<\/p>\n<div class=\"accordion__header-text___2o9Im\">\n<h2 class=\"accordion-title___2sTgR\">Detalles<\/h2>\n<\/div>\n<div class=\"accordion__content___29x9h\">\n<div class=\"content-padding___2kVWQ\">\n<div class=\"bullets___3bsSs\" data-auto-id=\"specifications-section\">\n<ul class=\"gl-list\">\n<li class=\"gl-vspace-bpall-small\">Horma cl\u00e1sica<\/li>\n<li class=\"gl-vspace-bpall-small\">Cierre de cordones<\/li>\n<li class=\"gl-vspace-bpall-small\">Empeine textil y sint\u00e9tico<\/li>\n<li class=\"gl-vspace-bpall-small\">Mediasuela Cloudfoam Plus<\/li>\n<li class=\"gl-vspace-bpall-small\">Puntera Adituff<\/li>\n<\/ul>\n<ul class=\"gl-list\">\n<li class=\"gl-vspace-bpall-small\">Suela Adiwear<\/li>\n<li class=\"gl-vspace-bpall-small\">Contiene al menos un 20% de material reciclado<\/li>\n<\/ul>\n<\/div>\n<\/div>\n<\/div>\n","protected":false},"excerpt":{"rendered":"<p>Vuela sobre la pista de p\u00e1del Para dominar la pista de p\u00e1del, la velocidad es fundamental. Esta zapatilla adidas Courtquick<\/p>\n","protected":false},"featured_media":100645,"template":"","meta":[],"product_brand":[7193],"product_cat":[2239],"product_tag":[],"class_list":{"0":"post-101294","1":"product","2":"type-product","3":"status-publish","4":"has-post-thumbnail","6":"product_brand-adidas","7":"product_cat-calcat","9":"first","10":"instock","11":"taxable","12":"shipping-taxable","13":"purchasable","14":"product-type-variable","15":"rtwpvg-product"},"supplier_id":null,"supplier_sku":"","barcode":null,"atum_controlled":true,"out_stock_date":null,"out_stock_threshold":null,"inheritable":true,"inbound_stock":0,"stock_on_hold":0,"sold_today":2,"sales_last_days":2,"reserved_stock":0,"customer_returns":0,"warehouse_damage":0,"lost_in_post":0,"other_logs":0,"out_stock_days":null,"lost_sales":0,"has_location":true,"update_date":"2025-12-22T16:42:55","atum_locations":[{"id":5967,"name":"Shop Duva","slug":"shop_duva"}],"atum_stock_status":"instock","restock_status":false,"low_stock_amount":"","sales_update_date":"2025-08-07T07:57:37","calc_backorders":null,"_links":{"self":[{"href":"https:\/\/onesportmallorca.com\/ca\/wp-json\/wp\/v2\/product\/101294","targetHints":{"allow":["GET"]}}],"collection":[{"href":"https:\/\/onesportmallorca.com\/ca\/wp-json\/wp\/v2\/product"}],"about":[{"href":"https:\/\/onesportmallorca.com\/ca\/wp-json\/wp\/v2\/types\/product"}],"wp:featuredmedia":[{"embeddable":true,"href":"https:\/\/onesportmallorca.com\/ca\/wp-json\/wp\/v2\/media\/100645"}],"wp:attachment":[{"href":"https:\/\/onesportmallorca.com\/ca\/wp-json\/wp\/v2\/media?parent=101294"}],"wp:term":[{"taxonomy":"product_brand","embeddable":true,"href":"https:\/\/onesportmallorca.com\/ca\/wp-json\/wp\/v2\/product_brand?post=101294"},{"taxonomy":"product_cat","embeddable":true,"href":"https:\/\/onesportmallorca.com\/ca\/wp-json\/wp\/v2\/product_cat?post=101294"},{"taxonomy":"product_tag","embeddable":true,"href":"https:\/\/onesportmallorca.com\/ca\/wp-json\/wp\/v2\/product_tag?post=101294"}],"curies":[{"name":"wp","href":"https:\/\/api.w.org\/{rel}","templated":true}]}}