{"id":100837,"date":"2025-06-21T12:16:54","date_gmt":"2025-06-21T10:16:54","guid":{"rendered":"https:\/\/onesportmallorca.com\/?post_type=product&#038;p=100837"},"modified":"2025-11-17T19:44:12","modified_gmt":"2025-11-17T18:44:12","slug":"__trashed-3","status":"publish","type":"product","link":"https:\/\/onesportmallorca.com\/ca\/producto\/__trashed-3\/","title":{"rendered":"On Cloudsurfer Trail 2"},"content":{"rendered":"<h2 class=\"_imageTitle_1v335_89\">Pioneras del trail<\/h2>\n<p class=\"_description_1v335_110\">Deja atr\u00e1s el asfalto con las Cloudsurfer Trail, nuestras primeras zapatillas de trail running con CloudTec Phase\u00ae. Esta tecnolog\u00eda optimizada por ordenador amortigua y ofrece un gran retorno de energ\u00eda del tal\u00f3n a la puntera. Disfruta de un viaje de placer en terrenos moderados, mojados o secos.<\/p>\n<h2 class=\"_imageTitle_1v335_89\">Se agarran al terreno<\/h2>\n<p class=\"_description_1v335_110\">Explora nuevos senderos con seguridad y confianza. La suela de goma Missiongrip\u2122 de las Cloudsurfer Trail proporciona estabilidad y soporte en superficies mojadas y secas, mientras que el dise\u00f1o del taqueado aumenta la tracci\u00f3n e impide que te lleves las piedras de recuerdo a casa.<\/p>\n<h2 class=\"_imageTitle_1v335_89\">Menos pl\u00e1stico<\/h2>\n<p class=\"_description_1v335_110\">Mientras desarroll\u00e1bamos las Cloudsurfer Trail, encontramos la manera de utilizar menos pl\u00e1stico TPU: con un bordado funcional sobre una base de malla hecha de poli\u00e9ster reciclado. El mismo rendimiento de las zapatillas On, pero menos impacto en el planeta.<\/p>\n<h2 class=\"_title_pjr0g_58\">Detalles del producto<\/h2>\n<ul class=\"_usps_pjr0g_76\">\n<li class=\"\">\n<p class=\"_usp_pjr0g_76\">Peso: 275g<\/p>\n<\/li>\n<li class=\"\">\n<p class=\"_usp_pjr0g_76\">Entresuela con CloudTec Phase\u00ae que minimiza el impacto<\/p>\n<\/li>\n<li class=\"\">\n<p class=\"_usp_pjr0g_76\">Amortiguaci\u00f3n con espuma Helion\u2122 y tal\u00f3n acolchado<\/p>\n<\/li>\n<li class=\"\">\n<p class=\"_usp_pjr0g_76\">Suela de goma Missiongrip\u2122 para mejor tracci\u00f3n y estabilidad<\/p>\n<\/li>\n<li class=\"\">\n<p class=\"_usp_pjr0g_76\">Elaborada con un upper flexible de malla suave<\/p>\n<\/li>\n<li class=\"\">\n<p class=\"_usp_pjr0g_76\">Dise\u00f1o de precisi\u00f3n con An\u00e1lisis de Elementos Finitos (FEA)<\/p>\n<\/li>\n<li class=\"\">\n<p class=\"_usp_pjr0g_76\">Rendimiento en superficies mojadas y secas<\/p>\n<\/li>\n<li class=\"\">\n<p class=\"_usp_pjr0g_76\">Las piedras no se quedan atrapadas en la suela<\/p>\n<\/li>\n<li class=\"\">\n<p class=\"_usp_pjr0g_76\">Menos pl\u00e1stico TPU, menos impacto medioambiental<\/p>\n<\/li>\n<\/ul>\n","protected":false},"excerpt":{"rendered":"<p>Pioneras del trail Deja atr\u00e1s el asfalto con las Cloudsurfer Trail, nuestras primeras zapatillas de trail running con CloudTec Phase\u00ae.<\/p>\n","protected":false},"featured_media":129376,"template":"","meta":[],"product_brand":[7203],"product_cat":[6425,2239,5956],"product_tag":[],"class_list":{"0":"post-100837","1":"product","2":"type-product","3":"status-publish","4":"has-post-thumbnail","6":"product_brand-on-running","7":"product_cat-onr-ca","8":"product_cat-calcat","9":"product_cat-outlet-ca","11":"first","12":"instock","13":"sale","14":"taxable","15":"shipping-taxable","16":"purchasable","17":"product-type-variable","18":"has-default-attributes","19":"rtwpvg-product"},"supplier_id":null,"supplier_sku":"","barcode":null,"atum_controlled":true,"out_stock_date":null,"out_stock_threshold":null,"inheritable":true,"inbound_stock":0,"stock_on_hold":0,"sold_today":2,"sales_last_days":2,"reserved_stock":0,"customer_returns":0,"warehouse_damage":0,"lost_in_post":0,"other_logs":0,"out_stock_days":null,"lost_sales":0,"has_location":true,"update_date":"2026-04-15T09:46:50","atum_locations":[{"id":6282,"name":"Tienda Onesport","slug":"tienda_onesport"}],"atum_stock_status":"instock","restock_status":false,"low_stock_amount":"","sales_update_date":"2025-12-05T13:41:45","calc_backorders":null,"_links":{"self":[{"href":"https:\/\/onesportmallorca.com\/ca\/wp-json\/wp\/v2\/product\/100837","targetHints":{"allow":["GET"]}}],"collection":[{"href":"https:\/\/onesportmallorca.com\/ca\/wp-json\/wp\/v2\/product"}],"about":[{"href":"https:\/\/onesportmallorca.com\/ca\/wp-json\/wp\/v2\/types\/product"}],"wp:featuredmedia":[{"embeddable":true,"href":"https:\/\/onesportmallorca.com\/ca\/wp-json\/wp\/v2\/media\/129376"}],"wp:attachment":[{"href":"https:\/\/onesportmallorca.com\/ca\/wp-json\/wp\/v2\/media?parent=100837"}],"wp:term":[{"taxonomy":"product_brand","embeddable":true,"href":"https:\/\/onesportmallorca.com\/ca\/wp-json\/wp\/v2\/product_brand?post=100837"},{"taxonomy":"product_cat","embeddable":true,"href":"https:\/\/onesportmallorca.com\/ca\/wp-json\/wp\/v2\/product_cat?post=100837"},{"taxonomy":"product_tag","embeddable":true,"href":"https:\/\/onesportmallorca.com\/ca\/wp-json\/wp\/v2\/product_tag?post=100837"}],"curies":[{"name":"wp","href":"https:\/\/api.w.org\/{rel}","templated":true}]}}