{"id":100423,"date":"2025-06-20T12:34:36","date_gmt":"2025-06-20T10:34:36","guid":{"rendered":"https:\/\/onesportmallorca.com\/?post_type=product&#038;p=100423"},"modified":"2025-08-25T20:16:35","modified_gmt":"2025-08-25T18:16:35","slug":"zapatillas-adidas-courtjam-control-m-clay-jh5137","status":"publish","type":"product","link":"https:\/\/onesportmallorca.com\/ca\/producto\/zapatillas-adidas-courtjam-control-m-clay-jh5137\/","title":{"rendered":"Zapatillas Adidas CourtJam Control M Clay (JH5137)"},"content":{"rendered":"<h3 class=\"subtitle___9ljbp\">Zapatillas c\u00f3modas para jugar tenis hechas parcialmente con materiales reciclados.<\/h3>\n<p class=\"gl-vspace\">Afronta tu pr\u00f3ximo partido de tenis con la comodidad y el control de estas zapatillas de adidas. Su mediasuela flexible Bounce te mantendr\u00e1 bien situado mientras la tecnolog\u00eda Torsion System te ayuda a realizar movimientos r\u00e1pidos en la pista. Tienen una suela especializada para canchas de arcilla y una parte superior de malla que mantiene tus pies frescos cuando todo est\u00e1 en juego. Este producto contiene al menos un 20 % de material reciclado. Utilizando materiales reciclados disminuimos los residuos, nuestra dependencia de los recursos finitos y la huella que generan los productos que fabricamos.<\/p>\n<p>DETALLES<\/p>\n<ul class=\"gl-list\">\n<li class=\"gl-vspace-bpall-small\">Ajuste cl\u00e1sico<\/li>\n<li class=\"gl-vspace-bpall-small\">Sistema de atado de cordones<\/li>\n<li class=\"gl-vspace-bpall-small\">Parte superior de malla transpirable<\/li>\n<li class=\"gl-vspace-bpall-small\">Mediasuela Bounce<\/li>\n<li class=\"gl-vspace-bpall-small\">Torsion System<\/li>\n<\/ul>\n<ul class=\"gl-list\">\n<li class=\"gl-vspace-bpall-small\">Suela Adiwear<\/li>\n<li class=\"gl-vspace-bpall-small\">Contiene al menos un 20 % de material reciclado<\/li>\n<li class=\"gl-vspace-bpall-small\">Color del art\u00edculo: Off White \/ Core Black \/ Aurora Ivy<\/li>\n<li class=\"gl-vspace-bpall-small\">N\u00famero de art\u00edculo: JH5137<\/li>\n<\/ul>\n","protected":false},"excerpt":{"rendered":"<p>Zapatillas c\u00f3modas para jugar tenis hechas parcialmente con materiales reciclados. Afronta tu pr\u00f3ximo partido de tenis con la comodidad y<\/p>\n","protected":false},"featured_media":100540,"template":"","meta":[],"product_brand":[7193],"product_cat":[6404,2239],"product_tag":[],"class_list":{"0":"post-100423","1":"product","2":"type-product","3":"status-publish","4":"has-post-thumbnail","6":"product_brand-adidas","7":"product_cat-adidas-ca","8":"product_cat-calcat","10":"first","11":"outofstock","12":"taxable","13":"shipping-taxable","14":"purchasable","15":"product-type-variable","16":"has-default-attributes","17":"rtwpvg-product"},"supplier_id":null,"supplier_sku":"","barcode":null,"atum_controlled":true,"out_stock_date":null,"out_stock_threshold":null,"inheritable":true,"inbound_stock":0,"stock_on_hold":0,"sold_today":3,"sales_last_days":3,"reserved_stock":0,"customer_returns":0,"warehouse_damage":0,"lost_in_post":0,"other_logs":0,"out_stock_days":null,"lost_sales":0,"has_location":true,"update_date":"2025-11-07T16:27:29","atum_locations":[{"id":5967,"name":"Shop Duva","slug":"shop_duva"}],"atum_stock_status":"instock","restock_status":false,"low_stock_amount":"","sales_update_date":"2025-08-04T07:59:48","calc_backorders":null,"_links":{"self":[{"href":"https:\/\/onesportmallorca.com\/ca\/wp-json\/wp\/v2\/product\/100423","targetHints":{"allow":["GET"]}}],"collection":[{"href":"https:\/\/onesportmallorca.com\/ca\/wp-json\/wp\/v2\/product"}],"about":[{"href":"https:\/\/onesportmallorca.com\/ca\/wp-json\/wp\/v2\/types\/product"}],"wp:featuredmedia":[{"embeddable":true,"href":"https:\/\/onesportmallorca.com\/ca\/wp-json\/wp\/v2\/media\/100540"}],"wp:attachment":[{"href":"https:\/\/onesportmallorca.com\/ca\/wp-json\/wp\/v2\/media?parent=100423"}],"wp:term":[{"taxonomy":"product_brand","embeddable":true,"href":"https:\/\/onesportmallorca.com\/ca\/wp-json\/wp\/v2\/product_brand?post=100423"},{"taxonomy":"product_cat","embeddable":true,"href":"https:\/\/onesportmallorca.com\/ca\/wp-json\/wp\/v2\/product_cat?post=100423"},{"taxonomy":"product_tag","embeddable":true,"href":"https:\/\/onesportmallorca.com\/ca\/wp-json\/wp\/v2\/product_tag?post=100423"}],"curies":[{"name":"wp","href":"https:\/\/api.w.org\/{rel}","templated":true}]}}