{"id":8295,"date":"2022-06-16T09:40:41","date_gmt":"2022-06-16T09:40:41","guid":{"rendered":"https:\/\/onesportmallorca.com\/politica-de-cookies\/"},"modified":"2022-08-26T10:10:56","modified_gmt":"2022-08-26T10:10:56","slug":"politica-de-cookies","status":"publish","type":"page","link":"https:\/\/onesportmallorca.com\/ca\/politica-de-cookies\/","title":{"rendered":"Pol\u00edtica de Cookies"},"content":{"rendered":"<div class=\"wpb-content-wrapper\"><p>[vc_row][vc_column][vc_column_text woodmart_inline=&#8221;no&#8221; text_larger=&#8221;no&#8221;]<\/p>\n<h3>Per qu\u00e8 utilitzem cookies i tractam dades de navegaci\u00f3?<\/h3>\n<p>En aquesta web utlitizem cookies. En cas d\u2019utilitzar la nostra web sense procedir a la desactivaci\u00f3 de les cookies, es manifesta el consentiment per la instal\u00b7laci\u00f3 d\u2019aquestes.<\/p>\n<h3>Qu\u00e8 \u00e9s una cookie?<\/h3>\n<p>Una cookie es un fitxer que las webs descarreguen als equips que es conecten a elles. Si b\u00e9 \u00e9s cert que els prop\u00f2sits de les cookies s\u00f3n nom\u00e9s t\u00e8cnics, tamb\u00e9 poden permetre, entre d\u2019altres coses, emmagatzemar i recuperar informaci\u00f3 sobre els h\u00e0bits de navegaci\u00f3 d\u2019un usuari o del seu equip i, depenent de la informaci\u00f3 que contenguin i de la forma en que s\u2019utilitzi el seu equipo, utilizar-se per reconeixer l\u2019usuari.<\/p>\n<p>Existeixen cookies que s\u00f3n controlades i gestionades per el propi titular de la Web (anomenades \u201ccookies pr\u00f2pies\u201d) i d\u2019altres que s\u00f3n gestionades per tercers (s\u00f3n conegudes com \u201ccookies de tercers\u201d), per exemple, per qu\u00e8 aquests proporcionen una eina o una funcionalitat integrada a la web.<\/p>\n<p>Algunes cookies es cancelen una vegada finalitzada la navegaci\u00f3 a la web (cookies de sessi\u00f3) mentre que d\u2019altres poden seguir emmagatzemades a l\u2019equip dels usuaris i ser accedides per un per\u00edode m\u00e9s llarg (cookies persistents).<\/p>\n<h3>Quin tipus de cookies utilitzam i per a qu\u00e8?<\/h3>\n<p>En aquesta Web utilizam el seg\u00fcent tipus de cookies:<\/p>\n<ul>\n<li><b>1. Cookies t\u00e8cniques o indispensables per a la prestaci\u00f3 dels servicios.<\/b>Utilizam cookies t\u00e8cniques per poder oferir els serveis sol\u00b7licitats per els nostres usuaris. Aquestes cookies s\u00f3n indispensables per a la navegaci\u00f3 i la utilitzaci\u00f3 de les diferents opcions i serveis de la web, com, por exemple, controlar el tr\u00e0fic i la comunicaci\u00f3 de dades o identificar la sessi\u00f3.<\/li>\n<li><b>2. Cookies d\u2019an\u00e0lisi.<\/b>Les cookies d\u2019an\u00e0lisi permeten medir i analitzar l\u2019actividad dels llocs web i elaborar perfils de navegaci\u00f3 dels usuaris. Utilitzam aquestes cookies per recopilar estad\u00edstiques an\u00f2nimes i conjuntes que ens permetin comprendre la forma en que els usuaris utilitzen la nostra web, amb l\u2019objectiu de millorar-la i ajustar-la a las prefer\u00e8ncies dels nostres visitants. A mode d\u2019il\u00b7lustraci\u00f3, les dades derivades de la navegaci\u00f3 al nostre web que poden ser objecte d\u2019an\u00e0lisi s\u00f3n els seg\u00fcents:- El nom de dominio del prove\u00efdor (PSI) i\/o direcci\u00f3 IP que els dona acc\u00e9s a la xarxa. Per exemple, un usuari del prove\u00efdor xxx nom\u00e9s estar\u00e0 identificat amb el domini xxx.es i\/o la direcci\u00f3 IP. D\u2019aquesta manera podem elaborar estad\u00edstiques sobre els pa\u00efsos i servidors que visiten amb m\u00e9s freq\u00fc\u00e8ncia el nostre web.\u2013 La fetxa i hora d\u2019acc\u00e9s al nostre web. Aix\u00f2 ens permet definir les hores de m\u00e9s aflu\u00e8ncia, i ajustar el nostre web de manera correcta per evitar problemes de saturaci\u00f3 a les nostres hores punta.\u2013 La direcci\u00f3 d\u2019internet des d\u2019on ha partiti el link que es dirigeix al nostre web. Gr\u00e0cies a aquesta dada, podem con\u00e9ixer l\u2019efectivitat de la publicitat i enlla\u00e7os al nostre web, amb el fi de potenciar el que ofereixin millors resultats.\u2013 El nombre de visitants diaris de cada secci\u00f3. Aix\u00f2 ens permet con\u00e9ixer les \u00e0rees de m\u00e9s \u00e8xit i augmentar i millorar el seu contingut, amb l\u2019objectiu de millorar l\u2019experi\u00e8ncia de l\u2019usuari.<\/li>\n<\/ul>\n<h3>S\u00f3n an\u00f2nimes les cookies?<\/h3>\n<p>Les cookies no contenen informaci\u00f3 que permeti per s\u00ed mateixa identificar un usuari concret. Pel que fa a nosaltres, la informaci\u00f3 podria ser asociada a un usuari concret en cas de que aquest est\u00e0s identificat a la web.<\/p>\n<h3>Com puc gestionar les cookies?<\/h3>\n<p>Els usuaris de la web tenen la opci\u00f3 de no rebre cookies, eliminar-les o de ser informats sobre la seva desc\u00e0rrega mitjan\u00e7ant la configuraci\u00f3 del seu navegador. Per saber com gestionar-les al seu navegador, el convidam a consultar-ho a la secci\u00f3 d\u2019ajuda del navegador.<\/p>\n<p>Per la seva comoditat, a continuaci\u00f3 li proporcionam informaci\u00f3 referent a la gesti\u00f3 de cookies dels principals navegadors:<br \/>\n\u00b7 Chrome,\u00a0<a href=\"http:\/\/support.google.com\/chrome\/bin\/answer.py?hl=es&amp;answer=95647\" target=\"_blank\" rel=\"noopener\">https:\/\/support.google.com\/chrome\/answer\/95647?hl=ca<\/a><br \/>\n\u00b7 Explorer,\u00a0<a href=\"http:\/\/windows.microsoft.com\/es-es\/windows7\/how-to-manage-cookies-in-internet-explorer-9\" target=\"_blank\" rel=\"noopener\">http:\/\/windows.microsoft.com\/es-es\/windows7\/how-to-manage-cookies-in-internet-explorer-9<\/a><br \/>\n\u00b7 Firefox,\u00a0<a href=\"https:\/\/support.mozilla.org\/es\/kb\/habilitar-y-deshabilitar-cookies-sitios-web-rastrear-preferencias?redirectslug=habilitar-y-deshabilitar-cookies-que-los-sitios-we&amp;redirectlocale=es\" target=\"_blank\" rel=\"noopener\">https:\/\/support.mozilla.org\/ca\/kb\/activa-i-desactiva-les-galetes-que-les-pagines-web<\/a><br \/>\n\u00b7 Safari,\u00a0<a href=\"http:\/\/support.apple.com\/kb\/ph5042\" target=\"_blank\" rel=\"noopener\">http:\/\/support.apple.com\/kb\/ph5042<\/a><\/p>\n<p>Si es desactiven les cookies pot ser que el nostre web no funcioni al complet.<br \/>\nPer inhabilitar l\u2019\u00fas de les cookies publicit\u00e0ries de tercers, els usuaris poden visitar la p\u00e0gina d\u2019inhabilitaci\u00f3 de la Iniciativa publicit\u00e0ria de la xarxa (NAI, Network Advertising Initiative. P\u00e0gina en angl\u00e8s:\u00a0<a href=\"http:\/\/www.networkadvertising.org\/managing\/opt_out.asp\" target=\"_blank\" rel=\"noopener\">http:\/\/www.networkadvertising.org\/managing\/opt_out.asp<\/a>).<\/p>\n<p>[\/vc_column_text][\/vc_column][\/vc_row]<\/p>\n<\/div>","protected":false},"excerpt":{"rendered":"<p>[vc_row][vc_column][vc_column_text woodmart_inline=&#8221;no&#8221; text_larger=&#8221;no&#8221;] Per qu\u00e8 utilitzem cookies i tractam dades de navegaci\u00f3? En aquesta web utlitizem cookies. En cas d\u2019utilitzar<\/p>\n","protected":false},"author":1,"featured_media":0,"parent":0,"menu_order":0,"comment_status":"closed","ping_status":"closed","template":"","meta":{"footnotes":""},"class_list":["post-8295","page","type-page","status-publish","hentry"],"_links":{"self":[{"href":"https:\/\/onesportmallorca.com\/ca\/wp-json\/wp\/v2\/pages\/8295","targetHints":{"allow":["GET"]}}],"collection":[{"href":"https:\/\/onesportmallorca.com\/ca\/wp-json\/wp\/v2\/pages"}],"about":[{"href":"https:\/\/onesportmallorca.com\/ca\/wp-json\/wp\/v2\/types\/page"}],"author":[{"embeddable":true,"href":"https:\/\/onesportmallorca.com\/ca\/wp-json\/wp\/v2\/users\/1"}],"replies":[{"embeddable":true,"href":"https:\/\/onesportmallorca.com\/ca\/wp-json\/wp\/v2\/comments?post=8295"}],"version-history":[{"count":0,"href":"https:\/\/onesportmallorca.com\/ca\/wp-json\/wp\/v2\/pages\/8295\/revisions"}],"wp:attachment":[{"href":"https:\/\/onesportmallorca.com\/ca\/wp-json\/wp\/v2\/media?parent=8295"}],"curies":[{"name":"wp","href":"https:\/\/api.w.org\/{rel}","templated":true}]}}